{"id":3118,"date":"2023-12-01T14:31:15","date_gmt":"2023-12-01T12:31:15","guid":{"rendered":"https:\/\/kivenalla.fi\/tuote\/cachefire-uv-focus-taskulamppu-2\/"},"modified":"2025-12-15T10:22:14","modified_gmt":"2025-12-15T08:22:14","slug":"cachefire-uv-focus-taskulamppu-2","status":"publish","type":"product","link":"https:\/\/kivenalla.fi\/en\/product\/cachefire-uv-focus-taskulamppu-2\/","title":{"rendered":"Cachefire UV Focus"},"content":{"rendered":"<p><span class=\"menutext\">A UV flashlight designed for geocaching, equipped with a 3W LED. This model features an adjustable beam, making it easier to spot UV markings from a distance.<\/p>\n<p><b>Note: Also suitable for curing UV glue.<\/b><\/p>\n<p>\u2022 Size: length 120\u202fmm, diameter 35\u202fmm<br \/>\n\u2022 Weight: appr. 100 g<br \/>\n\u2022 Material: aircraft-grade aluminum<br \/>\n\u2022 Color: black<br \/>\n\u2022 UV-LED: 3 W High Power UV-LED<br \/>\n\u2022 Includes: wrist strap<br \/>\n\u2022 Powered by 3 x AAA batteries (not included)<\/p>\n<p><img decoding=\"async\" alt=\"Keilan s\u00e4\u00e4t\u00f6\" src=\"http:\/\/www.kivenalla.fi\/images\/products\/cf_focus1.jpg\" width=\"480\" \/><br \/>\n<img decoding=\"async\" alt=\"Keilan koko\" src=\"http:\/\/www.kivenalla.fi\/images\/products\/cf_focus2.jpg\" width=\"480\" \/><br \/>\n<img decoding=\"async\" alt=\"3W LED ja optiikka\" src=\"http:\/\/www.kivenalla.fi\/images\/products\/cf_focus3.jpg\" width=\"480\" \/><br \/>\n<img decoding=\"async\" alt=\"Rannehihna\" src=\"http:\/\/www.kivenalla.fi\/images\/products\/cf_focus5.jpg\" width=\"480\" \/><\/span><\/p>","protected":false},"excerpt":{"rendered":"<p><span class=\"menutext\">A UV flashlight designed for geocaching, equipped with a 3W LED. This model features an adjustable beam, making it easier to spot UV markings from a distance.<\/span><\/p>","protected":false},"featured_media":193,"comment_status":"open","ping_status":"closed","template":"","meta":{"_kadence_starter_templates_imported_post":false,"_kad_post_transparent":"","_kad_post_title":"","_kad_post_layout":"","_kad_post_sidebar_id":"","_kad_post_content_style":"","_kad_post_vertical_padding":"","_kad_post_feature":"","_kad_post_feature_position":"","_kad_post_header":false,"_kad_post_footer":false,"_kad_post_classname":""},"product_brand":[],"product_cat":[1653,1566,1550,16],"product_tag":[105,104,106],"class_list":{"0":"post-3118","1":"product","2":"type-product","3":"status-publish","4":"has-post-thumbnail","6":"product_cat-ale10","7":"product_cat-uv-lamput","8":"product_cat-uv-tuotteet","9":"product_cat-yleinen","10":"product_tag-cachefire","11":"product_tag-uv","12":"product_tag-uv-lamppu","14":"first","15":"instock","16":"taxable","17":"shipping-taxable","18":"purchasable","19":"product-type-simple","20":"entry","21":"content-bg","22":"loop-entry"},"_links":{"self":[{"href":"https:\/\/kivenalla.fi\/en\/wp-json\/wp\/v2\/product\/3118","targetHints":{"allow":["GET"]}}],"collection":[{"href":"https:\/\/kivenalla.fi\/en\/wp-json\/wp\/v2\/product"}],"about":[{"href":"https:\/\/kivenalla.fi\/en\/wp-json\/wp\/v2\/types\/product"}],"replies":[{"embeddable":true,"href":"https:\/\/kivenalla.fi\/en\/wp-json\/wp\/v2\/comments?post=3118"}],"wp:featuredmedia":[{"embeddable":true,"href":"https:\/\/kivenalla.fi\/en\/wp-json\/wp\/v2\/media\/193"}],"wp:attachment":[{"href":"https:\/\/kivenalla.fi\/en\/wp-json\/wp\/v2\/media?parent=3118"}],"wp:term":[{"taxonomy":"product_brand","embeddable":true,"href":"https:\/\/kivenalla.fi\/en\/wp-json\/wp\/v2\/product_brand?post=3118"},{"taxonomy":"product_cat","embeddable":true,"href":"https:\/\/kivenalla.fi\/en\/wp-json\/wp\/v2\/product_cat?post=3118"},{"taxonomy":"product_tag","embeddable":true,"href":"https:\/\/kivenalla.fi\/en\/wp-json\/wp\/v2\/product_tag?post=3118"}],"curies":[{"name":"wp","href":"https:\/\/api.w.org\/{rel}","templated":true}]}}