{"id":3157,"date":"2023-12-01T14:31:28","date_gmt":"2023-12-01T12:31:28","guid":{"rendered":"https:\/\/kivenalla.fi\/tuote\/garrett-ace-350\/"},"modified":"2024-07-31T10:10:30","modified_gmt":"2024-07-31T07:10:30","slug":"garrett-ace-350","status":"publish","type":"product","link":"https:\/\/kivenalla.fi\/en\/product\/garrett-ace-350\/","title":{"rendered":"Garrett ACE 350"},"content":{"rendered":"<p><strong>Uusia ominaisuuksia:<\/strong><br \/>\n&nbsp;&#8211; Enhanced Iron Resolution TM mahdollistaa entist\u00e4 tarkemman s\u00e4\u00e4d\u00f6n raudan diskriminoinnille<br \/>\n&nbsp;&#8211; Korkeampi toimintataajuus &#8211; parempi mahdollisuus l\u00f6yt\u00e4\u00e4 pieni\u00e4 konduktiivisia kohteita, kuten kultahippuja<br \/>\n&nbsp;&#8211; Nyt mukana tulee \u00e4\u00e4nens\u00e4\u00e4t\u00f6mahdollisuudella varustetut Garrettin ClearSound Easy Stow -kuulokkeet!<\/p>\n<p><strong>T\u00e4rkeimm\u00e4t ominaisuudet:<\/strong><br \/>\n&nbsp;&#8211; Tehokas 8.5&#8243; x 11&#8243; PROformance DD -kela<br \/>\n&nbsp;&#8211; Enhanced Iron Resolution TM -diskriminointiparannus<br \/>\n&nbsp;&#8211; Korkeampi toimintataajuus<br \/>\n&nbsp;&#8211; \u00c4\u00e4nenvoimakkuuden s\u00e4\u00e4d\u00f6ll\u00e4 varustetut kuulokkeet<br \/>\n&nbsp;&#8211; Elektroninen pinpointtaus<br \/>\n&nbsp;&#8211; Accept\/Reject Discrimination diskriminointiasetusten muuttamiseksi<br \/>\n&nbsp;&#8211; Viisi etsint\u00e4moodia<br \/>\n&nbsp;&#8211; Kohteen syvyyden ilmaisin<br \/>\n&nbsp;&#8211; Paristojen varauksen tilan ilmaisin<\/p>","protected":false},"excerpt":{"rendered":"<p><strong>Uusia ominaisuuksia:<\/strong><br \/>\n&nbsp;&#8211; Enhanced Iron Resolution TM mahdollistaa entist\u00e4 tarkemman s\u00e4\u00e4d\u00f6n raudan diskriminoinnille<br \/>\n&nbsp;&#8211; Korkeampi toimintataajuus &#8211; parempi mahdollisuus l\u00f6yt\u00e4\u00e4 pieni\u00e4 konduktiivisia kohteita, kuten kultahippuja<br \/>\n&nbsp;&#8211; Nyt mukana tulee \u00e4\u00e4nens\u00e4\u00e4t\u00f6mahdollisuudella varustetut Garrettin ClearSound Easy Stow -kuulokkeet!<\/p>","protected":false},"featured_media":3156,"comment_status":"open","ping_status":"closed","template":"","meta":{"_kadence_starter_templates_imported_post":false,"_kad_post_transparent":"","_kad_post_title":"","_kad_post_layout":"","_kad_post_sidebar_id":"","_kad_post_content_style":"","_kad_post_vertical_padding":"","_kad_post_feature":"","_kad_post_feature_position":"","_kad_post_header":false,"_kad_post_footer":false,"_kad_post_classname":""},"product_brand":[],"product_cat":[1555,16],"product_tag":[86,83,85,87,84],"class_list":{"0":"post-3157","1":"product","2":"type-product","3":"status-publish","4":"has-post-thumbnail","6":"product_cat-garrett","7":"product_cat-yleinen","8":"product_tag-ace","9":"product_tag-garrett","10":"product_tag-metallinetsinta","11":"product_tag-piippari","12":"product_tag-xp-deus","14":"first","15":"onbackorder","16":"taxable","17":"shipping-taxable","18":"purchasable","19":"product-type-simple","20":"entry","21":"content-bg","22":"loop-entry"},"_links":{"self":[{"href":"https:\/\/kivenalla.fi\/en\/wp-json\/wp\/v2\/product\/3157","targetHints":{"allow":["GET"]}}],"collection":[{"href":"https:\/\/kivenalla.fi\/en\/wp-json\/wp\/v2\/product"}],"about":[{"href":"https:\/\/kivenalla.fi\/en\/wp-json\/wp\/v2\/types\/product"}],"replies":[{"embeddable":true,"href":"https:\/\/kivenalla.fi\/en\/wp-json\/wp\/v2\/comments?post=3157"}],"wp:featuredmedia":[{"embeddable":true,"href":"https:\/\/kivenalla.fi\/en\/wp-json\/wp\/v2\/media\/3156"}],"wp:attachment":[{"href":"https:\/\/kivenalla.fi\/en\/wp-json\/wp\/v2\/media?parent=3157"}],"wp:term":[{"taxonomy":"product_brand","embeddable":true,"href":"https:\/\/kivenalla.fi\/en\/wp-json\/wp\/v2\/product_brand?post=3157"},{"taxonomy":"product_cat","embeddable":true,"href":"https:\/\/kivenalla.fi\/en\/wp-json\/wp\/v2\/product_cat?post=3157"},{"taxonomy":"product_tag","embeddable":true,"href":"https:\/\/kivenalla.fi\/en\/wp-json\/wp\/v2\/product_tag?post=3157"}],"curies":[{"name":"wp","href":"https:\/\/api.w.org\/{rel}","templated":true}]}}