{"id":3171,"date":"2023-12-01T14:31:34","date_gmt":"2023-12-01T12:31:34","guid":{"rendered":"https:\/\/kivenalla.fi\/tuote\/maastokartan-asennus-garmin-laitteisiin\/"},"modified":"2025-09-26T09:04:57","modified_gmt":"2025-09-26T06:04:57","slug":"maastokartan-asennus-garmin-laitteisiin","status":"publish","type":"product","link":"https:\/\/kivenalla.fi\/en\/product\/maastokartan-asennus-garmin-laitteisiin\/","title":{"rendered":"Maastokartan asennus Garmin-laitteisiin"},"content":{"rendered":"<p><span class=\"menutext\">Asennamme Garmin GPS-paikantimeen Maanmittauslaitoksen ilmaiseen julkaiseen karttadataan perustuvan mtk_suomi-maastokartan valmiiksi. Asennamme kartan GPS:n mallista riippuen joko laitteen sis\u00e4iseen muistiin tai muistikortille. Kartta on uusin versio.<\/span><\/p>\n\n\n\n<p><b>Huom! Asennamme karttaa my\u00f6s pelk\u00e4st\u00e4\u00e4n muistikortille.<\/b> Meilt\u00e4 saa <a href=\"https:\/\/kivenalla.fi\/en\/?s=transcend&amp;post_type=product&amp;dgwt_wcas=1\" data-type=\"linkpicker\">Trascendin<\/a><a href=\"https:\/\/kivenalla.fi\/en\/product\/transcend-300s-microsdhc-16gb-u1-uhs-i-2\/\" data-type=\"linkpicker\"> muistikorttia<\/a><span class=\"menutext\"> tilattua, johon kartta asennetaan. Jos haluat kartan omalle muistikortille, niin muistikortti on toimitettava meille.<\/span><\/p>\n\n\n\n<p><b>Kartta ei toimi Garminin plottereissa.<\/b><\/p>\n\n\n\n<p>Suomen maastokartta (mtk_suomi) on ladattavissa ilmaiseksi osoitteesta: <a href=\"http:\/\/kartat.hylly.org\">kartat.hylly.org<\/a><\/p>","protected":false},"excerpt":{"rendered":"<p><span class=\"menutext\">Asennamme Garmin GPS-paikantimeen Maanmittauslaitoksen ilmaiseen julkaiseen karttadataan perustuvan mtk_suomi-maastokartan valmiiksi. Asennamme kartan GPS:n mallista riippuen joko laitteen sis\u00e4iseen muistiin tai muistikortille. Kartta on uusin versio.<\/span><\/p>","protected":false},"featured_media":3170,"comment_status":"open","ping_status":"closed","template":"","meta":{"_kadence_starter_templates_imported_post":false,"_kad_post_transparent":"","_kad_post_title":"","_kad_post_layout":"","_kad_post_sidebar_id":"","_kad_post_content_style":"","_kad_post_vertical_padding":"","_kad_post_feature":"","_kad_post_feature_position":"","_kad_post_header":false,"_kad_post_footer":false,"_kad_post_classname":""},"product_brand":[],"product_cat":[1561,16],"product_tag":[41,131,135,132,133,134],"class_list":{"0":"post-3171","1":"product","2":"type-product","3":"status-publish","4":"has-post-thumbnail","6":"product_cat-kartat","7":"product_cat-yleinen","8":"product_tag-garmin","9":"product_tag-kartta","10":"product_tag-maastokartta","11":"product_tag-mtk_suomi","12":"product_tag-topo","13":"product_tag-topokartta","15":"first","16":"instock","17":"taxable","18":"shipping-taxable","19":"purchasable","20":"product-type-simple","21":"entry","22":"content-bg","23":"loop-entry"},"_links":{"self":[{"href":"https:\/\/kivenalla.fi\/en\/wp-json\/wp\/v2\/product\/3171","targetHints":{"allow":["GET"]}}],"collection":[{"href":"https:\/\/kivenalla.fi\/en\/wp-json\/wp\/v2\/product"}],"about":[{"href":"https:\/\/kivenalla.fi\/en\/wp-json\/wp\/v2\/types\/product"}],"replies":[{"embeddable":true,"href":"https:\/\/kivenalla.fi\/en\/wp-json\/wp\/v2\/comments?post=3171"}],"wp:featuredmedia":[{"embeddable":true,"href":"https:\/\/kivenalla.fi\/en\/wp-json\/wp\/v2\/media\/3170"}],"wp:attachment":[{"href":"https:\/\/kivenalla.fi\/en\/wp-json\/wp\/v2\/media?parent=3171"}],"wp:term":[{"taxonomy":"product_brand","embeddable":true,"href":"https:\/\/kivenalla.fi\/en\/wp-json\/wp\/v2\/product_brand?post=3171"},{"taxonomy":"product_cat","embeddable":true,"href":"https:\/\/kivenalla.fi\/en\/wp-json\/wp\/v2\/product_cat?post=3171"},{"taxonomy":"product_tag","embeddable":true,"href":"https:\/\/kivenalla.fi\/en\/wp-json\/wp\/v2\/product_tag?post=3171"}],"curies":[{"name":"wp","href":"https:\/\/api.w.org\/{rel}","templated":true}]}}