{"id":3196,"date":"2023-12-01T14:31:44","date_gmt":"2023-12-01T12:31:44","guid":{"rendered":"https:\/\/kivenalla.fi\/tuote\/garrett-at-pro\/"},"modified":"2024-07-31T10:14:19","modified_gmt":"2024-07-31T07:14:19","slug":"garrett-at-pro","status":"publish","type":"product","link":"https:\/\/kivenalla.fi\/en\/product\/garrett-at-pro\/","title":{"rendered":"Garrett AT PRO"},"content":{"rendered":"<p><strong>G<\/strong>arrett AT Pro International on eritt\u00e4in herkka ja tehokas metallinilmaisin, joka on suunniteltu k\u00e4ytett\u00e4v\u00e4ksi erityisesti Euroopan haastavissa ymp\u00e4rist\u00f6iss\u00e4. Laite on vesitiivis, joten laitetta voi k\u00e4ytt\u00e4\u00e4 my\u00f6s veden alla aina kolmeen metriin saakka (AT&nbsp;Pro ei kuitenkaan ole sukeltajan laite). Deluxe Master Sound -kuulokkeet sis\u00e4ltyv\u00e4t toimitukseen.<\/p>\n<p>AT&nbsp;Pro:ta suositellaan <span class=\"product_copy\">kolikonmets\u00e4stykseen, korujenmets\u00e4stykseen, reliikkien mets\u00e4stykseen, k\u00e4tk\u00f6jen mets\u00e4stykseen, Kullanetsint\u00e4\u00e4n, ja Biitsille\/Rantavedess\u00e4 k\u00e4ytett\u00e4v\u00e4ksi<\/span>.<\/p>\n<p>AT Pro sis\u00e4lt\u00e4\u00e4 Garrettin Target ID -tekniikan ja patentoidut discrimintointiominaisuudet. Kahden indikaattoriskaalan avulla voit n\u00e4hd\u00e4<br \/>\nmetallinpaljastimesi kulloisenkin diskriminointiasetuksen (Lower Scale) kuin my\u00f6s Target ID -analyysin jokaisesta kohteesta (Upper Scale).<\/p>\n<p>Lis\u00e4ksi Digital Target ID -asteikko v\u00e4litt\u00e4\u00e4 tarkan tiedon kohteen laadusta.<\/p>\n<p>AT Prossa on my\u00f6s High Resolution Iron -discriminointi (40 pistett\u00e4), jonka avulla voidaan erotella oikeat kohteet rautaromusta sekalaisilla alueilla, useita kehittyneit\u00e4 \u00e4\u00e4nitoimintoja ja standardi 28x22cm elliptinen Double-D etsinp\u00e4\u00e4, joka on suunniteltu optimaalisen suorituskyvyn hankkimiseen Euroopan haasteellisemmilla ja mineralisoituneimilla mailla.<\/p>\n<p>Lis\u00e4ksi AT Pro:ta voidaan k\u00e4ytt\u00e4\u00e4 eritt\u00e4in k\u00e4ytt\u00e4j\u00e4yst\u00e4v\u00e4llisess\u00e4 Standard (STD) -tilassa tai kehittyneempien k\u00e4ytt\u00e4jien Professional (Pro) -tilassa.<\/p>\n<p>Laitteen kehittelyn taustalla on yli 45 vuoden laaja tutkimus ja kehitt\u00e4mistoiminta, niinp\u00e4 sinun Garrett AT Pro metallinilmaisin on pisimm\u00e4ll\u00e4 kehityksess\u00e4 ja ainoa laatuaan t\u00e4ll\u00e4 alalla. Olitpa kokenut- tai harrastelijak\u00e4ytt\u00e4j\u00e4, t\u00e4m\u00e4 kone soveltuu hyvin monenlaisiin ymp\u00e4rist\u00f6ihin. AT Pro:n kehittyneet ominaisuudet on suunniteltu ammattimaiseen aarteenmets\u00e4stykseen mutta sit\u00e4 voi normaalitilassa k\u00e4ytt\u00e4\u00e4 helposti my\u00f6s aloittelija.<\/p>\n<p><strong>Tietoja englanniksi:<\/p>\n<p>Kela:&nbsp;<\/strong>8.5&#8243; x 11&#8243;&nbsp;<strong>PRO<\/strong><em>formance<\/em>\u2122 DD submersible searchcoil<\/p>\n<ul>\n<li>Premium volume-control land headphones (waterproof headphones sold separately)<\/li>\n<li>Audio features allow the user to hear characteristics of a target as they would in a True All-Metal Mode<\/li>\n<li>Use touchpads to set iron discrimination on one of 40 levels for precise ability to separate good targets from trash<\/li>\n<li>Graphic Target AnalyzerTM (GTA) identifies target\u2019s conductivity<\/li>\n<li>Fast Recovery Speed allows greater ability to pick out good targets amongst trash.<\/li>\n<li>Ground Balance<\/li>\n<li>All Terrain Versatility:<\/li>\n<li>&nbsp;Weatherproof housing designed for dust, humid or wet environments<\/li>\n<li>Unit can be submerged to a maximum 10-foot depth.<\/li>\n<li>Iron AudioTM allows the user to hear discriminated iron and to alter the detector\u2019s mid-tone signal\u2019s range.<\/li>\n<li>Digital Target ID from 0 to 99 Target ID scale offers increased ability to distinguish one target\u2019s conductivity from another<\/li>\n<li>15 kHz frequency: improved detection of small targets, gold nuggets, jewellery<\/li>\n<li>Continuous Coin Depth Indicator to determine target depth<\/li>\n<li>Battery Condition Indicator shows battery life continuall<\/li>\n<\/ul>\n<p>&nbsp;<\/p>\n<p class=\"headline\">Key Features<\/p>\n<ul>\n<li><strong>Pro Mode Audio\u2122:<\/strong>&nbsp;Proportional Audio and Tone Roll Audio\u2122 features allow the user to hear characteristics of a target as they would in a True All-Metal Mode.<\/li>\n<li><strong>High-Res Iron Discrimination\u2122:<\/strong>&nbsp;Use touchpads to set iron discrimination in&nbsp;one of 40 levels for precise ability to separate good targets from trash.<\/li>\n<li><strong>Digital Target ID:<\/strong>&nbsp;0 to 99 Target ID scale offers increased ability to distinguish&nbsp;one target&#8217;s conductivity from another.<\/li>\n<li><strong>Iron Audio\u2122:<\/strong>&nbsp;Allows the user to hear discriminated iron and to alter the detector&#8217;s mid-tone signal&#8217;s range&nbsp;<\/li>\n<li><strong>Fast Recovery Speed:<\/strong>&nbsp;Allows greater ability to pick out good targets amongst trash&nbsp;<\/li>\n<li><strong>All Terrain Versatility:<\/strong>&nbsp;Weatherproof housing designed for dusty, humid or wet&nbsp;environments; unit can be submerged to a maximum 10-foot depth.<\/li>\n<li><strong>15 kHz frequency:<\/strong>&nbsp;improved detection of small targets, gold nuggets, jewelry&nbsp;<\/li>\n<li><strong>Ground Balance:<\/strong>&nbsp;automatic and manually adjustable for improved&nbsp;performance<\/li>\n<li><strong>Graphic Target Analyzer\u2122 (GTA):<\/strong>&nbsp;identifies target&#8217;s conductivity<\/li>\n<li><strong>Continuous Coin Depth Indicator:<\/strong>&nbsp;to determine target depth<\/li>\n<li><strong>Battery Condition Indicator:<\/strong>&nbsp;shows battery life continually<\/li>\n<li><strong>Search Modes (Discrimination Patterns): 6 plus electronic pinpointing&nbsp;<\/strong>Select from Custom, Zero or Coins in Standard Mode or in Professional Mode&nbsp;<\/li>\n<li>Pinpoint<\/li>\n<\/ul>\n<p>&nbsp;<\/p>\n<p class=\"headline\">Specifications<\/p>\n<table border=\"0\" cellpadding=\"6\" cellspacing=\"0\" class=\"product_copy_blk\" width=\"+450\">\n<tbody>\n<tr>\n<td align=\"left\" width=\"43%\"><strong>Target ID Cursor Segments<\/strong><\/td>\n<td width=\"4%\">&nbsp;<\/td>\n<td width=\"53%\">12 (notchable)<\/td>\n<\/tr>\n<tr>\n<td bgcolor=\"#cdc48f\"><strong>Iron Discrimination Segments<\/strong><\/td>\n<td bgcolor=\"#cdc48f\">&nbsp;<\/td>\n<td bgcolor=\"#cdc48f\">40<\/td>\n<\/tr>\n<tr>\n<td><strong>Accept\/Reject Discrimination<\/strong><\/td>\n<td>&nbsp;<\/td>\n<td>Yes<\/td>\n<\/tr>\n<tr>\n<td bgcolor=\"#cdc48f\"><strong>Search Modes<\/strong><\/td>\n<td bgcolor=\"#cdc48f\">&nbsp;<\/td>\n<td bgcolor=\"#cdc48f\">6 (3 Standard, 3 Pro modes)<\/td>\n<\/tr>\n<tr>\n<td><strong>Sensitivity\/Depth Adjustments<\/strong><\/td>\n<td>&nbsp;<\/td>\n<td>8<\/td>\n<\/tr>\n<tr>\n<td bgcolor=\"#cdc48f\"><strong>Electronic Pinpointing<\/strong><\/td>\n<td bgcolor=\"#cdc48f\">&nbsp;<\/td>\n<td bgcolor=\"#cdc48f\">Yes<\/td>\n<\/tr>\n<tr>\n<td><strong>Frequency<\/strong><\/td>\n<td>&nbsp;<\/td>\n<td>15 kHz<\/td>\n<\/tr>\n<tr>\n<td bgcolor=\"#cdc48f\"><strong>Audio Tone ID Levels<\/strong><\/td>\n<td bgcolor=\"#cdc48f\">&nbsp;<\/td>\n<td bgcolor=\"#cdc48f\">3<\/td>\n<\/tr>\n<tr>\n<td><strong>Standard Searchcoil<\/strong><\/td>\n<td>&nbsp;<\/td>\n<td>8.5&#8243; x 11&#8243; DD&nbsp;<strong>PRO<\/strong><em>formance<\/em><\/td>\n<\/tr>\n<tr>\n<td bgcolor=\"#cdc48f\"><strong>Length (Adjustable)<\/strong><\/td>\n<td bgcolor=\"#cdc48f\">&nbsp;<\/td>\n<td bgcolor=\"#cdc48f\">1.06m &#8211; 1.29m (42&#8243; to 51&#8243;)<\/td>\n<\/tr>\n<tr>\n<td><strong>Total Weight<\/strong><\/td>\n<td>&nbsp;<\/td>\n<td>1.4 kgs. (3.03 lbs.)<\/td>\n<\/tr>\n<tr>\n<td bgcolor=\"#cdc48f\"><strong>Batteries<\/strong><\/td>\n<td bgcolor=\"#cdc48f\">&nbsp;<\/td>\n<td bgcolor=\"#cdc48f\">4 AA (included)<\/td>\n<\/tr>\n<tr>\n<td><strong>Warranty<\/strong><\/td>\n<td>&nbsp;<\/td>\n<td>2 Year, Limited Parts\/Labora<\/td>\n<\/tr>\n<\/tbody>\n<\/table>\n<p>&nbsp;<\/p>\n<p>&nbsp;Suositellaan&nbsp;<span class=\"product_copy\">&#8211; Kolikonmets\u00e4stykseen, Korujenmets\u00e4stykseen, Reliikkien mets\u00e4stykseen, K\u00e4tk\u00f6jen mets\u00e4stykseen, Kullanetsint\u00e4\u00e4n, ja jopa Biitsille\/Rantavedess\u00e4 k\u00e4ytett\u00e4v\u00e4ksi<\/span><\/p>\n<p>&nbsp;<\/p>","protected":false},"excerpt":{"rendered":"<p><strong>G<\/strong>arrett AT Pro International on eritt\u00e4in herkka ja tehokas metallinilmaisin, joka on suunniteltu k\u00e4ytett\u00e4v\u00e4ksi erityisesti Euroopan haastavissa ymp\u00e4rist\u00f6iss\u00e4. Laite on vesitiivis, joten laitetta voi k\u00e4ytt\u00e4\u00e4 my\u00f6s veden alla aina kolmeen metriin saakka (AT&nbsp;Pro ei kuitenkaan ole sukeltajan laite).<\/p>","protected":false},"featured_media":3195,"comment_status":"open","ping_status":"closed","template":"","meta":{"_kadence_starter_templates_imported_post":false,"_kad_post_transparent":"","_kad_post_title":"","_kad_post_layout":"","_kad_post_sidebar_id":"","_kad_post_content_style":"","_kad_post_vertical_padding":"","_kad_post_feature":"","_kad_post_feature_position":"","_kad_post_header":false,"_kad_post_footer":false,"_kad_post_classname":""},"product_brand":[],"product_cat":[1555,16],"product_tag":[164,165,87],"class_list":{"0":"post-3196","1":"product","2":"type-product","3":"status-publish","4":"has-post-thumbnail","6":"product_cat-garrett","7":"product_cat-yleinen","8":"product_tag-garrett-at-pro","9":"product_tag-metallinpaljastin","10":"product_tag-piippari","12":"first","13":"onbackorder","14":"taxable","15":"shipping-taxable","16":"purchasable","17":"product-type-simple","18":"entry","19":"content-bg","20":"loop-entry"},"_links":{"self":[{"href":"https:\/\/kivenalla.fi\/en\/wp-json\/wp\/v2\/product\/3196","targetHints":{"allow":["GET"]}}],"collection":[{"href":"https:\/\/kivenalla.fi\/en\/wp-json\/wp\/v2\/product"}],"about":[{"href":"https:\/\/kivenalla.fi\/en\/wp-json\/wp\/v2\/types\/product"}],"replies":[{"embeddable":true,"href":"https:\/\/kivenalla.fi\/en\/wp-json\/wp\/v2\/comments?post=3196"}],"wp:featuredmedia":[{"embeddable":true,"href":"https:\/\/kivenalla.fi\/en\/wp-json\/wp\/v2\/media\/3195"}],"wp:attachment":[{"href":"https:\/\/kivenalla.fi\/en\/wp-json\/wp\/v2\/media?parent=3196"}],"wp:term":[{"taxonomy":"product_brand","embeddable":true,"href":"https:\/\/kivenalla.fi\/en\/wp-json\/wp\/v2\/product_brand?post=3196"},{"taxonomy":"product_cat","embeddable":true,"href":"https:\/\/kivenalla.fi\/en\/wp-json\/wp\/v2\/product_cat?post=3196"},{"taxonomy":"product_tag","embeddable":true,"href":"https:\/\/kivenalla.fi\/en\/wp-json\/wp\/v2\/product_tag?post=3196"}],"curies":[{"name":"wp","href":"https:\/\/api.w.org\/{rel}","templated":true}]}}