{"id":3243,"date":"2023-12-01T14:31:59","date_gmt":"2023-12-01T12:31:59","guid":{"rendered":"https:\/\/kivenalla.fi\/tuote\/garmin-yleiskuljetuskotelo-2\/"},"modified":"2024-11-22T14:18:33","modified_gmt":"2024-11-22T12:18:33","slug":"garmin-yleiskuljetuskotelo-2","status":"publish","type":"product","link":"https:\/\/kivenalla.fi\/en\/product\/garmin-yleiskuljetuskotelo-2\/","title":{"rendered":"Garmin yleiskuljetuskotelo"},"content":{"rendered":"<p>Tukevalla kotelolla suojaat laitteesi k\u00e4yt\u00f6n ja s\u00e4ilytyksen aikana. Valmistajan tuotekoodi: 010-10117-03<\/p>","protected":false},"excerpt":{"rendered":"<p>Tukevalla kotelolla suojaat laitteesi k\u00e4yt\u00f6n ja s\u00e4ilytyksen aikana. Valmistajan tuotekoodi: 010-10117-03<\/p>","protected":false},"featured_media":3242,"comment_status":"open","ping_status":"closed","template":"","meta":{"_kadence_starter_templates_imported_post":false,"_kad_post_transparent":"","_kad_post_title":"","_kad_post_layout":"","_kad_post_sidebar_id":"","_kad_post_content_style":"","_kad_post_vertical_padding":"","_kad_post_feature":"","_kad_post_feature_position":"","_kad_post_header":false,"_kad_post_footer":false,"_kad_post_classname":""},"product_brand":[],"product_cat":[1653,1560],"product_tag":[],"class_list":{"0":"post-3243","1":"product","2":"type-product","3":"status-publish","4":"has-post-thumbnail","6":"product_cat-ale10","7":"product_cat-garmin-lisavarusteet","9":"first","10":"instock","11":"taxable","12":"shipping-taxable","13":"purchasable","14":"product-type-simple","15":"entry","16":"content-bg","17":"loop-entry"},"_links":{"self":[{"href":"https:\/\/kivenalla.fi\/en\/wp-json\/wp\/v2\/product\/3243","targetHints":{"allow":["GET"]}}],"collection":[{"href":"https:\/\/kivenalla.fi\/en\/wp-json\/wp\/v2\/product"}],"about":[{"href":"https:\/\/kivenalla.fi\/en\/wp-json\/wp\/v2\/types\/product"}],"replies":[{"embeddable":true,"href":"https:\/\/kivenalla.fi\/en\/wp-json\/wp\/v2\/comments?post=3243"}],"wp:featuredmedia":[{"embeddable":true,"href":"https:\/\/kivenalla.fi\/en\/wp-json\/wp\/v2\/media\/3242"}],"wp:attachment":[{"href":"https:\/\/kivenalla.fi\/en\/wp-json\/wp\/v2\/media?parent=3243"}],"wp:term":[{"taxonomy":"product_brand","embeddable":true,"href":"https:\/\/kivenalla.fi\/en\/wp-json\/wp\/v2\/product_brand?post=3243"},{"taxonomy":"product_cat","embeddable":true,"href":"https:\/\/kivenalla.fi\/en\/wp-json\/wp\/v2\/product_cat?post=3243"},{"taxonomy":"product_tag","embeddable":true,"href":"https:\/\/kivenalla.fi\/en\/wp-json\/wp\/v2\/product_tag?post=3243"}],"curies":[{"name":"wp","href":"https:\/\/api.w.org\/{rel}","templated":true}]}}