{"id":3245,"date":"2023-12-01T14:32:00","date_gmt":"2023-12-01T12:32:00","guid":{"rendered":"https:\/\/kivenalla.fi\/tuote\/montana-6xx-kaideteline\/"},"modified":"2024-11-26T10:08:42","modified_gmt":"2024-11-26T08:08:42","slug":"montana-6xx-kaideteline","status":"publish","type":"product","link":"https:\/\/kivenalla.fi\/en\/product\/montana-6xx-kaideteline\/","title":{"rendered":"Montana 6xx kaideteline"},"content":{"rendered":"<p><span class=\"menutext\">T\u00e4m\u00e4n ohjaustankopidikkeen avulla voit ottaa Montana\u2122-laitteen mukaasi kaikkialle. Napsauta laite &#8211; miten p\u00e4in vain, pysty- tai vaakasuunnassa &#8211; kest\u00e4v\u00e4\u00e4n pidikkeeseen, joka on helppo liitt\u00e4\u00e4 mihin tahansa vakiokokoiseen polkupy\u00f6r\u00e4n ohjaustankoon, ja se on valmis seuraavalle py\u00f6r\u00e4retkelle.<\/p>\n<p>Sarja sis\u00e4lt\u00e4\u00e4 valetun kumityynyn, joka parantaa pidikkeen pitoa ohjaustangolla ja est\u00e4\u00e4 kiertymisen mahdollisen t\u00e4rin\u00e4n yhteydess\u00e4. Sarja sis\u00e4lt\u00e4\u00e4 my\u00f6s asennusv\u00e4lineet ja -ohjeet.<\/p>\n<p>Valmistajan tuotekoodi: 010-11654-07 <\/span><\/p>","protected":false},"excerpt":{"rendered":"<p><span class=\"menutext\">T\u00e4m\u00e4n ohjaustankopidikkeen avulla voit ottaa Montana\u2122-laitteen mukaasi kaikkialle.<\/span><\/p>","protected":false},"featured_media":3244,"comment_status":"open","ping_status":"closed","template":"","meta":{"_kadence_starter_templates_imported_post":false,"_kad_post_transparent":"","_kad_post_title":"","_kad_post_layout":"","_kad_post_sidebar_id":"","_kad_post_content_style":"","_kad_post_vertical_padding":"","_kad_post_feature":"","_kad_post_feature_position":"","_kad_post_header":false,"_kad_post_footer":false,"_kad_post_classname":""},"product_brand":[],"product_cat":[1560,16],"product_tag":[41,46,43],"class_list":{"0":"post-3245","1":"product","2":"type-product","3":"status-publish","4":"has-post-thumbnail","6":"product_cat-garmin-lisavarusteet","7":"product_cat-yleinen","8":"product_tag-garmin","9":"product_tag-gps","10":"product_tag-montana","12":"first","13":"onbackorder","14":"taxable","15":"shipping-taxable","16":"purchasable","17":"product-type-simple","18":"entry","19":"content-bg","20":"loop-entry"},"_links":{"self":[{"href":"https:\/\/kivenalla.fi\/en\/wp-json\/wp\/v2\/product\/3245","targetHints":{"allow":["GET"]}}],"collection":[{"href":"https:\/\/kivenalla.fi\/en\/wp-json\/wp\/v2\/product"}],"about":[{"href":"https:\/\/kivenalla.fi\/en\/wp-json\/wp\/v2\/types\/product"}],"replies":[{"embeddable":true,"href":"https:\/\/kivenalla.fi\/en\/wp-json\/wp\/v2\/comments?post=3245"}],"wp:featuredmedia":[{"embeddable":true,"href":"https:\/\/kivenalla.fi\/en\/wp-json\/wp\/v2\/media\/3244"}],"wp:attachment":[{"href":"https:\/\/kivenalla.fi\/en\/wp-json\/wp\/v2\/media?parent=3245"}],"wp:term":[{"taxonomy":"product_brand","embeddable":true,"href":"https:\/\/kivenalla.fi\/en\/wp-json\/wp\/v2\/product_brand?post=3245"},{"taxonomy":"product_cat","embeddable":true,"href":"https:\/\/kivenalla.fi\/en\/wp-json\/wp\/v2\/product_cat?post=3245"},{"taxonomy":"product_tag","embeddable":true,"href":"https:\/\/kivenalla.fi\/en\/wp-json\/wp\/v2\/product_tag?post=3245"}],"curies":[{"name":"wp","href":"https:\/\/api.w.org\/{rel}","templated":true}]}}