{"id":3286,"date":"2023-12-01T14:32:18","date_gmt":"2023-12-01T12:32:18","guid":{"rendered":"https:\/\/kivenalla.fi\/tuote\/garmin-reppukiinnitys-2\/"},"modified":"2024-07-30T15:56:37","modified_gmt":"2024-07-30T12:56:37","slug":"garmin-reppukiinnitys-2","status":"publish","type":"product","link":"https:\/\/kivenalla.fi\/en\/product\/garmin-reppukiinnitys-2\/","title":{"rendered":"Garmin reppukiinnitys"},"content":{"rendered":"<p><span class=\"menutext\">Kiinnit\u00e4 Garmin GPS-paikantimesi reppusi olkahihnaan, jolloin GPS on aina helposti k\u00e4sill\u00e4. GPS:n takaosaan kiinnitet\u00e4\u00e4n osa, jossa on Velcropinnoite (tarranauha).<\/p>\n<p>GPS ei voi tipahtaa kiinnityksest\u00e4, koska mukana tulee nauha, joka on kiinni GPS:ss\u00e4. Nauhan pituuttaa voi s\u00e4\u00e4t\u00e4\u00e4 5 &#8211; 35 sentin v\u00e4lill\u00e4.<\/p>\n<p>Valmistajan tuotekoodi: 010-11855-00<\/span><\/p>","protected":false},"excerpt":{"rendered":"<p><span class=\"menutext\">Kiinnit\u00e4 Garmin GPS-paikantimesi reppusi olkahihnaan, jolloin GPS on aina helposti k\u00e4sill\u00e4. GPS:n takaosaan kiinnitet\u00e4\u00e4n osa, jossa on Velcropinnoite (tarranauha).<\/span><\/p>","protected":false},"featured_media":3285,"comment_status":"open","ping_status":"closed","template":"","meta":{"_kadence_starter_templates_imported_post":false,"_kad_post_transparent":"","_kad_post_title":"","_kad_post_layout":"","_kad_post_sidebar_id":"","_kad_post_content_style":"","_kad_post_vertical_padding":"","_kad_post_feature":"","_kad_post_feature_position":"","_kad_post_header":false,"_kad_post_footer":false,"_kad_post_classname":""},"product_brand":[],"product_cat":[1560],"product_tag":[41,201,48],"class_list":{"0":"post-3286","1":"product","2":"type-product","3":"status-publish","4":"has-post-thumbnail","6":"product_cat-garmin-lisavarusteet","7":"product_tag-garmin","8":"product_tag-reppu","9":"product_tag-teline","11":"first","12":"onbackorder","13":"taxable","14":"shipping-taxable","15":"purchasable","16":"product-type-simple","17":"entry","18":"content-bg","19":"loop-entry"},"_links":{"self":[{"href":"https:\/\/kivenalla.fi\/en\/wp-json\/wp\/v2\/product\/3286","targetHints":{"allow":["GET"]}}],"collection":[{"href":"https:\/\/kivenalla.fi\/en\/wp-json\/wp\/v2\/product"}],"about":[{"href":"https:\/\/kivenalla.fi\/en\/wp-json\/wp\/v2\/types\/product"}],"replies":[{"embeddable":true,"href":"https:\/\/kivenalla.fi\/en\/wp-json\/wp\/v2\/comments?post=3286"}],"wp:featuredmedia":[{"embeddable":true,"href":"https:\/\/kivenalla.fi\/en\/wp-json\/wp\/v2\/media\/3285"}],"wp:attachment":[{"href":"https:\/\/kivenalla.fi\/en\/wp-json\/wp\/v2\/media?parent=3286"}],"wp:term":[{"taxonomy":"product_brand","embeddable":true,"href":"https:\/\/kivenalla.fi\/en\/wp-json\/wp\/v2\/product_brand?post=3286"},{"taxonomy":"product_cat","embeddable":true,"href":"https:\/\/kivenalla.fi\/en\/wp-json\/wp\/v2\/product_cat?post=3286"},{"taxonomy":"product_tag","embeddable":true,"href":"https:\/\/kivenalla.fi\/en\/wp-json\/wp\/v2\/product_tag?post=3286"}],"curies":[{"name":"wp","href":"https:\/\/api.w.org\/{rel}","templated":true}]}}