{"id":3463,"date":"2023-12-01T14:33:19","date_gmt":"2023-12-01T12:33:19","guid":{"rendered":"https:\/\/kivenalla.fi\/tuote\/fenix-pyorapidike-pikakiinnitys\/"},"modified":"2024-08-01T12:49:43","modified_gmt":"2024-08-01T09:49:43","slug":"fenix-pyorapidike-pikakiinnitys","status":"publish","type":"product","link":"https:\/\/kivenalla.fi\/en\/product\/fenix-pyorapidike-pikakiinnitys\/","title":{"rendered":"Fenix py\u00f6r\u00e4pidike, pikakiinnitys"},"content":{"rendered":"<p><span class=\"menutext\"><b>Pikakiinnitteinen lampunpidike Fenix ALB-10<\/b><\/p>\n<p>Uusi Fenix ALB-10 on uuden sukupolven py\u00f6r\u00e4lampun pikakiinnike. T\u00e4m\u00e4n kiinnittimen suunnittelussa on painotettu yksinkertaista ja nopeaa valaisimen kiinnitt\u00e4mist\u00e4 ja sen liitt\u00e4mist\u00e4 py\u00f6r\u00e4n ohjaustankoon. Valaisin voidaan irroittaa ja kiinnitt\u00e4\u00e4 pidikkeeseen nopeasti yksinkertaisella pikaliukumekanismilla. Valaisin voidaan suunnata vaakasuorassa haluttuun valaisukulmaan 30-asteen s\u00e4\u00e4d\u00f6ll\u00e4. Kiinnittimen kontaktipinnat on suojattu joustavalla ja t\u00e4rin\u00f6it\u00e4 vaimentavalla kumityynyill\u00e4. Kiinnike ja valaisin pysyy erinomaisesti paikallaan rajussakin menossa. Kiinnittimen materiaalit kest\u00e4v\u00e4t erityisen hyvin ik\u00e4\u00e4ntymist\u00e4, korkeita auringon l\u00e4mp\u00f6tiloja, sadetta ja kylmyytt\u00e4. Soveltuu kaikkiin valaisimiin joiden halkaisija on v\u00e4lill\u00e4 18 &#8211; 26 mm ja kaikkiin ohjaustankoihin joiden halkaisija on 22 &#8211; 35 mm.<\/p>\n<p><b>Features<\/b><\/p>\n<p>\u2022 Liukutyyppinen pikakiinnitteinen py\u00f6r\u00e4lampun kiinnike<br \/>\n\u2022 Soveltuu valaisimiin joiden halkaisija on 18 &#8211; 26 mm<br \/>\n\u2022 Soveltuu kaikkiin ohjaustankoihin (halk. 22 &#8211; 35 mm)<br \/>\n\u2022 0 &#8211; 30 -asteen vaakatason s\u00e4\u00e4t\u00f6 &#8211; valaisin voidaan s\u00e4\u00e4t\u00e4\u00e4 haluttuun suuntaan<br \/>\n\u2022 Korkealaatuiset, joustavat kumityynyt toimivat t\u00e4rin\u00e4nvaimentajina, est\u00e4\u00e4 ohjaustangon naarmuuntumista<br \/>\n\u2022 Kaikki materiaali k\u00e4sitelty ik\u00e4\u00e4ntymist\u00e4, korkeita auringonl\u00e4mp\u00f6tiloja, sadetta ja kylmyytt\u00e4 vastaan<\/span><\/p>","protected":false},"excerpt":{"rendered":"<p><span class=\"menutext\"><b>Pikakiinnitteinen lampunpidike Fenix ALB-10<\/b><\/span><\/p>","protected":false},"featured_media":3462,"comment_status":"open","ping_status":"closed","template":"","meta":{"_kadence_starter_templates_imported_post":false,"_kad_post_transparent":"","_kad_post_title":"","_kad_post_layout":"","_kad_post_sidebar_id":"","_kad_post_content_style":"","_kad_post_vertical_padding":"","_kad_post_feature":"","_kad_post_feature_position":"","_kad_post_header":false,"_kad_post_footer":false,"_kad_post_classname":""},"product_brand":[],"product_cat":[1564,16],"product_tag":[32,280,279,281,48],"class_list":{"0":"post-3463","1":"product","2":"type-product","3":"status-publish","4":"has-post-thumbnail","6":"product_cat-fenix","7":"product_cat-yleinen","8":"product_tag-fenix","9":"product_tag-pikakiinnike","10":"product_tag-pyora","11":"product_tag-pyorateline","12":"product_tag-teline","14":"first","15":"onbackorder","16":"taxable","17":"shipping-taxable","18":"purchasable","19":"product-type-simple","20":"entry","21":"content-bg","22":"loop-entry"},"_links":{"self":[{"href":"https:\/\/kivenalla.fi\/en\/wp-json\/wp\/v2\/product\/3463","targetHints":{"allow":["GET"]}}],"collection":[{"href":"https:\/\/kivenalla.fi\/en\/wp-json\/wp\/v2\/product"}],"about":[{"href":"https:\/\/kivenalla.fi\/en\/wp-json\/wp\/v2\/types\/product"}],"replies":[{"embeddable":true,"href":"https:\/\/kivenalla.fi\/en\/wp-json\/wp\/v2\/comments?post=3463"}],"wp:featuredmedia":[{"embeddable":true,"href":"https:\/\/kivenalla.fi\/en\/wp-json\/wp\/v2\/media\/3462"}],"wp:attachment":[{"href":"https:\/\/kivenalla.fi\/en\/wp-json\/wp\/v2\/media?parent=3463"}],"wp:term":[{"taxonomy":"product_brand","embeddable":true,"href":"https:\/\/kivenalla.fi\/en\/wp-json\/wp\/v2\/product_brand?post=3463"},{"taxonomy":"product_cat","embeddable":true,"href":"https:\/\/kivenalla.fi\/en\/wp-json\/wp\/v2\/product_cat?post=3463"},{"taxonomy":"product_tag","embeddable":true,"href":"https:\/\/kivenalla.fi\/en\/wp-json\/wp\/v2\/product_tag?post=3463"}],"curies":[{"name":"wp","href":"https:\/\/api.w.org\/{rel}","templated":true}]}}