{"id":3593,"date":"2023-12-01T14:34:03","date_gmt":"2023-12-01T12:34:03","guid":{"rendered":"https:\/\/kivenalla.fi\/tuote\/pultinpaakatko\/"},"modified":"2025-07-07T10:01:57","modified_gmt":"2025-07-07T07:01:57","slug":"pultinpaakatko","status":"publish","type":"product","link":"https:\/\/kivenalla.fi\/en\/product\/pultinpaakatko\/","title":{"rendered":"Bolt Head Cache"},"content":{"rendered":"<p><span class=\"menutext\">No nyt on kyll\u00e4 juvela k\u00e4tk\u00f6. Pultinp\u00e4\u00e4k\u00e4tk\u00f6 on varustettu magneetilla, joten piilotusmahdollisuudet ovat rajattomat. Mukana tulee my\u00f6s lokipaperirulla &#8221;minigrip-pussissa&#8221;.<\/span><\/p>\n\n\n\n<p>Size: diameter 2.3 cm, height 3.0 cm<\/p>\n\n\n\n<p><\/p>","protected":false},"excerpt":{"rendered":"<p><span class=\"menutext\">No nyt on kyll\u00e4 juvela k\u00e4tk\u00f6. Pultinp\u00e4\u00e4k\u00e4tk\u00f6 on varustettu magneetilla, joten piilotusmahdollisuudet ovat rajattomat. Mukana tulee my\u00f6s lokipaperirulla &#8221;minigrip-pussissa&#8221;.<\/span><\/p>","protected":false},"featured_media":3592,"comment_status":"open","ping_status":"closed","template":"","meta":{"_kadence_starter_templates_imported_post":false,"_kad_post_transparent":"","_kad_post_title":"","_kad_post_layout":"","_kad_post_sidebar_id":"","_kad_post_content_style":"","_kad_post_vertical_padding":"","_kad_post_feature":"","_kad_post_feature_position":"","_kad_post_header":false,"_kad_post_footer":false,"_kad_post_classname":""},"product_brand":[],"product_cat":[1544],"product_tag":[79,335,337,336,334,333],"class_list":{"0":"post-3593","1":"product","2":"type-product","3":"status-publish","4":"has-post-thumbnail","6":"product_cat-erikoiskatkot","7":"product_tag-erikoiskatko","8":"product_tag-mutteri","9":"product_tag-pultinpaa","10":"product_tag-pultinpaakatko","11":"product_tag-pultti","12":"product_tag-pulttikatko","14":"first","15":"instock","16":"taxable","17":"shipping-taxable","18":"purchasable","19":"product-type-simple","20":"entry","21":"content-bg","22":"loop-entry"},"_links":{"self":[{"href":"https:\/\/kivenalla.fi\/en\/wp-json\/wp\/v2\/product\/3593","targetHints":{"allow":["GET"]}}],"collection":[{"href":"https:\/\/kivenalla.fi\/en\/wp-json\/wp\/v2\/product"}],"about":[{"href":"https:\/\/kivenalla.fi\/en\/wp-json\/wp\/v2\/types\/product"}],"replies":[{"embeddable":true,"href":"https:\/\/kivenalla.fi\/en\/wp-json\/wp\/v2\/comments?post=3593"}],"wp:featuredmedia":[{"embeddable":true,"href":"https:\/\/kivenalla.fi\/en\/wp-json\/wp\/v2\/media\/3592"}],"wp:attachment":[{"href":"https:\/\/kivenalla.fi\/en\/wp-json\/wp\/v2\/media?parent=3593"}],"wp:term":[{"taxonomy":"product_brand","embeddable":true,"href":"https:\/\/kivenalla.fi\/en\/wp-json\/wp\/v2\/product_brand?post=3593"},{"taxonomy":"product_cat","embeddable":true,"href":"https:\/\/kivenalla.fi\/en\/wp-json\/wp\/v2\/product_cat?post=3593"},{"taxonomy":"product_tag","embeddable":true,"href":"https:\/\/kivenalla.fi\/en\/wp-json\/wp\/v2\/product_tag?post=3593"}],"curies":[{"name":"wp","href":"https:\/\/api.w.org\/{rel}","templated":true}]}}