{"id":3717,"date":"2023-12-01T14:34:49","date_gmt":"2023-12-01T12:34:49","guid":{"rendered":"https:\/\/kivenalla.fi\/tuote\/keeppower-18650-li-ion-3500mah-akku-2\/"},"modified":"2026-02-20T08:37:07","modified_gmt":"2026-02-20T06:37:07","slug":"keeppower-18650-li-ion-3500mah-akku-2","status":"publish","type":"product","link":"https:\/\/kivenalla.fi\/en\/product\/keeppower-18650-li-ion-3500mah-akku-2\/","title":{"rendered":"KeepPower 18650 Li-ion 3500mAh Battery"},"content":{"rendered":"<p>KeepPower 18650 Li-ion 3500mAh -akku. Perustuu Panasonicin 3500 mAh 18650-akkuun (NCR18650G). Soveltuu k\u00e4ytett\u00e4v\u00e4ksi kaikkien myymiemme Olight ja Fenix -lamppujen kanssa, jotka k\u00e4ytt\u00e4v\u00e4t 18650-akkuja.<\/p>\n<p><b>Huom! Ostaessasi kaksi 18650-akkua saat 18650-kotelon kaupan p\u00e4\u00e4lle.<\/b><\/p>","protected":false},"excerpt":{"rendered":"<p>KeepPower 18650 Li-ion 3500mAh -akku. Perustuu Panasonicin 3500 mAh 18650-akkuun (NCR18650G).<\/p>","protected":false},"featured_media":3716,"comment_status":"open","ping_status":"closed","template":"","meta":{"_kadence_starter_templates_imported_post":false,"_kad_post_transparent":"","_kad_post_title":"","_kad_post_layout":"","_kad_post_sidebar_id":"","_kad_post_content_style":"","_kad_post_vertical_padding":"","_kad_post_feature":"","_kad_post_feature_position":"","_kad_post_header":false,"_kad_post_footer":false,"_kad_post_classname":""},"product_brand":[],"product_cat":[1653,1568,16],"product_tag":[285,39,378,266],"class_list":{"0":"post-3717","1":"product","2":"type-product","3":"status-publish","4":"has-post-thumbnail","6":"product_cat-ale10","7":"product_cat-akut-ja-paristot","8":"product_cat-yleinen","9":"product_tag-285","10":"product_tag-akku","11":"product_tag-keeppower","12":"product_tag-taskulamppu","14":"first","15":"instock","16":"taxable","17":"shipping-taxable","18":"purchasable","19":"product-type-simple","20":"entry","21":"content-bg","22":"loop-entry"},"_links":{"self":[{"href":"https:\/\/kivenalla.fi\/en\/wp-json\/wp\/v2\/product\/3717","targetHints":{"allow":["GET"]}}],"collection":[{"href":"https:\/\/kivenalla.fi\/en\/wp-json\/wp\/v2\/product"}],"about":[{"href":"https:\/\/kivenalla.fi\/en\/wp-json\/wp\/v2\/types\/product"}],"replies":[{"embeddable":true,"href":"https:\/\/kivenalla.fi\/en\/wp-json\/wp\/v2\/comments?post=3717"}],"wp:featuredmedia":[{"embeddable":true,"href":"https:\/\/kivenalla.fi\/en\/wp-json\/wp\/v2\/media\/3716"}],"wp:attachment":[{"href":"https:\/\/kivenalla.fi\/en\/wp-json\/wp\/v2\/media?parent=3717"}],"wp:term":[{"taxonomy":"product_brand","embeddable":true,"href":"https:\/\/kivenalla.fi\/en\/wp-json\/wp\/v2\/product_brand?post=3717"},{"taxonomy":"product_cat","embeddable":true,"href":"https:\/\/kivenalla.fi\/en\/wp-json\/wp\/v2\/product_cat?post=3717"},{"taxonomy":"product_tag","embeddable":true,"href":"https:\/\/kivenalla.fi\/en\/wp-json\/wp\/v2\/product_tag?post=3717"}],"curies":[{"name":"wp","href":"https:\/\/api.w.org\/{rel}","templated":true}]}}