{"id":3829,"date":"2023-12-01T14:35:31","date_gmt":"2023-12-01T12:35:31","guid":{"rendered":"https:\/\/kivenalla.fi\/tuote\/kalevala-geokolikkosetti-re-jps-le\/"},"modified":"2026-02-23T12:37:38","modified_gmt":"2026-02-23T10:37:38","slug":"kalevala-geokolikkosetti-re-jps-le","status":"publish","type":"product","link":"https:\/\/kivenalla.fi\/en\/product\/kalevala-geokolikkosetti-re-jps-le\/","title":{"rendered":"Kalevala Geocoin set (RE &amp; JP\u2019s LE)"},"content":{"rendered":"<p>This set includes two geocoins with the same tracking code. Some of the Kalevala Geocoins were produced with shared codes \u2013 now\u2019s your chance to add one of these special cases to your collection!\n\nThe set includes the standard version of the Kalevala Geocoin and JP\u2019s Limited Edition. As the name suggests, the geocoin is inspired by the Finnish national epic, the Kalevala.\n\nThe front side of the coin will be familiar to many Eeppinen members, as it matches the design used in the exclusive Eeppinen geocoin. The Eeppinen geocoin is not for sale \u2013 it is only given to those who have purchased the Eeppinen membership.<\/p>\n<p>The front of the coin features none other than V\u00e4in\u00e4m\u00f6inen himself, while the reverse side shows the pike from the River of Tuonela. This version has an antique silver finish, with a black-colored border on the front and a red background behind V\u00e4in\u00e4m\u00f6inen.<\/p>\n<p>The geocoin was designed by Jon-Paul Barr.<\/p>","protected":false},"excerpt":{"rendered":"<p>This set includes two geocoins with the same tracking code.<\/p>","protected":false},"featured_media":3828,"comment_status":"open","ping_status":"closed","template":"","meta":{"_kadence_starter_templates_imported_post":false,"_kad_post_transparent":"","_kad_post_title":"","_kad_post_layout":"","_kad_post_sidebar_id":"","_kad_post_content_style":"","_kad_post_vertical_padding":"","_kad_post_feature":"","_kad_post_feature_position":"","_kad_post_header":false,"_kad_post_footer":false,"_kad_post_classname":""},"product_brand":[],"product_cat":[1655,1535,16],"product_tag":[30,418],"class_list":{"0":"post-3829","1":"product","2":"type-product","3":"status-publish","4":"has-post-thumbnail","6":"product_cat-ale30","7":"product_cat-geokolikot","8":"product_cat-yleinen","9":"product_tag-geokolikko","10":"product_tag-kalevala","12":"first","13":"instock","14":"taxable","15":"shipping-taxable","16":"purchasable","17":"product-type-simple","18":"entry","19":"content-bg","20":"loop-entry"},"_links":{"self":[{"href":"https:\/\/kivenalla.fi\/en\/wp-json\/wp\/v2\/product\/3829","targetHints":{"allow":["GET"]}}],"collection":[{"href":"https:\/\/kivenalla.fi\/en\/wp-json\/wp\/v2\/product"}],"about":[{"href":"https:\/\/kivenalla.fi\/en\/wp-json\/wp\/v2\/types\/product"}],"replies":[{"embeddable":true,"href":"https:\/\/kivenalla.fi\/en\/wp-json\/wp\/v2\/comments?post=3829"}],"wp:featuredmedia":[{"embeddable":true,"href":"https:\/\/kivenalla.fi\/en\/wp-json\/wp\/v2\/media\/3828"}],"wp:attachment":[{"href":"https:\/\/kivenalla.fi\/en\/wp-json\/wp\/v2\/media?parent=3829"}],"wp:term":[{"taxonomy":"product_brand","embeddable":true,"href":"https:\/\/kivenalla.fi\/en\/wp-json\/wp\/v2\/product_brand?post=3829"},{"taxonomy":"product_cat","embeddable":true,"href":"https:\/\/kivenalla.fi\/en\/wp-json\/wp\/v2\/product_cat?post=3829"},{"taxonomy":"product_tag","embeddable":true,"href":"https:\/\/kivenalla.fi\/en\/wp-json\/wp\/v2\/product_tag?post=3829"}],"curies":[{"name":"wp","href":"https:\/\/api.w.org\/{rel}","templated":true}]}}