{"id":3994,"date":"2023-12-01T14:36:33","date_gmt":"2023-12-01T12:36:33","guid":{"rendered":"https:\/\/kivenalla.fi\/tuote\/cachebox-forest-s120-2\/"},"modified":"2025-10-27T13:03:37","modified_gmt":"2025-10-27T11:03:37","slug":"cachebox-forest-s120-2","status":"publish","type":"product","link":"https:\/\/kivenalla.fi\/en\/product\/cachebox-forest-s120-2\/","title":{"rendered":"CacheBox Forest S120"},"content":{"rendered":"<p><span class=\"menutext\">CacheBox Forest S120 on valmistettu kovasta muovista ja on v\u00e4rilt\u00e4\u00e4n ruskea. Kannessa on silikonitiiviste, joka varmistaa 100% vedenkest\u00e4vyyden. Kannen sivuilla on nelj\u00e4 &#8221;siipe\u00e4&#8221;, jotka pit\u00e4v\u00e4t kannen tiukasti kiinni. Kiinnitysmekanismi on helppok\u00e4ytt\u00f6inen.<\/p>\n<p>You don\u2019t need to buy a separate cache sticker for the cache, as the lid already has the cache sticker information printed on it.<\/p>\n<p>\u2022 Ulkomitat: halkaisija: 85 mm ja paksuus 40 mm<br \/>\n\u2022 Tilavuus: n. 1,2 dl<br \/>\n\u2022 Color: green<br \/>\n\u2022 Waterproof (silicone seal)<br \/>\n\u2022 Kannessa teksti &#8221;Official Geocache &#8211; Please do not remove. This is part of an official game&#8221; <\/span><\/p>","protected":false},"excerpt":{"rendered":"<p><span class=\"menutext\">CacheBox Forest S120 on valmistettu kovasta muovista ja on v\u00e4rilt\u00e4\u00e4n ruskea. Kannessa on silikonitiiviste, joka varmistaa 100% vedenkest\u00e4vyyden. <\/span><\/p>","protected":false},"featured_media":3993,"comment_status":"open","ping_status":"closed","template":"","meta":{"_kadence_starter_templates_imported_post":false,"_kad_post_transparent":"","_kad_post_title":"","_kad_post_layout":"","_kad_post_sidebar_id":"","_kad_post_content_style":"","_kad_post_vertical_padding":"","_kad_post_feature":"","_kad_post_feature_position":"","_kad_post_header":false,"_kad_post_footer":false,"_kad_post_classname":""},"product_brand":[],"product_cat":[1653,1543,16],"product_tag":[136,109,121],"class_list":{"0":"post-3994","1":"product","2":"type-product","3":"status-publish","4":"has-post-thumbnail","6":"product_cat-ale10","7":"product_cat-katkopurkit","8":"product_cat-yleinen","9":"product_tag-cachebox","10":"product_tag-katkorasia","11":"product_tag-purkki","13":"first","14":"instock","15":"taxable","16":"shipping-taxable","17":"purchasable","18":"product-type-simple","19":"entry","20":"content-bg","21":"loop-entry"},"_links":{"self":[{"href":"https:\/\/kivenalla.fi\/en\/wp-json\/wp\/v2\/product\/3994","targetHints":{"allow":["GET"]}}],"collection":[{"href":"https:\/\/kivenalla.fi\/en\/wp-json\/wp\/v2\/product"}],"about":[{"href":"https:\/\/kivenalla.fi\/en\/wp-json\/wp\/v2\/types\/product"}],"replies":[{"embeddable":true,"href":"https:\/\/kivenalla.fi\/en\/wp-json\/wp\/v2\/comments?post=3994"}],"wp:featuredmedia":[{"embeddable":true,"href":"https:\/\/kivenalla.fi\/en\/wp-json\/wp\/v2\/media\/3993"}],"wp:attachment":[{"href":"https:\/\/kivenalla.fi\/en\/wp-json\/wp\/v2\/media?parent=3994"}],"wp:term":[{"taxonomy":"product_brand","embeddable":true,"href":"https:\/\/kivenalla.fi\/en\/wp-json\/wp\/v2\/product_brand?post=3994"},{"taxonomy":"product_cat","embeddable":true,"href":"https:\/\/kivenalla.fi\/en\/wp-json\/wp\/v2\/product_cat?post=3994"},{"taxonomy":"product_tag","embeddable":true,"href":"https:\/\/kivenalla.fi\/en\/wp-json\/wp\/v2\/product_tag?post=3994"}],"curies":[{"name":"wp","href":"https:\/\/api.w.org\/{rel}","templated":true}]}}