{"id":4141,"date":"2023-12-01T14:37:36","date_gmt":"2023-12-01T12:37:36","guid":{"rendered":"https:\/\/kivenalla.fi\/tuote\/eneloop-pikalaturi-bq-cc55\/"},"modified":"2024-11-22T14:38:49","modified_gmt":"2024-11-22T12:38:49","slug":"eneloop-pikalaturi-bq-cc55","status":"publish","type":"product","link":"https:\/\/kivenalla.fi\/en\/product\/eneloop-pikalaturi-bq-cc55\/","title":{"rendered":"Eneloop Fast Charger (BQ-CC55)"},"content":{"rendered":"<p><span class=\"menutext\">Malli: Eneloop BQ-CC55<\/span><br \/>\n&nbsp;<\/p>\n<p><span class=\"menutext\">Valitse laturi, joko ilman akkuja tai Eneloop AA-akuilla (1900 mAh).<\/span><\/p>\n<p><span class=\"menutext\">Kukapa ei tuntisi tavanomaisten akkujen ongelmia? Toisin kuin paristot, niit\u00e4 voidaan ladata yh\u00e4 uudelleen ja ovathan ne my\u00f6s tehokkaita, mutta my\u00f6s huonoja puolia niiss\u00e4 on paljon. Ne ovat usein tyhji\u00e4 juuri silloin kun niit\u00e4 tarvitaan. Lis\u00e4ksi niit\u00e4 on ladattava useita tunteja ennen kuin niit\u00e4 voi k\u00e4ytt\u00e4\u00e4 ja v\u00e4h\u00e4n virtaa kuluttavissa laitteissa ne tyhjenev\u00e4t nopeasti vaikka laitetta ei k\u00e4ytett\u00e4isik\u00e4\u00e4n.<\/p>\n<p>Sanyo, maailman suurin ladattavien akkujen valmistaja, tekee nyt lopun akkujen huonoista puolista. Sanyon uusi innovaatio on maailman ensimm\u00e4inen akkuparisto: eneloop. Eneloop akkuparistossa yhdistyv\u00e4t modernien nikkeli-metallihybridi akkujen ylivoimainen tekniikka ja perinteisten alkaliparistojen edut.<\/p>\n<p>Eneloop on ensimm\u00e4inen akku, joka on valmiiksi ladattuna myyntipakkauksessa. Asiakas voi ottaa akut heti k\u00e4ytt\u00f6\u00f6n. Eneloop pit\u00e4\u00e4 varauksen pitk\u00e4aikasessakin varastoinnissa, voit siis olla aina varma ett\u00e4 laitteesi ovat aina k\u00e4ytt\u00f6valmiina.<\/span><\/p>\n<p>\n<span class=\"menutext\">eneloopin teho on ylivoimainen my\u00f6s olosuhteissa, joissa paristot lakkaavat t\u00e4ysin toimimasta, kuten kylm\u00e4ss\u00e4 s\u00e4\u00e4ss\u00e4. K\u00e4yt\u00e4tk\u00f6 kameraa, joka toimii tavanomaisilla paristoilla? Eneloop akuilla saat nelj\u00e4 kertaa enemm\u00e4n kuvia yhdell\u00e4 latauksella. Eneloopilla saat jopa yli 500 valokuvaa, normaali alkaliparistolla vain hieman yli 100. Eneloop akun voi ladata jopa 1000 kertaa.<\/p>\n<p>\nMaksimilatausvirrat: 1-2 AA-akkua 1600 mA tai 3-4 AA-akkua 800 mA, 1-2 AAA-akkua 600 mA tai 3-4 AAA-akkua 300 mA<br \/>\nLatausaika: n. 1,5 h max. kahdelle akulle tai 3 h 3-4 akulle<br \/>\nAlyk\u00e4s laturi ei ylilataa akkuja. Akkujen lataus esitet\u00e4\u00e4n kolmella eri v\u00e4rill\u00e4. Jokaisella akulla oma latauspiiri.<\/span><\/p>","protected":false},"excerpt":{"rendered":"<p><span class=\"menutext\">Malli: Eneloop BQ-CC55<\/span><\/p>\n<p>\n&nbsp;<\/p>","protected":false},"featured_media":4140,"comment_status":"open","ping_status":"closed","template":"","meta":{"_kadence_starter_templates_imported_post":false,"_kad_post_transparent":"","_kad_post_title":"","_kad_post_layout":"","_kad_post_sidebar_id":"","_kad_post_content_style":"","_kad_post_vertical_padding":"","_kad_post_feature":"","_kad_post_feature_position":"","_kad_post_header":false,"_kad_post_footer":false,"_kad_post_classname":""},"product_brand":[],"product_cat":[1655,1569],"product_tag":[36,39,37,288,34,38,35],"class_list":{"0":"post-4141","1":"product","2":"type-product","3":"status-publish","4":"has-post-thumbnail","6":"product_cat-ale30","7":"product_cat-laturit","8":"product_tag-aa","9":"product_tag-akku","10":"product_tag-eneloop","11":"product_tag-laturi","12":"product_tag-panasonic","13":"product_tag-patteri","14":"product_tag-sanyo","16":"first","17":"instock","18":"taxable","19":"shipping-taxable","20":"purchasable","21":"product-type-simple","22":"entry","23":"content-bg","24":"loop-entry"},"_links":{"self":[{"href":"https:\/\/kivenalla.fi\/en\/wp-json\/wp\/v2\/product\/4141","targetHints":{"allow":["GET"]}}],"collection":[{"href":"https:\/\/kivenalla.fi\/en\/wp-json\/wp\/v2\/product"}],"about":[{"href":"https:\/\/kivenalla.fi\/en\/wp-json\/wp\/v2\/types\/product"}],"replies":[{"embeddable":true,"href":"https:\/\/kivenalla.fi\/en\/wp-json\/wp\/v2\/comments?post=4141"}],"wp:featuredmedia":[{"embeddable":true,"href":"https:\/\/kivenalla.fi\/en\/wp-json\/wp\/v2\/media\/4140"}],"wp:attachment":[{"href":"https:\/\/kivenalla.fi\/en\/wp-json\/wp\/v2\/media?parent=4141"}],"wp:term":[{"taxonomy":"product_brand","embeddable":true,"href":"https:\/\/kivenalla.fi\/en\/wp-json\/wp\/v2\/product_brand?post=4141"},{"taxonomy":"product_cat","embeddable":true,"href":"https:\/\/kivenalla.fi\/en\/wp-json\/wp\/v2\/product_cat?post=4141"},{"taxonomy":"product_tag","embeddable":true,"href":"https:\/\/kivenalla.fi\/en\/wp-json\/wp\/v2\/product_tag?post=4141"}],"curies":[{"name":"wp","href":"https:\/\/api.w.org\/{rel}","templated":true}]}}