{"id":4243,"date":"2023-12-01T14:38:13","date_gmt":"2023-12-01T12:38:13","guid":{"rendered":"https:\/\/kivenalla.fi\/tuote\/garrett-at-gold-85x11-2\/"},"modified":"2024-07-31T10:15:12","modified_gmt":"2024-07-31T07:15:12","slug":"garrett-at-gold-85x11-2","status":"publish","type":"product","link":"https:\/\/kivenalla.fi\/en\/product\/garrett-at-gold-85x11-2\/","title":{"rendered":"Garrett AT Gold 8,5&#215;11&#8243;"},"content":{"rendered":"<p>Uusi AT Gold metallinpaljastin on suunniteltu l\u00f6yt\u00e4m\u00e4\u00e4n pienenpienetkin kultahippuset kaikista haastavimmassakin ymp\u00e4rist\u00f6iss\u00e4, my\u00f6s matalissa vesiss\u00e4.<\/p>\n<div>\nAt Gold operoi korkeilla taajuuksilla, ja on n\u00e4in optimoitu kullan etsint\u00e4\u00e4n. Laitteesta l\u00f6ytyy todellinen All Metal -moodi. All Metall -moodia suositellaan k\u00e4ytett\u00e4v\u00e4ksi kullan etsinn\u00e4ss\u00e4, koska se mahdollistaa parhaan syvyyden ja herkkyyden. Sen avulla k\u00e4ytt\u00e4j\u00e4 saa my\u00f6s jatkuvan \u00e4\u00e4nipalautteen, jonka perusteella on mahdollista erottaa my\u00f6s hiuksenhienot \u00e4\u00e4net heiver\u00f6isist\u00e4 ja pikkuriikkisist\u00e4 hipuista.<\/div>\n<div>&nbsp;<\/div>\n<div>AT Gold on Motion All Metal -etsin, eli kelan liikuttaminen puolelta toiselle vaaditaan, jotta laite havaitsisi kohteet &#8211; vaikka staattinen kohteiden havainnointi on sekin mahdollista k\u00e4ytt\u00e4en Pinpoint-moodia. At Gold sis\u00e4lt\u00e4\u00e4 k\u00e4sin s\u00e4\u00e4dett\u00e4v\u00e4n ja automaattisen maah\u00e4iri\u00f6n poiston, joiden lis\u00e4ksi erikoisuutena on Ground Balance Window -toiminto, jonka avulla etsimen suorituskyvyn voi optimoida eritt\u00e4in mineralisoituneissa olosuhteissa, jollaisissa kulta yleens\u00e4 l\u00f6ydet\u00e4\u00e4n. AT Gold&nbsp;on lis\u00e4ksi vesitiivis maksimisyyvyyteen joka on 3 metri\u00e4, k\u00e4ytett\u00e4v\u00e4ksi raikkaissa sis\u00e4vesiss\u00e4, j\u00e4rviss\u00e4 ja puroissa.<\/div>\n<div>&nbsp;<\/div>\n<div>Todellisen All Metal -moodin lis\u00e4ksi AT Gold sis\u00e4lt\u00e4\u00e4 kaksi diskriminointimoodia, tehden siit\u00e4 p\u00e4tev\u00e4n laiteten kolikon ja reliikkien etsint\u00e4\u00e4n. Valittavissa on joko DISC 1 tai DISC 2 moodit, joilla k\u00e4ytt\u00e4j\u00e4 saa k\u00e4ytt\u00f6\u00f6ns\u00e4 enemm\u00e4n \u00e4\u00e4nipalautetta kohteista sen lis\u00e4ksi ett\u00e4 moodeilla voidaan poistaa ei-toivotut kohteet kuten naulat, folio, ja pullonkorkit.<\/div>\n<div>&nbsp;<\/div>\n<div>Ominaisuudet listattuna:<\/div>\n<div>&nbsp;<\/div>\n<div>ALL-METAL MODE<\/div>\n<div>Todellinen All-Metal -moodi tarjoaa todella syv\u00e4n havainnointisyvyyden, sek\u00e4 herkkyyden pienimmillekin hipuille.<\/div>\n<div>&nbsp;<\/div>\n<div>GRAPHIC TARGET ANALYZING<\/div>\n<div>Graafinen kohteen analysointiominaisuus n\u00e4ytt\u00e4\u00e4 samanaikaisesti kohteen s\u00e4hk\u00f6njohtavuuden, ja tietoa diskriminoinnista.&nbsp;<\/div>\n<div>&nbsp;<\/div>\n<div>ALL TERRAIN<\/div>\n<div>Suuniteltu k\u00e4ytett\u00e4v\u00e4ksi m\u00e4riss\u00e4, sumuisissa, ja likaisissa olosuhteissa. S\u00e4\u00e4nkest\u00e4v\u00e4 kotelointi kest\u00e4\u00e4 veden alle laittamisen aina 3 metriin saakka.<\/div>\n<div>&nbsp;<\/div>\n<div>DIGITAL TARGET ID<\/div>\n<div>Digitaalinen kohde -ID analysointi sis\u00e4lt\u00e4\u00e4 numeerisen skaalan 0:sta 99:n saakka, joka kertoo kohteen s\u00e4hk\u00f6njohtavuudesta, joka mahdollistaa yh\u00e4 paremmin erottaa toisistaan.<\/div>\n<div>&nbsp;<\/div>\n<div>HIGH-RESOLUTIONI IRON DISCRIMINATION<\/div>\n<div>Mahdollistaa 40 pyk\u00e4l\u00e4isen raudan diskriminointiominaisuuden, jota ohjataan kosketusn\u00e4yt\u00f6ll\u00e4, jotta yh\u00e4 voidaan paremmin erottaa hyv\u00e4t kohteet hunosta rautaromusta.<\/div>\n<div>&nbsp;<\/div>\n<div>ADJUSTABLE THRESHOLD<\/div>\n<div>S\u00e4\u00e4dett\u00e4v\u00e4 \u00e4\u00e4nen alaraja antaa k\u00e4ytt\u00e4j\u00e4lle mahdollisuuden s\u00e4\u00e4t\u00e4\u00e4 taustamelun tasoa niin ett\u00e4 kohteet voidaan erottaa paremmin taustakohinasta.<\/div>\n<div>&nbsp;<\/div>\n<div>PRO MODE AUDIO<\/div>\n<div>Suhteellinen \u00e4\u00e4nipalaute ja Tone Rol Audio -ominaisuus molemmat lis\u00e4\u00e4v\u00e4t kohteesta saatavan tiedon m\u00e4\u00e4r\u00e4\u00e4.<\/div>\n<div>&nbsp;<\/div>\n<div>IRON AUDIO\u2122<\/div>\n<div>Mahdollistaa k\u00e4ytt\u00e4j\u00e4n kuulla diskriminoidut rautakohteet ja \u00e4\u00e4nen perusteella identifioida hankalat litte\u00e4t rautakappaleet, kuten pullonkorkit ja prikat.<\/div>\n<div>&nbsp;<\/div>\n<div>ALL-METAL IRON AUDIO\u2122<\/div>\n<div>Garrettin ekslusiivinen toiminto, joka mahdollistaa k\u00e4ytt\u00e4j\u00e4n \u00e4\u00e4nen perusteella identifioida rautakohteet vaikka operoidaan All Metal -moodissa.<\/div>\n<div>&nbsp;<\/div>\n<div>GROUND BALANCE (MANUAL)<\/div>\n<div>Manuaalinen maah\u00e4iri\u00f6n poisto mahdollistaa k\u00e4ytt\u00e4j\u00e4n k\u00e4sin s\u00e4\u00e4t\u00e4\u00e4 etsimen maah\u00e4iri\u00f6npoiston tason, v\u00e4hent\u00e4\u00e4kseen maan mineraalisuuden vaikutusta h\u00e4iri\u00f6signaalien muodossa.<\/div>\n<div>&nbsp;<\/div>\n<div>GROUND BALANCE WINDOW\u2122<\/div>\n<div>Niin ik\u00e4\u00e4n Garrettin ekslusiivinen ominaisuus, joka mahdollistaa k\u00e4ytt\u00e4j\u00e4n &#8221;laajentaa&#8221; maah\u00e4iri\u00f6asetuksia, jotta hiuksenhienot maan h\u00e4iri\u00f6n tasot eiv\u00e4t vaikeuta etsint\u00e4\u00e4.<\/div>\n<div>&nbsp;<\/div>\n<div>\n<div>\n<div>Speksit:<\/p>\n<p class=\"headline\" style=\"font-family: Arial,Helvetica,sans-serif; font-size: 14px; color: rgb(102, 51, 0); text-decoration: none; font-weight: bold;\">&nbsp;<\/p>\n<table border=\"0\" cellpadding=\"6\" cellspacing=\"0\" class=\"product_copy_blk\" style=\"color: rgb(0, 0, 0); text-decoration: none; padding: 0px; font-family: Arial,Helvetica,sans-serif; font-size: 12px;\" width=\"+450\">\n<tbody>\n<tr>\n<td align=\"left\" width=\"43%\"><strong>Target ID Cursor Segments<\/strong><\/td>\n<td width=\"4%\">&nbsp;<\/td>\n<td width=\"53%\">20<\/td>\n<\/tr>\n<tr>\n<td bgcolor=\"#cdc48f\"><strong>Iron Discrimination Segments<\/strong><\/td>\n<td bgcolor=\"#cdc48f\">&nbsp;<\/td>\n<td bgcolor=\"#cdc48f\">40<\/td>\n<\/tr>\n<tr>\n<td><strong>Search Modes<\/strong><\/td>\n<td>&nbsp;<\/td>\n<td>3<\/td>\n<\/tr>\n<tr>\n<td bgcolor=\"#cdc48f\"><strong>Sensitivity\/Depth Adjustments<\/strong><\/td>\n<td bgcolor=\"#cdc48f\">&nbsp;<\/td>\n<td bgcolor=\"#cdc48f\">8<\/td>\n<\/tr>\n<tr>\n<td><strong>Electronic Pinpointing<\/strong><\/td>\n<td>&nbsp;<\/td>\n<td>Yes<\/td>\n<\/tr>\n<tr>\n<td bgcolor=\"#cdc48f\"><strong>Frequency<\/strong><\/td>\n<td bgcolor=\"#cdc48f\">&nbsp;<\/td>\n<td bgcolor=\"#cdc48f\">18 kHz<\/td>\n<\/tr>\n<tr>\n<td><strong>Audio Tone ID Levels<\/strong><\/td>\n<td>&nbsp;<\/td>\n<td>3<\/td>\n<\/tr>\n<tr>\n<td bgcolor=\"#cdc48f\"><strong>Standard Searchcoil<\/strong><\/td>\n<td bgcolor=\"#cdc48f\">&nbsp;<\/td>\n<td bgcolor=\"#cdc48f\">8,5&#8243; x11&#8243; DD&nbsp;<strong>PRO<\/strong><em>formance<\/em><\/td>\n<\/tr>\n<tr>\n<td><strong>Length (Adjustable)<\/strong><\/td>\n<td>&nbsp;<\/td>\n<td>42&#8243; to 51&#8243; (1.06m &#8211; 1.29m)<\/td>\n<\/tr>\n<tr>\n<td bgcolor=\"#cdc48f\"><strong>Total Weight<\/strong><\/td>\n<td bgcolor=\"#cdc48f\">&nbsp;<\/td>\n<td bgcolor=\"#cdc48f\">3.03 lbs. (1.4 kgs.)<\/td>\n<\/tr>\n<tr>\n<td><strong>Batteries<\/strong><\/td>\n<td>&nbsp;<\/td>\n<td>4 AA (included)<\/td>\n<\/tr>\n<tr>\n<td bgcolor=\"#cdc48f\"><strong>Warranty<\/strong><\/td>\n<td bgcolor=\"#cdc48f\">&nbsp;<\/td>\n<td bgcolor=\"#cdc48f\">2 Year, Limited Parts\/Labor<\/td>\n<\/tr>\n<\/tbody>\n<\/table>\n<p style=\"font-family: 'Times New Roman'; font-size: medium;\">&nbsp;<\/p>\n<\/div>\n<div>Pakkaukseen kuuluu:<\/div>\n<div>&#8211; 8,5&#215;11&#8243; PROformance\u2122 Double-D Vedenalainen Kela&nbsp;<\/div>\n<div>&#8211; Garrett MasterSound\u2122 headphones<\/div>\n<\/div>\n<\/div>\n<div>&nbsp;<\/div>\n<div>FAST TRACK\u2122 GROUND BALANCE<\/div>\n<div>Automaattinen toiminto, joka mahdollistaa k\u00e4ytt\u00e4j\u00e4n nopeasti s\u00e4\u00e4t\u00e4\u00e4 maah\u00e4iri\u00f6npoiston tason mineralisoituneeseen maaper\u00e4\u00e4n sopivaksi.<\/div>\n<div>&nbsp;<\/div>\n<div>ELECTRONIC PINPOINTING<\/div>\n<div>T\u00e4t\u00e4 Non-Motion, eli ei liikkeeseen perustuva moodia k\u00e4ytet\u00e4\u00e4n kohteen tarkan paikan m\u00e4\u00e4ritt\u00e4miseksi.<\/div>\n<div>&nbsp;<\/div>\n<div>ONE-TOUCH TREASURE HUNTING<\/div>\n<div>Yhdell\u00e4 napin painalluksella laite l\u00e4htee k\u00e4yntiin, palautuu oletusasetuksiin, joko tehtaan tai k\u00e4ytt\u00e4j\u00e4n tekemiin, ja laite on valmiina etsint\u00e4\u00e4n.<\/div>","protected":false},"excerpt":{"rendered":"<p>Uusi AT Gold metallinpaljastin on suunniteltu l\u00f6yt\u00e4m\u00e4\u00e4n pienenpienetkin kultahippuset kaikista haastavimmassakin ymp\u00e4rist\u00f6iss\u00e4, my\u00f6s matalissa vesiss\u00e4.<\/p>","protected":false},"featured_media":4242,"comment_status":"open","ping_status":"closed","template":"","meta":{"_kadence_starter_templates_imported_post":false,"_kad_post_transparent":"","_kad_post_title":"","_kad_post_layout":"","_kad_post_sidebar_id":"","_kad_post_content_style":"","_kad_post_vertical_padding":"","_kad_post_feature":"","_kad_post_feature_position":"","_kad_post_header":false,"_kad_post_footer":false,"_kad_post_classname":""},"product_brand":[],"product_cat":[1555,16],"product_tag":[83,521,522,85,87],"class_list":{"0":"post-4243","1":"product","2":"type-product","3":"status-publish","4":"has-post-thumbnail","6":"product_cat-garrett","7":"product_cat-yleinen","8":"product_tag-garrett","9":"product_tag-kulta","10":"product_tag-metalli","11":"product_tag-metallinetsinta","12":"product_tag-piippari","14":"first","15":"onbackorder","16":"taxable","17":"shipping-taxable","18":"purchasable","19":"product-type-simple","20":"entry","21":"content-bg","22":"loop-entry"},"_links":{"self":[{"href":"https:\/\/kivenalla.fi\/en\/wp-json\/wp\/v2\/product\/4243","targetHints":{"allow":["GET"]}}],"collection":[{"href":"https:\/\/kivenalla.fi\/en\/wp-json\/wp\/v2\/product"}],"about":[{"href":"https:\/\/kivenalla.fi\/en\/wp-json\/wp\/v2\/types\/product"}],"replies":[{"embeddable":true,"href":"https:\/\/kivenalla.fi\/en\/wp-json\/wp\/v2\/comments?post=4243"}],"wp:featuredmedia":[{"embeddable":true,"href":"https:\/\/kivenalla.fi\/en\/wp-json\/wp\/v2\/media\/4242"}],"wp:attachment":[{"href":"https:\/\/kivenalla.fi\/en\/wp-json\/wp\/v2\/media?parent=4243"}],"wp:term":[{"taxonomy":"product_brand","embeddable":true,"href":"https:\/\/kivenalla.fi\/en\/wp-json\/wp\/v2\/product_brand?post=4243"},{"taxonomy":"product_cat","embeddable":true,"href":"https:\/\/kivenalla.fi\/en\/wp-json\/wp\/v2\/product_cat?post=4243"},{"taxonomy":"product_tag","embeddable":true,"href":"https:\/\/kivenalla.fi\/en\/wp-json\/wp\/v2\/product_tag?post=4243"}],"curies":[{"name":"wp","href":"https:\/\/api.w.org\/{rel}","templated":true}]}}