{"id":4245,"date":"2023-12-01T14:38:15","date_gmt":"2023-12-01T12:38:15","guid":{"rendered":"https:\/\/kivenalla.fi\/tuote\/garrett-ace-200i-2\/"},"modified":"2024-07-31T10:07:45","modified_gmt":"2024-07-31T07:07:45","slug":"garrett-ace-200i-2","status":"publish","type":"product","link":"https:\/\/kivenalla.fi\/en\/product\/garrett-ace-200i-2\/","title":{"rendered":"Garrett ACE 200i"},"content":{"rendered":"<p>Helppok\u00e4ytt\u00f6isell\u00e4 ja kehittyneell\u00e4 Garrett Ace 200i -metallinpaljastimella l\u00f6yd\u00e4t kaikki metallit helposti ja nopeasti. Suuri ja monipuolinen digitaalinen LCD-n\u00e4ytt\u00f6, joka kertoo mm. esineen laadun ja syvyyden. Mukana nyt Target ID, joka kertoo kohteen id-arvon numerona n\u00e4yt\u00f6ll\u00e4.<\/p>\n<p>\nVoidaan helposti s\u00e4\u00e4t\u00e4\u00e4 hakemaan vain niit\u00e4 esineit\u00e4 mit\u00e4 haet ja t\u00e4ten ei tarvitse jokaista korkkia kaivaa esiin. 4-portainen herkkyydens\u00e4\u00e4t\u00f6.<br \/>\nKolmiportainen syvyydenmittaus (5, 10 ja 15cm).<\/p>\n<p>\nSopii hyvin my\u00f6s esim. naulojen etsimiseen tukeista. Toimitetaan 6,5&#215;9&#8243; etsinkelalla. Takuu 2 vuotta.<\/p>","protected":false},"excerpt":{"rendered":"<p>Helppok\u00e4ytt\u00f6isell\u00e4 ja kehittyneell\u00e4 Garrett Ace 200i -metallinpaljastimella l\u00f6yd\u00e4t kaikki metallit helposti ja nopeasti.<\/p>","protected":false},"featured_media":4244,"comment_status":"open","ping_status":"closed","template":"","meta":{"_kadence_starter_templates_imported_post":false,"_kad_post_transparent":"","_kad_post_title":"","_kad_post_layout":"","_kad_post_sidebar_id":"","_kad_post_content_style":"","_kad_post_vertical_padding":"","_kad_post_feature":"","_kad_post_feature_position":"","_kad_post_header":false,"_kad_post_footer":false,"_kad_post_classname":""},"product_brand":[],"product_cat":[1555,16],"product_tag":[83,521,522,85,87],"class_list":{"0":"post-4245","1":"product","2":"type-product","3":"status-publish","4":"has-post-thumbnail","6":"product_cat-garrett","7":"product_cat-yleinen","8":"product_tag-garrett","9":"product_tag-kulta","10":"product_tag-metalli","11":"product_tag-metallinetsinta","12":"product_tag-piippari","14":"first","15":"onbackorder","16":"taxable","17":"shipping-taxable","18":"purchasable","19":"product-type-simple","20":"entry","21":"content-bg","22":"loop-entry"},"_links":{"self":[{"href":"https:\/\/kivenalla.fi\/en\/wp-json\/wp\/v2\/product\/4245","targetHints":{"allow":["GET"]}}],"collection":[{"href":"https:\/\/kivenalla.fi\/en\/wp-json\/wp\/v2\/product"}],"about":[{"href":"https:\/\/kivenalla.fi\/en\/wp-json\/wp\/v2\/types\/product"}],"replies":[{"embeddable":true,"href":"https:\/\/kivenalla.fi\/en\/wp-json\/wp\/v2\/comments?post=4245"}],"wp:featuredmedia":[{"embeddable":true,"href":"https:\/\/kivenalla.fi\/en\/wp-json\/wp\/v2\/media\/4244"}],"wp:attachment":[{"href":"https:\/\/kivenalla.fi\/en\/wp-json\/wp\/v2\/media?parent=4245"}],"wp:term":[{"taxonomy":"product_brand","embeddable":true,"href":"https:\/\/kivenalla.fi\/en\/wp-json\/wp\/v2\/product_brand?post=4245"},{"taxonomy":"product_cat","embeddable":true,"href":"https:\/\/kivenalla.fi\/en\/wp-json\/wp\/v2\/product_cat?post=4245"},{"taxonomy":"product_tag","embeddable":true,"href":"https:\/\/kivenalla.fi\/en\/wp-json\/wp\/v2\/product_tag?post=4245"}],"curies":[{"name":"wp","href":"https:\/\/api.w.org\/{rel}","templated":true}]}}