{"id":4257,"date":"2023-12-01T14:38:20","date_gmt":"2023-12-01T12:38:20","guid":{"rendered":"https:\/\/kivenalla.fi\/tuote\/garrett-camo-diggers-pouch-minilaukku-2\/"},"modified":"2025-11-01T19:45:34","modified_gmt":"2025-11-01T17:45:34","slug":"garrett-camo-diggers-pouch-minilaukku-2","status":"publish","type":"product","link":"https:\/\/kivenalla.fi\/en\/product\/garrett-camo-diggers-pouch-minilaukku-2\/","title":{"rendered":"Garrett Camo Digger&#8217;s Pouch -minilaukku"},"content":{"rendered":"<p>Garrett Camo Digger&#8217;s Pouch -minilaukun avulla Pro-Pointterisi pysyy k\u00e4tev\u00e4sti mukana ja saat kuljetettua l\u00f6yt\u00f6si k\u00e4tev\u00e4sti laukun suojassa.<\/p>","protected":false},"excerpt":{"rendered":"<p>Garrett Camo Digger&#8217;s Pouch -minilaukun avulla Pro-Pointterisi pysyy ojennuksessa &#8211; ja l\u00f6yd\u00f6t sujahtavat k\u00e4tev\u00e4sti laukkuun suojaan.<\/p>","protected":false},"featured_media":4256,"comment_status":"open","ping_status":"closed","template":"","meta":{"_kadence_starter_templates_imported_post":false,"_kad_post_transparent":"","_kad_post_title":"","_kad_post_layout":"","_kad_post_sidebar_id":"","_kad_post_content_style":"","_kad_post_vertical_padding":"","_kad_post_feature":"","_kad_post_feature_position":"","_kad_post_header":false,"_kad_post_footer":false,"_kad_post_classname":""},"product_brand":[],"product_cat":[1653,1555,16],"product_tag":[83,85,526],"class_list":{"0":"post-4257","1":"product","2":"type-product","3":"status-publish","4":"has-post-thumbnail","6":"product_cat-ale10","7":"product_cat-garrett","8":"product_cat-yleinen","9":"product_tag-garrett","10":"product_tag-metallinetsinta","11":"product_tag-pussukka","13":"first","14":"instock","15":"taxable","16":"shipping-taxable","17":"purchasable","18":"product-type-simple","19":"entry","20":"content-bg","21":"loop-entry"},"_links":{"self":[{"href":"https:\/\/kivenalla.fi\/en\/wp-json\/wp\/v2\/product\/4257","targetHints":{"allow":["GET"]}}],"collection":[{"href":"https:\/\/kivenalla.fi\/en\/wp-json\/wp\/v2\/product"}],"about":[{"href":"https:\/\/kivenalla.fi\/en\/wp-json\/wp\/v2\/types\/product"}],"replies":[{"embeddable":true,"href":"https:\/\/kivenalla.fi\/en\/wp-json\/wp\/v2\/comments?post=4257"}],"wp:featuredmedia":[{"embeddable":true,"href":"https:\/\/kivenalla.fi\/en\/wp-json\/wp\/v2\/media\/4256"}],"wp:attachment":[{"href":"https:\/\/kivenalla.fi\/en\/wp-json\/wp\/v2\/media?parent=4257"}],"wp:term":[{"taxonomy":"product_brand","embeddable":true,"href":"https:\/\/kivenalla.fi\/en\/wp-json\/wp\/v2\/product_brand?post=4257"},{"taxonomy":"product_cat","embeddable":true,"href":"https:\/\/kivenalla.fi\/en\/wp-json\/wp\/v2\/product_cat?post=4257"},{"taxonomy":"product_tag","embeddable":true,"href":"https:\/\/kivenalla.fi\/en\/wp-json\/wp\/v2\/product_tag?post=4257"}],"curies":[{"name":"wp","href":"https:\/\/api.w.org\/{rel}","templated":true}]}}