{"id":4267,"date":"2023-12-01T14:38:26","date_gmt":"2023-12-01T12:38:26","guid":{"rendered":"https:\/\/kivenalla.fi\/tuote\/xp-mi-6-pinpointer-2\/"},"modified":"2024-07-31T10:06:28","modified_gmt":"2024-07-31T07:06:28","slug":"xp-mi-6-pinpointer-2","status":"publish","type":"product","link":"https:\/\/kivenalla.fi\/en\/product\/xp-mi-6-pinpointer-2\/","title":{"rendered":"XP MI-6 Pinpointer"},"content":{"rendered":"<h1>XP:n uusi MI-6 -pinpointteri on t\u00e4\u00e4ll\u00e4!<\/h1>\n<p>Tuotteen saatavuus: Tilaustuote, toimitusaika yleens\u00e4 3-7 p\u00e4iv\u00e4\u00e4<\/p>","protected":false},"excerpt":{"rendered":"<h1>XP:n uusi MI-6 -pinpointteri on t\u00e4\u00e4ll\u00e4!<\/h1>\n<p>Tuotteen saatavuus: Tilaustuote, toimitusaika yleens\u00e4 3-7 p\u00e4iv\u00e4\u00e4<\/p>","protected":false},"featured_media":4266,"comment_status":"open","ping_status":"closed","template":"","meta":{"_kadence_starter_templates_imported_post":false,"_kad_post_transparent":"","_kad_post_title":"","_kad_post_layout":"","_kad_post_sidebar_id":"","_kad_post_content_style":"","_kad_post_vertical_padding":"","_kad_post_feature":"","_kad_post_feature_position":"","_kad_post_header":false,"_kad_post_footer":false,"_kad_post_classname":""},"product_brand":[],"product_cat":[1556],"product_tag":[528,521,522,85,529,87,530,527],"class_list":{"0":"post-4267","1":"product","2":"type-product","3":"status-publish","4":"has-post-thumbnail","6":"product_cat-xp","7":"product_tag-deus","8":"product_tag-kulta","9":"product_tag-metalli","10":"product_tag-metallinetsinta","11":"product_tag-mi6","12":"product_tag-piippari","13":"product_tag-pinpointter","14":"product_tag-xp","16":"first","17":"onbackorder","18":"taxable","19":"shipping-taxable","20":"purchasable","21":"product-type-simple","22":"entry","23":"content-bg","24":"loop-entry"},"_links":{"self":[{"href":"https:\/\/kivenalla.fi\/en\/wp-json\/wp\/v2\/product\/4267","targetHints":{"allow":["GET"]}}],"collection":[{"href":"https:\/\/kivenalla.fi\/en\/wp-json\/wp\/v2\/product"}],"about":[{"href":"https:\/\/kivenalla.fi\/en\/wp-json\/wp\/v2\/types\/product"}],"replies":[{"embeddable":true,"href":"https:\/\/kivenalla.fi\/en\/wp-json\/wp\/v2\/comments?post=4267"}],"wp:featuredmedia":[{"embeddable":true,"href":"https:\/\/kivenalla.fi\/en\/wp-json\/wp\/v2\/media\/4266"}],"wp:attachment":[{"href":"https:\/\/kivenalla.fi\/en\/wp-json\/wp\/v2\/media?parent=4267"}],"wp:term":[{"taxonomy":"product_brand","embeddable":true,"href":"https:\/\/kivenalla.fi\/en\/wp-json\/wp\/v2\/product_brand?post=4267"},{"taxonomy":"product_cat","embeddable":true,"href":"https:\/\/kivenalla.fi\/en\/wp-json\/wp\/v2\/product_cat?post=4267"},{"taxonomy":"product_tag","embeddable":true,"href":"https:\/\/kivenalla.fi\/en\/wp-json\/wp\/v2\/product_tag?post=4267"}],"curies":[{"name":"wp","href":"https:\/\/api.w.org\/{rel}","templated":true}]}}