{"id":4299,"date":"2023-12-01T14:38:42","date_gmt":"2023-12-01T12:38:42","guid":{"rendered":"https:\/\/kivenalla.fi\/tuote\/lokivihko-9-x-5-cm-2\/"},"modified":"2025-07-07T11:59:04","modified_gmt":"2025-07-07T08:59:04","slug":"lokivihko-9-x-5-cm-2","status":"publish","type":"product","link":"https:\/\/kivenalla.fi\/en\/product\/lokivihko-9-x-5-cm-2\/","title":{"rendered":"Logbook (9 x 5 cm)"},"content":{"rendered":"<p><span class=\"menutext\">Lokivihkossa on 24 sivua, joissa ei viivoitusta. Kannessa lukee &#8221;Official geocache&#8221; sek\u00e4 paikat k\u00e4tk\u00f6n nimelle, GC-koodille sek\u00e4 k\u00e4tk\u00f6n omistajan nimimerkille. Takakannessa lukee englanniksi geok\u00e4tk\u00f6ilyst\u00e4.<\/p>\n<p>The logbook size is 9 x 5 cm.<\/span><\/p>","protected":false},"excerpt":{"rendered":"<p><span class=\"menutext\">The logbook contains 24 unlined pages.<\/span><\/p>","protected":false},"featured_media":4298,"comment_status":"open","ping_status":"closed","template":"","meta":{"_kadence_starter_templates_imported_post":false,"_kad_post_transparent":"","_kad_post_title":"","_kad_post_layout":"","_kad_post_sidebar_id":"","_kad_post_content_style":"","_kad_post_vertical_padding":"","_kad_post_feature":"","_kad_post_feature_position":"","_kad_post_header":false,"_kad_post_footer":false,"_kad_post_classname":""},"product_brand":[],"product_cat":[1653,1545,16],"product_tag":[81,80],"class_list":{"0":"post-4299","1":"product","2":"type-product","3":"status-publish","4":"has-post-thumbnail","6":"product_cat-ale10","7":"product_cat-lokikirjat","8":"product_cat-yleinen","9":"product_tag-lokikirja","10":"product_tag-lokivihko","12":"first","13":"instock","14":"taxable","15":"shipping-taxable","16":"purchasable","17":"product-type-simple","18":"entry","19":"content-bg","20":"loop-entry"},"_links":{"self":[{"href":"https:\/\/kivenalla.fi\/en\/wp-json\/wp\/v2\/product\/4299","targetHints":{"allow":["GET"]}}],"collection":[{"href":"https:\/\/kivenalla.fi\/en\/wp-json\/wp\/v2\/product"}],"about":[{"href":"https:\/\/kivenalla.fi\/en\/wp-json\/wp\/v2\/types\/product"}],"replies":[{"embeddable":true,"href":"https:\/\/kivenalla.fi\/en\/wp-json\/wp\/v2\/comments?post=4299"}],"wp:featuredmedia":[{"embeddable":true,"href":"https:\/\/kivenalla.fi\/en\/wp-json\/wp\/v2\/media\/4298"}],"wp:attachment":[{"href":"https:\/\/kivenalla.fi\/en\/wp-json\/wp\/v2\/media?parent=4299"}],"wp:term":[{"taxonomy":"product_brand","embeddable":true,"href":"https:\/\/kivenalla.fi\/en\/wp-json\/wp\/v2\/product_brand?post=4299"},{"taxonomy":"product_cat","embeddable":true,"href":"https:\/\/kivenalla.fi\/en\/wp-json\/wp\/v2\/product_cat?post=4299"},{"taxonomy":"product_tag","embeddable":true,"href":"https:\/\/kivenalla.fi\/en\/wp-json\/wp\/v2\/product_tag?post=4299"}],"curies":[{"name":"wp","href":"https:\/\/api.w.org\/{rel}","templated":true}]}}