{"id":4409,"date":"2023-12-01T14:39:26","date_gmt":"2023-12-01T12:39:26","guid":{"rendered":"https:\/\/kivenalla.fi\/tuote\/travel-bug-magneetti-autoon-ver-2-2\/"},"modified":"2026-03-17T13:01:35","modified_gmt":"2026-03-17T11:01:35","slug":"travel-bug-magneetti-autoon-ver-2-2","status":"publish","type":"product","link":"https:\/\/kivenalla.fi\/en\/product\/travel-bug-magneetti-autoon-ver-2-2\/","title":{"rendered":"Travel Bug Magnet to Car"},"content":{"rendered":"<h1><span class=\"menutext\"><b>Uusi malli!<\/b><\/span><\/h1>\n<p>\n<span class=\"menutext\">Travel bug -magneetti kiinnittyy autoosi tiukasti eik\u00e4 vahingoita maalipintaa. Magneettilevy irtoaa my\u00f6s helposti, joten voit vaihtaa travel bugin paikkaa k\u00e4tev\u00e4sti.<\/p>\n<p>Travel bug -magneetin koko on noin 17,5 cm x 7,5 cm.<\/p>\n<p>Each Travel Bug has its own page on www.geocaching.com, where you can track its movements using the unique six-character tracking code.<\/span><\/p>","protected":false},"excerpt":{"rendered":"<p><span class=\"menutext\">Travel bug -magneetti kiinnittyy autoosi tiukasti eik\u00e4 vahingoita maalipintaa. Magneettilevy irtoaa my\u00f6s helposti, joten voit vaihtaa travel bugin paikkaa k\u00e4tev\u00e4sti.<\/span><\/p>","protected":false},"featured_media":4408,"comment_status":"open","ping_status":"closed","template":"","meta":{"_kadence_starter_templates_imported_post":false,"_kad_post_transparent":"","_kad_post_title":"","_kad_post_layout":"","_kad_post_sidebar_id":"","_kad_post_content_style":"","_kad_post_vertical_padding":"","_kad_post_feature":"","_kad_post_feature_position":"","_kad_post_header":false,"_kad_post_footer":false,"_kad_post_classname":""},"product_brand":[],"product_cat":[1654,1537],"product_tag":[58,57,89,19,17],"class_list":{"0":"post-4409","1":"product","2":"type-product","3":"status-publish","4":"has-post-thumbnail","6":"product_cat-ale20","7":"product_cat-travel-bugit","8":"product_tag-auto","9":"product_tag-kalvo","10":"product_tag-magneetti","11":"product_tag-tarra","12":"product_tag-travel-bug","14":"first","15":"instock","16":"taxable","17":"shipping-taxable","18":"purchasable","19":"product-type-simple","20":"entry","21":"content-bg","22":"loop-entry"},"_links":{"self":[{"href":"https:\/\/kivenalla.fi\/en\/wp-json\/wp\/v2\/product\/4409","targetHints":{"allow":["GET"]}}],"collection":[{"href":"https:\/\/kivenalla.fi\/en\/wp-json\/wp\/v2\/product"}],"about":[{"href":"https:\/\/kivenalla.fi\/en\/wp-json\/wp\/v2\/types\/product"}],"replies":[{"embeddable":true,"href":"https:\/\/kivenalla.fi\/en\/wp-json\/wp\/v2\/comments?post=4409"}],"wp:featuredmedia":[{"embeddable":true,"href":"https:\/\/kivenalla.fi\/en\/wp-json\/wp\/v2\/media\/4408"}],"wp:attachment":[{"href":"https:\/\/kivenalla.fi\/en\/wp-json\/wp\/v2\/media?parent=4409"}],"wp:term":[{"taxonomy":"product_brand","embeddable":true,"href":"https:\/\/kivenalla.fi\/en\/wp-json\/wp\/v2\/product_brand?post=4409"},{"taxonomy":"product_cat","embeddable":true,"href":"https:\/\/kivenalla.fi\/en\/wp-json\/wp\/v2\/product_cat?post=4409"},{"taxonomy":"product_tag","embeddable":true,"href":"https:\/\/kivenalla.fi\/en\/wp-json\/wp\/v2\/product_tag?post=4409"}],"curies":[{"name":"wp","href":"https:\/\/api.w.org\/{rel}","templated":true}]}}