{"id":4468,"date":"2023-12-01T14:39:47","date_gmt":"2023-12-01T12:39:47","guid":{"rendered":"https:\/\/kivenalla.fi\/tuote\/fenix-usb-ladattava-arb-l14-1600u-14500-li-ion-akkuparisto-2\/"},"modified":"2024-07-30T15:50:39","modified_gmt":"2024-07-30T12:50:39","slug":"fenix-usb-ladattava-arb-l14-1600u-14500-li-ion-akkuparisto-2","status":"publish","type":"product","link":"https:\/\/kivenalla.fi\/en\/product\/fenix-usb-ladattava-arb-l14-1600u-14500-li-ion-akkuparisto-2\/","title":{"rendered":"Fenix ARB-L14-1600U USB-Rechargeable 14500 Li-ion Battery"},"content":{"rendered":"<div id=\"div-container\">\n<div id=\"div-col-a\">\n<h2 class=\"productsubtitle\">USB-ladattava 14500 Li-ion akkuparisto ARB-L14-1600U<\/h2>\n<p class=\"productdesc\">HUIPPU-UUTUUS! Fenix ARB-L14-1600U on mikro-USB latauksella varustettu korkeakapasiteettinen 14500 tyypin Li-ion akku. T\u00e4ll\u00e4 akulla voit helposti korvata tavalliset AA-paristot tehokkaalla Li-ion mikro-USB ladattavalla akulla! Fenixin Li-ion akut ovat markkinoiden turvallisimpia ja niiss\u00e4 onkin nelinkertainen suojausmekanismit ja se on suojattu ylilataantumiselta, ylipurkautumiselta sek\u00e4 mahdollista oikosulkuva vastaan. Akussa on ter\u00e4ssylinterivaippa joka suojaa akkua tehokkaasti ulkopuolisten iskujen aiheuttamilta paristovaurioilta.<\/p>\n<p>T\u00e4ss\u00e4 Fenix ARB-L14-1600U Li-ion akussa ei esiinny ns. haitallista varauksen muisti-ilmi\u00f6t\u00e4 joten lataaminen on huoletonta. Akussa on eritt\u00e4in alhainen varaustilan itsepurkaumisaste vaikka sit\u00e4 s\u00e4ilytett\u00e4isiin k\u00e4ytt\u00e4m\u00e4tt\u00f6m\u00e4n\u00e4 pitki\u00e4kin aikoja. Fenix ARB-L14-1600U on er\u00e4s markkinoiden nykyaikaisemmista ja turvallisimmista Li-ion ladattavista akuista.<\/p>\n<\/div>\n<div id=\"div-col-b\">\n<h2 class=\"productsubtitle\">Ominaisuus<\/h2>\n<ul class=\"productfeatures\">\n<li>Tyyppi: 14500<\/li>\n<li>Nimillisj\u00e4nnite: 1,5 V<\/li>\n<li>Kapasiteetti: 1600 mAh<\/li>\n<li>Latausvirta: 300 mA (USB-portti)<\/li>\n<li>Soveltuu taskulamppuihin, otsalamppuihin, py\u00f6r\u00e4lamppuihin, retkilyhtyihin jossa k\u00e4ytet\u00e4\u00e4n AA-sormiparistoja<\/li>\n<li>Latauksen merkkivalot akun anodi-p\u00e4\u00e4ss\u00e4 (+) osoittavat selke\u00e4sti pariston latauksen etenemisen (punainen = latautuu, vihre\u00e4 = k\u00e4ytt\u00f6valmis)<\/li>\n<li><span style=\"color:red;\"><strong>Lataus mikro-USB kaapelilla. Ei saa ladata laturilla!<\/strong><\/span><\/li>\n<li>Moninkertainen akkupariston suojaus (ylilataussuojaus, ylipurkautumissuojaus, oikosulkusuojaus, ylikuumenemissuojaus)<\/li>\n<li>Ter\u00e4ksinen suojarakenne suojaa akkua tehokkaasti mahdollisten iskujen aiheuttamilta oikosuluilta ja muilta vaaroilta<\/li>\n<li>Koko: 14,5 x 50 mm<\/li>\n<li>Paino: 19 g<\/li>\n<li>Takuu: 12 kk<\/li>\n<li>Mikro-USB johto hankittava erikseen<\/li>\n<li>Pakkaus: 1 kpl blisteripakkaus<\/li>\n<\/ul>\n<\/div>\n<\/div>","protected":false},"excerpt":{"rendered":"<div id=\"div-container\">\n<div id=\"div-col-a\">\n<h2 class=\"productsubtitle\">USB-ladattava 14500 Li-ion akkuparisto ARB-L14-1600U<\/h2>\n<p class=\"productdesc\">HUIPPU-UUTUUS! Fenix ARB-L14-1600U on mikro-USB latauksella varustettu korkeakapasiteettinen 14500 tyypin Li-ion akku.<\/p>\n<\/div>\n<\/div>","protected":false},"featured_media":4467,"comment_status":"open","ping_status":"closed","template":"","meta":{"_kadence_starter_templates_imported_post":false,"_kad_post_transparent":"","_kad_post_title":"","_kad_post_layout":"","_kad_post_sidebar_id":"","_kad_post_content_style":"","_kad_post_vertical_padding":"","_kad_post_feature":"","_kad_post_feature_position":"","_kad_post_header":false,"_kad_post_footer":false,"_kad_post_classname":""},"product_brand":[],"product_cat":[1568],"product_tag":[214,39,32,213,38,545],"class_list":{"0":"post-4468","1":"product","2":"type-product","3":"status-publish","4":"has-post-thumbnail","6":"product_cat-akut-ja-paristot","7":"product_tag-214","8":"product_tag-akku","9":"product_tag-fenix","10":"product_tag-ladattava","11":"product_tag-patteri","12":"product_tag-usb","14":"first","15":"onbackorder","16":"taxable","17":"shipping-taxable","18":"purchasable","19":"product-type-simple","20":"entry","21":"content-bg","22":"loop-entry"},"_links":{"self":[{"href":"https:\/\/kivenalla.fi\/en\/wp-json\/wp\/v2\/product\/4468","targetHints":{"allow":["GET"]}}],"collection":[{"href":"https:\/\/kivenalla.fi\/en\/wp-json\/wp\/v2\/product"}],"about":[{"href":"https:\/\/kivenalla.fi\/en\/wp-json\/wp\/v2\/types\/product"}],"replies":[{"embeddable":true,"href":"https:\/\/kivenalla.fi\/en\/wp-json\/wp\/v2\/comments?post=4468"}],"wp:featuredmedia":[{"embeddable":true,"href":"https:\/\/kivenalla.fi\/en\/wp-json\/wp\/v2\/media\/4467"}],"wp:attachment":[{"href":"https:\/\/kivenalla.fi\/en\/wp-json\/wp\/v2\/media?parent=4468"}],"wp:term":[{"taxonomy":"product_brand","embeddable":true,"href":"https:\/\/kivenalla.fi\/en\/wp-json\/wp\/v2\/product_brand?post=4468"},{"taxonomy":"product_cat","embeddable":true,"href":"https:\/\/kivenalla.fi\/en\/wp-json\/wp\/v2\/product_cat?post=4468"},{"taxonomy":"product_tag","embeddable":true,"href":"https:\/\/kivenalla.fi\/en\/wp-json\/wp\/v2\/product_tag?post=4468"}],"curies":[{"name":"wp","href":"https:\/\/api.w.org\/{rel}","templated":true}]}}