{"id":4470,"date":"2023-12-01T14:39:48","date_gmt":"2023-12-01T12:39:48","guid":{"rendered":"https:\/\/kivenalla.fi\/tuote\/fenix-usb-ladattava-16340-li-ion-akkuparisto\/"},"modified":"2024-11-22T14:20:52","modified_gmt":"2024-11-22T12:20:52","slug":"fenix-usb-ladattava-16340-li-ion-akkuparisto","status":"publish","type":"product","link":"https:\/\/kivenalla.fi\/en\/product\/fenix-usb-ladattava-16340-li-ion-akkuparisto\/","title":{"rendered":"Fenix USB-Rechargeable 16340 Li-ion Battery"},"content":{"rendered":"<div id=\"div-container\">\n<div id=\"div-col-a\">\n<h2 class=\"productsubtitle\">USB-ladattava 16340 Li-ion akkuparisto ARB-L16-700U<\/h2>\n<p class=\"productdesc\">HUIPPU-UUTUUS! Fenix ARB-L16-700U on mikro-USB latauksella varustettu korkeakapasiteettinen 16340 tyypin Li-ion akku. Et en\u00e4\u00e4 tarvitse latureita sill\u00e4 voit ladata t\u00e4m\u00e4n pariston edullisesti suoraan mikro-USB johdolla ilman latureita! Mikro-USB latausportin lis\u00e4ksi t\u00e4m\u00e4 akku voidaan ladata my\u00f6s laturilla. Fenixin Li-ion akut ovat markkinoiden turvallisimpia ja niiss\u00e4 onkin nelinkertainen suojausmekanismit ja se on suojattu ylilataantumiselta, ylipurkautumiselta sek\u00e4 mahdollista oikosulkuva vastaan. Akussa on ter\u00e4ssylinterivaippa joka suojaa akkua tehokkaasti ulkopuolisten iskujen aiheuttamilta paristovaurioilta.<\/p>\n<p>T\u00e4ss\u00e4 Fenix ARB-L16-700U Li-ion akussa ei esiinny ns. haitallista varauksen muisti-ilmi\u00f6t\u00e4 joten lataaminen on huoletonta. Akussa on eritt\u00e4in alhainen varaustilan itsepurkaumisaste vaikka sit\u00e4 s\u00e4ilytett\u00e4isiin k\u00e4ytt\u00e4m\u00e4tt\u00f6m\u00e4n\u00e4 pitki\u00e4kin aikoja. Fenix ARB-L16-700U on er\u00e4s markkinoiden nykyaikaisemmista ja turvallisimmista korkeakapasiteettisista Li-ion ladattavista akuista.<\/p><\/div>\n<div id=\"div-col-b\">\n<h2 class=\"productsubtitle\">Ominaisuus<\/h2>\n<ul class=\"productfeatures\">\n<li>Tyyppi: 16340<\/li>\n<li>Nimillisj\u00e4nnite: 3,6 V<\/li>\n<li>Kapasiteetti: 700 mAh<\/li>\n<li>Latausvirta: 1A (laturi), 0,3 A (USB-portti)<\/li>\n<li>Soveltuu taskulamppuihin, otsalamppuihin, py\u00f6r\u00e4lamppuihin, retkilyhtyihin jossa k\u00e4ytet\u00e4\u00e4n 16340 paristoa<\/li>\n<li>Latauksen merkkivalot akun anodi-p\u00e4\u00e4ss\u00e4 (+) osoittavat selke\u00e4sti pariston latauksen etenemisen (punainen = latautuu, vihre\u00e4 = k\u00e4ytt\u00f6valmis)<\/li>\n<li>Latausvaihtoehdot: mikro-USB latauskaapeli, laturi<\/li>\n<li>Moninkertainen akkupariston suojaus (ylilataussuojaus, ylipurkautumissuojaus, oikosulkusuojaus, ylikuumenemissuojaus)<\/li>\n<li>Ter\u00e4ksinen suojarakenne suojaa akkua tehokkaasti mahdollisten iskujen aiheuttamilta oikosuluilta ja muilta vaaroilta<\/li>\n<li>Koko: 18,6 x 35,5 mm<\/li>\n<li>Takuu: 12 kk<\/li>\n<li>Laturisuositus: Fenix ARE-X1+, ARE-C1+, ARE-C2+, ARE-X2<\/li>\n<li>Mikro-USB johto hankittava erikseen<\/li>\n<li>Pakkaus: 1 kpl blisteripakkaus<\/li>\n<\/ul>\n<\/div>\n<\/div>","protected":false},"excerpt":{"rendered":"<p>HUIPPU-UUTUUS! Fenix ARB-L16-700U on mikro-USB latauksella varustettu korkeakapasiteettinen 16340 tyypin Li-ion akku. Et en\u00e4\u00e4 tarvitse latureita sill\u00e4 voit ladata t\u00e4m\u00e4n pariston edullisesti suoraan mikro-USB johdolla ilman latureita!<\/p>","protected":false},"featured_media":4469,"comment_status":"open","ping_status":"closed","template":"","meta":{"_kadence_starter_templates_imported_post":false,"_kad_post_transparent":"","_kad_post_title":"","_kad_post_layout":"","_kad_post_sidebar_id":"","_kad_post_content_style":"","_kad_post_vertical_padding":"","_kad_post_feature":"","_kad_post_feature_position":"","_kad_post_header":false,"_kad_post_footer":false,"_kad_post_classname":""},"product_brand":[],"product_cat":[1653,1568,16],"product_tag":[377,32,64,38,545],"class_list":{"0":"post-4470","1":"product","2":"type-product","3":"status-publish","4":"has-post-thumbnail","6":"product_cat-ale10","7":"product_cat-akut-ja-paristot","8":"product_cat-yleinen","9":"product_tag-377","10":"product_tag-fenix","11":"product_tag-lataus","12":"product_tag-patteri","13":"product_tag-usb","15":"first","16":"instock","17":"taxable","18":"shipping-taxable","19":"purchasable","20":"product-type-simple","21":"entry","22":"content-bg","23":"loop-entry"},"_links":{"self":[{"href":"https:\/\/kivenalla.fi\/en\/wp-json\/wp\/v2\/product\/4470","targetHints":{"allow":["GET"]}}],"collection":[{"href":"https:\/\/kivenalla.fi\/en\/wp-json\/wp\/v2\/product"}],"about":[{"href":"https:\/\/kivenalla.fi\/en\/wp-json\/wp\/v2\/types\/product"}],"replies":[{"embeddable":true,"href":"https:\/\/kivenalla.fi\/en\/wp-json\/wp\/v2\/comments?post=4470"}],"wp:featuredmedia":[{"embeddable":true,"href":"https:\/\/kivenalla.fi\/en\/wp-json\/wp\/v2\/media\/4469"}],"wp:attachment":[{"href":"https:\/\/kivenalla.fi\/en\/wp-json\/wp\/v2\/media?parent=4470"}],"wp:term":[{"taxonomy":"product_brand","embeddable":true,"href":"https:\/\/kivenalla.fi\/en\/wp-json\/wp\/v2\/product_brand?post=4470"},{"taxonomy":"product_cat","embeddable":true,"href":"https:\/\/kivenalla.fi\/en\/wp-json\/wp\/v2\/product_cat?post=4470"},{"taxonomy":"product_tag","embeddable":true,"href":"https:\/\/kivenalla.fi\/en\/wp-json\/wp\/v2\/product_tag?post=4470"}],"curies":[{"name":"wp","href":"https:\/\/api.w.org\/{rel}","templated":true}]}}