{"id":4495,"date":"2023-12-01T14:39:59","date_gmt":"2023-12-01T12:39:59","guid":{"rendered":"https:\/\/kivenalla.fi\/tuote\/lumonite-compass-r-usb-2\/"},"modified":"2024-08-23T09:26:00","modified_gmt":"2024-08-23T06:26:00","slug":"lumonite-compass-r-usb-2","status":"publish","type":"product","link":"https:\/\/kivenalla.fi\/en\/product\/lumonite-compass-r-usb-2\/","title":{"rendered":"LUMONITE Compass"},"content":{"rendered":"<p>Valolaboratoriomittauksessa uskomattomat 1367 todellista lumenia saavuttanut LUMONITE\u24c7 Compass korvaa aikaisemman Compass R -version. LUMONITE\u24c7 Compassin ensimm\u00e4inen versio voitti ruotsalaisen Testfakta.se-vertailusivuston otsalampputestin, ja juurikin t\u00e4m\u00e4n testin ylivoimaisesta voitosta alkoi Lumoniten voittokulku, jonka aikana testivoittoja on kertynyt useita eik\u00e4 suosion p\u00e4\u00e4ttymist\u00e4 ole n\u00e4kyviss\u00e4! Nyt myynniss\u00e4 oleva Compass on testivoittajasta jatkokehitetty seitsem\u00e4s versio, joka kiilaa kaikilla ominaisuuksillaan kirkkaasti otsalamppujen k\u00e4rkipaikalle. Syy suosiolle on helppo ymm\u00e4rt\u00e4\u00e4: uskomaton suorituskyky yhdistettyn\u00e4 helppo- ja monik\u00e4ytt\u00f6isyyteen.<\/p>\n\n\n\n<p><br><strong>Ominaisuudet p\u00e4hkin\u00e4nkuoressa<\/strong><\/p>\n\n\n\n<ul class=\"wp-block-list\">\n<li>&nbsp;&nbsp;&nbsp; Huikea 1367 lm laboratoriomitattu maksimivaloteho<\/li>\n\n\n\n<li>&nbsp;&nbsp;&nbsp; Todella laaja valokeila t\u00e4ytel\u00e4isell\u00e4 hajavalolla, 110 metrin kantama<\/li>\n\n\n\n<li>&nbsp;&nbsp;&nbsp; Paloaika yli 8 tuntia ty\u00f6skentelyyn optimaalisella tehotilalla (240 lm)<\/li>\n\n\n\n<li>&nbsp;&nbsp;&nbsp; Silm\u00e4lle miellytt\u00e4v\u00e4, v\u00e4rit hyvin toistava 5000K v\u00e4ril\u00e4mp\u00f6tila<\/li>\n\n\n\n<li>&nbsp;&nbsp;&nbsp; Yhdysvaltain puolustusministeri\u00f6n MIL-STD-standardin mukaisesti \u00e4\u00e4rimm\u00e4isi\u00e4 olosuhteita kest\u00e4v\u00e4<\/li>\n\n\n\n<li>&nbsp;&nbsp;&nbsp; Suunniteltu Suomessa pohjoisen \u00e4\u00e4rimm\u00e4isiin olosuhteisiin<\/li>\n\n\n\n<li>&nbsp;&nbsp;&nbsp; Konstailematon rakenne. Ei s\u00e4rkyvi\u00e4 niveli\u00e4 tai murtuvia johtoja<\/li>\n\n\n\n<li>&nbsp;&nbsp;&nbsp; T\u00e4ydellisesti p\u00f6ly- ja vesitiivis rakenne IP69-luokituksen mukaisesti<\/li>\n\n\n\n<li>&nbsp;&nbsp;&nbsp; Uudistettu, pehme\u00e4mpi ja mukavampi otsapanta<\/li>\n\n\n\n<li>&nbsp;&nbsp;&nbsp; Lataus joko magneettisella USB-laturilla tai 1-4 valon telakalla<\/li>\n\n\n\n<li>&nbsp;&nbsp;&nbsp; 133% aiempaa nopeampi lataus: tyhj\u00e4st\u00e4 t\u00e4yteen n. 3 h<\/li>\n\n\n\n<li>&nbsp;&nbsp;&nbsp; Voidaan k\u00e4ytt\u00e4\u00e4 my\u00f6s kyp\u00e4r\u00e4valaisimena, py\u00f6r\u00e4nvalaisimena tai taskuvalaisimena<\/li>\n<\/ul>\n\n\n\n<h3 class=\"wp-block-heading\">Suunniteltu Suomessa!<\/h3>\n\n\n\n<p>&#8221;LUMONITE-tuotteille ja lis\u00e4varusteille on my\u00f6nnetty Design from Finland -merkki ensimm\u00e4isen\u00e4 tasku- ja otsalamppumerkkin\u00e4 maailmassa. Suomessa pohjoisen \u00e4\u00e4rimm\u00e4isiin olosuhteisiin suunnitellut valaisimet ja tarvikkeet edustavat maailman ehdotonta k\u00e4rke\u00e4 kannettavien valonl\u00e4hteiden ja otsavalojen saralla.&#8221; &#8211; Lis\u00e4tietoja<\/p>\n\n\n\n<h3 class=\"wp-block-heading\">MIL-STD-810H -sertifioitu<\/h3>\n\n\n\n<p>LUMONITE Compass -monitoimivalaisin on testattu MIL-STD -standardin mukaisesti \u00e4\u00e4rimm\u00e4isi\u00e4 olosuhteita vastaan. Testi on Yhdysvaltain puolustusministeri\u00f6n julkaisema kokonaisuus ja standardi, joka k\u00e4sitt\u00e4\u00e4 rasitustestit niin kosteutta, iskuja kuin l\u00e4mm\u00f6nvaihteluitakin vastaan. Compass v.7 l\u00e4p\u00e4isi sertifikaatin vaatimat testit kirkkaasti. Lis\u00e4tietoja testeist\u00e4 ja testausraportit l\u00f6yd\u00e4t alta.<\/p>\n\n\n\n<ul class=\"wp-block-list\">\n<li>&nbsp;&nbsp;&nbsp;&nbsp;&nbsp;&nbsp;&nbsp; Kosteudenkesto: MIL-STD-mukainen (<a href=\"https:\/\/cdn.handshake.fi\/files\/2022-10-11\/compass_v7_toptester_mil_std_humidity_report1665467818.pdf\">testausdokumentti t\u00e4\u00e4ll\u00e4<\/a>)<\/li>\n\n\n\n<li>&nbsp;&nbsp;&nbsp;&nbsp;&nbsp;&nbsp;&nbsp; Iskunkesto: MIL-STD-mukainen (<a href=\"https:\/\/cdn.handshake.fi\/files\/2022-10-11\/compass_v7_toptester_mil_std_shock_raport1665467796.pdf\">testausdokumentti t\u00e4\u00e4ll\u00e4<\/a>)<\/li>\n\n\n\n<li>&nbsp;&nbsp;&nbsp;&nbsp;&nbsp;&nbsp;&nbsp; L\u00e4mp\u00f6tilan vaihtelun kesto: MIL-STD-mukainen (<a href=\"https:\/\/cdn.handshake.fi\/files\/2022-10-11\/compass_v7_toptester_mil_std_temperature_shock_reporr1665467893.pdf\">testausdokumentti t\u00e4\u00e4ll\u00e4<\/a>)<\/li>\n<\/ul>\n\n\n\n<p><strong>LUMONITE\u24c7 Compass on Suomessa, l\u00e4ht\u00f6kohtaisesti suomalaisten ammattik\u00e4ytt\u00e4jien ja ulkonaliikkujien tarpeisiin suunniteltu monitoimivalaisin. Sen kevyt, mutta \u00e4\u00e4rimm\u00e4isen kest\u00e4v\u00e4 yksiosainen alumiinirunko ei sis\u00e4ll\u00e4 mit\u00e4\u00e4n liikkuvia &#8211; siis rikkoutuvia &#8211; osia. Valaisin on t\u00e4ysin p\u00f6lyn-, veden- sek\u00e4 iskunkest\u00e4v\u00e4, ja yksinkertainen rakenne ja konstailematon tekniikka yhdistettyn\u00e4 markkinoiden parhaaseen suorituskykyyn tekev\u00e4t Compassista eritt\u00e4in toimintavarman kaikista haastavimmissakin olosuhteissa.<\/strong><\/p>\n\n\n\n<p>Compass on omannut aina kokoonsa n\u00e4hden huikean valotehon, ja nyt valaisimen maksimivalotehoa on onnistuttu nostamaan entisest\u00e4\u00e4n! Uusin Compass v.7 tuottaa laboratoriossa mitatun 1367 lumenin maksimivalotehon! Lis\u00e4ksi valaisimen v\u00e4ril\u00e4mp\u00f6tila on p\u00e4ivitetty otsalampulle optimaaliseen 5000 kelviniin, joten se toistaa v\u00e4rit ja muodot luonnollisesti eik\u00e4 rasita silmi\u00e4 pitk\u00e4jaksoisessakaan k\u00e4yt\u00f6ss\u00e4. Compass v.7 on nyt siis entist\u00e4 miellytt\u00e4v\u00e4mpi k\u00e4ytt\u00e4\u00e4, ja se valaisee ymp\u00e4rist\u00f6\u00e4 paremmin ja tasaisemmin kuin koskaan. Eik\u00e4 t\u00e4ss\u00e4 viel\u00e4 kaikki! Koska valaisimen voi irrottaa otsapannasta, se toimii lis\u00e4varusteilla my\u00f6s kyp\u00e4r\u00e4valona, py\u00f6r\u00e4nvalona tai k\u00e4sivalaisimena!<\/p>\n\n\n\n<p>Nykyaikaisen USB Touch\u2122-latausmenetelm\u00e4n sek\u00e4 lis\u00e4varusteena saatavan Lumonite Charging Station-lataustelakan ansiosta Compassin lataaminen on helpompaa kuin koskaan, sill\u00e4 akkua ei tarvitse irrottaa lataamisen ajaksi! Valaisimen mukana toimitettava akku on markkinoiden suorituskykyisin, 3500 mAh kapasiteetilla varustettu, turvallinen ja pakkasenkest\u00e4v\u00e4 akku, josta riitt\u00e4\u00e4 virtaa sopivalla ty\u00f6skentelyvoimakkuudella helposti kokonaiseksi ty\u00f6p\u00e4iv\u00e4ksi.<\/p>\n\n\n\n<p>Edelt\u00e4jiens\u00e4 tapaan my\u00f6s uuden Compass-valaisimen toiminnoista on j\u00e4tetty tarpeettomat vilkut ja muut erikoistoiminnot pois. Lampussa on 3 tehotilaa + maksimiteho + eritt\u00e4in matalatehoinen &#8221;moonlight-mode&#8221;, siis kaikki mit\u00e4 tarvitset. Tehotilan vaihtaminen on nopeutetun tehonvaihdon ansiosta entist\u00e4 miellytt\u00e4v\u00e4mp\u00e4\u00e4. Lumonite Compass on kaikilta osin t\u00e4ydellinen valaisin niin vaativaan ammattik\u00e4ytt\u00f6\u00f6n, jossa valaisimelta vaaditaan ehdotonta toimintavarmuutta, helppok\u00e4ytt\u00f6isyytt\u00e4 ja kovaa valotehoa, kuin my\u00f6s vaikkapa p\u00e4ivitt\u00e4iseen harrastusk\u00e4ytt\u00f6\u00f6n. Lampun magneettisen per\u00e4korkin ansiosta valaisin voidaan asettaa kiinni mihin tahansa metallipintaan, jolloin se vapauttaa molemmat k\u00e4det ty\u00f6skentelyyn my\u00f6s ilman otsapantaa.<\/p>\n\n\n\n<p>Valaisimen mukana toimitetaan Lumonite Releasy\u2122 -otsapanta, joka on varustettu nerokkaalla pikakiinnikkeell\u00e4, josta valaisimen irrottaminen ja kiinnitt\u00e4minen takaisin toimii kuin ajatus. N\u00e4in sama lamppu toimii t\u00e4ydellisesti my\u00f6s k\u00e4sivalaisimena, kyp\u00e4r\u00e4valaisimena tai py\u00f6r\u00e4nvalaisimena. Lis\u00e4ksi otsapannan p\u00e4\u00e4n yli menev\u00e4 hihna on irrotettavissa &#8211; sen k\u00e4ytt\u00f6 on vapaaehtoista eik\u00e4 kaikissa tilanteissa lainkaan v\u00e4ltt\u00e4m\u00e4t\u00f6nt\u00e4. Testatusti esimerkiksi lenkkeilyss\u00e4 hihnalle ei ole tarvetta!<\/p>","protected":false},"excerpt":{"rendered":"<p><span style=\"font-size: medium\"><strong>TESTIVOITTAJAN UUSIN VERSIO &#8211; YLI 300 000 KPL MYYTY! Mitattu valoteho 1367 lumenia, pitk\u00e4 k\u00e4ytt\u00f6aika. Pikalataus.<\/strong><\/span><\/p>","protected":false},"featured_media":6473,"comment_status":"open","ping_status":"closed","template":"","meta":{"_kadence_starter_templates_imported_post":false,"_kad_post_transparent":"","_kad_post_title":"","_kad_post_layout":"","_kad_post_sidebar_id":"","_kad_post_content_style":"","_kad_post_vertical_padding":"","_kad_post_feature":"","_kad_post_feature_position":"","_kad_post_header":false,"_kad_post_footer":false,"_kad_post_classname":""},"product_brand":[],"product_cat":[1565],"product_tag":[497,232,495,496,267,1521],"class_list":{"0":"post-4495","1":"product","2":"type-product","3":"status-publish","4":"has-post-thumbnail","6":"product_cat-lumonite","7":"product_tag-compass","8":"product_tag-lamppu","9":"product_tag-lumonite","10":"product_tag-navigator","11":"product_tag-otsalamppu","12":"product_tag-v7","14":"first","15":"onbackorder","16":"taxable","17":"shipping-taxable","18":"purchasable","19":"product-type-simple","20":"entry","21":"content-bg","22":"loop-entry"},"_links":{"self":[{"href":"https:\/\/kivenalla.fi\/en\/wp-json\/wp\/v2\/product\/4495","targetHints":{"allow":["GET"]}}],"collection":[{"href":"https:\/\/kivenalla.fi\/en\/wp-json\/wp\/v2\/product"}],"about":[{"href":"https:\/\/kivenalla.fi\/en\/wp-json\/wp\/v2\/types\/product"}],"replies":[{"embeddable":true,"href":"https:\/\/kivenalla.fi\/en\/wp-json\/wp\/v2\/comments?post=4495"}],"wp:featuredmedia":[{"embeddable":true,"href":"https:\/\/kivenalla.fi\/en\/wp-json\/wp\/v2\/media\/6473"}],"wp:attachment":[{"href":"https:\/\/kivenalla.fi\/en\/wp-json\/wp\/v2\/media?parent=4495"}],"wp:term":[{"taxonomy":"product_brand","embeddable":true,"href":"https:\/\/kivenalla.fi\/en\/wp-json\/wp\/v2\/product_brand?post=4495"},{"taxonomy":"product_cat","embeddable":true,"href":"https:\/\/kivenalla.fi\/en\/wp-json\/wp\/v2\/product_cat?post=4495"},{"taxonomy":"product_tag","embeddable":true,"href":"https:\/\/kivenalla.fi\/en\/wp-json\/wp\/v2\/product_tag?post=4495"}],"curies":[{"name":"wp","href":"https:\/\/api.w.org\/{rel}","templated":true}]}}