{"id":4767,"date":"2023-12-01T14:41:52","date_gmt":"2023-12-01T12:41:52","guid":{"rendered":"https:\/\/kivenalla.fi\/tuote\/fenix-bc25r-ladattava-pyoralamppu\/"},"modified":"2025-08-27T13:20:58","modified_gmt":"2025-08-27T10:20:58","slug":"fenix-bc25r-ladattava-pyoralamppu","status":"publish","type":"product","link":"https:\/\/kivenalla.fi\/en\/product\/fenix-bc25r-ladattava-pyoralamppu\/","title":{"rendered":"Fenix BC25R ladattava py\u00f6r\u00e4lamppu"},"content":{"rendered":"<div id=\"div-container\">\n<div id=\"div-col-a\">\n<h2 class=\"productsubtitle\">Fenix BC25R py\u00f6r\u00e4lamppu kaupunkiin, maantielle ja poluille<\/h2>\n<p class=\"productdesc\">UUSI BC25R on nykyaikainen py\u00f6r\u00e4valaisin kaupunkiin, maantielle ja poluille. T\u00e4m\u00e4 verraton py\u00f6r\u00e4valaisin tarjoaa tehokkaan n\u00e4kyvyyden ja erityisen valokuvin jolla pid\u00e4t huolta omasta ja vastaantulijoiden turvallisuudesta py\u00f6r\u00e4ilyn aikana. BC25R:n k\u00e4\u00e4nteentekev\u00e4 CUT-OFF valokuvio valaisee erinomaisesti kaikenlevyiset tiet ja polyt ja takaa, ett\u00e4 et h\u00e4ik\u00e4ise vastaantulijoita. Lamppu on USB-ladattava ja se valaisee hyvin max. 600 lumenin teholla aina 106 metriin saakka.<\/p>\n<p class=\"productdesc\"><strong>Helppok\u00e4ytt\u00f6inen<\/strong><br \/>\nBC25R on helppok\u00e4ytt\u00f6inen sill\u00e4 siin\u00e4 on vain yksi k\u00e4ytt\u00f6kytkin josta s\u00e4\u00e4d\u00e4t valaisimen kirkkautta. J\u00e4ljell\u00e4olevan akun varaustilan n\u00e4et vaivatta lampun p\u00e4\u00e4ll\u00e4 sijaitsevista LED-merkkivaloista. Lamppu ladataan uudelleen nopean mikro USB-liittimen kautta.<\/p>\n<p class=\"productdesc\"><strong>Tehokas ja turvallinen valokuvio<\/strong><br \/>\nFenixin patentoima CUT-OFF facula optiikka varmistaa, ett\u00e4 kaikki valo on tehokkaasti suuntautunut eteenp\u00e4in tielle ja valaisee hyvin hyvin kaikenlevyiset tiet ja polut. Valon s\u00e4vy on neutraalivalkoinen jolla n\u00e4et tehokkaasti tien pinnat ja kaikki ep\u00e4tasaisuudet. Lis\u00e4ksi se kykenee valaisemaan muita tavanomaisia LED-valoja tehokkaammin&nbsp; vesisateessa, sumussa, usvassa ja lumisateessa.<\/p>\n<p>Helppo kiinnitt\u00e4\u00e4 ohjaustankoon, kyp\u00e4r\u00e4\u00e4n tai muuhun py\u00f6r\u00e4ss\u00e4 olevaan kiinnikkeeseen.<\/p>\n<p class=\"productdesc\">BC25R on erinomainen vaihtoehto niin ty\u00f6matkapy\u00f6r\u00e4ilij\u00e4lle kuin aktiivipy\u00f6r\u00e4ilij\u00e4lle jotka arvostavat valaisimen pient\u00e4 kokoa, erinomaista valaisukyky\u00e4 ja USB-ladattavuuden tuomaa k\u00e4yt\u00f6n helppoutta ja pitk\u00e4\u00e4 toiminta-aikaa.<\/p>\n<p class=\"productdesc\">Fenix-tuotemerkki takaa aina huippulaadun, t\u00e4m\u00e4 tuote on IP66 t\u00e4ysin p\u00f6ly- ja roiskevesitiivis. Kaikki Fenix valaisimet on testattu omassa laboratoriossa amerikkaisen ANSI\/FL1 standardin mukaisesti. BC25R py\u00f6r\u00e4lampulla on kahden (2) vuoden Fenix laatutakuu.<\/p>\n<\/div>\n<div id=\"div-col-b\">\n<h2 class=\"productsubtitle\">Features<\/h2>\n<ul class=\"productfeatures\">\n<li>Tasakirkkausotsavalaisin &#8211; kyky s\u00e4ilytt\u00e4\u00e4 valovirta valitulla valoteholla ilman valotehon hiipumista paristojen ehtyess\u00e4<\/li>\n<li>Neutraalivalkoinen LED-polttimoa (Cree XM-L2) &#8211; parantaa tarkkuutta, et\u00e4isyytt\u00e4 ja pinnan muotoja pime\u00e4ss\u00e4<\/li>\n<li>Erityistason kohdistettu CUT-OFF facula optiikka v\u00e4hent\u00e4\u00e4 vastaantulijan h\u00e4ik\u00e4isyn vaaraa<\/li>\n<li>Leve\u00e4 ja hyvin valaiseva valokuvio valaisee my\u00f6s tien reunat<\/li>\n<li>USB-ladattava<\/li>\n<li>600 lumenia tuottava maksimivaloteho<\/li>\n<li>Alhaisen paristoj\u00e4nnitteen ilmaisintoiminto<\/li>\n<li>Akun varaustilan ilmaisintoiminto<\/li>\n<li>Nelj\u00e4 kirkkaustilaa ja yksi huomiovilkkutoiminto<\/li>\n<li>Pikairroitettava ohjaustangon teline<\/li>\n<li>T\u00e4ysmetallirakenne<\/li>\n<li>Helppo kiinnitt\u00e4\u00e4 ohjaustankoon, kyp\u00e4r\u00e4\u00e4n tai muuhun py\u00f6r\u00e4ss\u00e4 olevaan kiinnikkeeseen<\/li>\n<li>Pakkaukseen sis\u00e4ltyy: BC25R py\u00f6r\u00e4lamppu x 1, Fenix 18650 3,6V\/2600 mAh ladattava Li-ion akku x 1, BC25R pikakiinnityspidike x 1, USB-latauskaapeli x 1, kiinnityspidikkeen s\u00e4\u00e4t\u00f6palat x 2, k\u00e4ytt\u00f6ohje, takuukortti<\/li>\n<\/ul>\n<\/div>\n<\/div>\n<div class=\"tab-content\" id=\"tab-attribute\">\n<table class=\"attribute_product\">\n<thead>\n<tr>\n<td colspan=\"2\">Technical Specifications (ANSI\/NEMA FL1)<\/td>\n<\/tr>\n<\/thead>\n<tbody>\n<tr id=\"emptyrow\">\n<td colspan=\"2\">&nbsp;<\/td>\n<\/tr>\n<\/tbody>\n<tbody>\n<tr>\n<td><img decoding=\"async\" src=\"http:\/\/www.fenixvalaisimet.fi\/image\/ansi\/1.png\" \/><font style=\"font-weight: 600;\">Luminous output<\/font><\/td>\n<td>600 lm (max)<\/td>\n<\/tr>\n<tr>\n<td><img decoding=\"async\" src=\"http:\/\/www.fenixvalaisimet.fi\/image\/ansi\/2.png\" \/><font style=\"font-weight: 600;\">Runtime<\/font><\/td>\n<td>36 h (max)<\/td>\n<\/tr>\n<tr>\n<td><img decoding=\"async\" src=\"http:\/\/www.fenixvalaisimet.fi\/image\/ansi\/3.png\" \/><font style=\"font-weight: 600;\">Beam distance<\/font><\/td>\n<td>106 m (max)<\/td>\n<\/tr>\n<tr>\n<td><img decoding=\"async\" src=\"http:\/\/www.fenixvalaisimet.fi\/image\/ansi\/6.png\" \/><font style=\"font-weight: 600;\">Water resistance<\/font><\/td>\n<td>IP66<\/td>\n<\/tr>\n<tr>\n<td><font style=\"font-weight: 600;\">Output levels \/ runtime<\/font><\/td>\n<td>\n<div class=\"TechnicalTable\">\n<table class=\"TechnicalTable\">\n<tbody>\n<tr>\n<td style=\"background-color:#f3f3f3;border:0px solid #f3f3f3;\">&nbsp;<\/td>\n<td style=\"background-color:#f3f3f3;border:0px solid #f3f3f3;\">Turbo<\/td>\n<td style=\"background-color:#f3f3f3;border:0px solid #f3f3f3;\">Power<\/td>\n<td style=\"background-color:#f3f3f3;border:0px solid #f3f3f3;\">Middle<\/td>\n<\/tr>\n<tr>\n<td>&nbsp;<\/td>\n<td>600 lm<\/td>\n<td>350 lm<\/td>\n<td>150 lm<\/td>\n<\/tr>\n<tr>\n<td>&nbsp;<\/td>\n<td>2 h<\/td>\n<td>7 h<\/td>\n<td>15 h<\/td>\n<\/tr>\n<tr>\n<td style=\"background-color:#f3f3f3;border:0px solid #f3f3f3;\">&nbsp;<\/td>\n<td style=\"background-color:#f3f3f3;border:0px solid #f3f3f3;\">Low<\/td>\n<td style=\"background-color:#f3f3f3;border:0px solid #f3f3f3;\">Vilkku<\/td>\n<td style=\"background-color:#f3f3f3;border:0px solid #f3f3f3;\">&nbsp;<\/td>\n<\/tr>\n<tr>\n<td>&nbsp;<\/td>\n<td>50 lm<\/td>\n<td>150 lm<\/td>\n<td>&nbsp;<\/td>\n<\/tr>\n<tr>\n<td>&nbsp;<\/td>\n<td>36 h<\/td>\n<td>&#8211;<\/td>\n<td>&nbsp;<\/td>\n<\/tr>\n<\/tbody>\n<\/table><\/div>\n<\/td>\n<\/tr>\n<tr>\n<td><font style=\"font-weight: 600;\">Size<\/font><\/td>\n<td>113 mm x 32 mm x 31 mm<\/td>\n<\/tr>\n<tr>\n<td><font style=\"font-weight: 600;\">Weight<\/font><\/td>\n<td>155 g (ilman paristoa)<\/td>\n<\/tr>\n<tr>\n<td><font style=\"font-weight: 600;\">LED type<\/font><\/td>\n<td>CREE XP-G3 neutraali valkoinen LED<\/td>\n<\/tr>\n<tr>\n<td><font style=\"font-weight: 600;\">Power source<\/font><\/td>\n<td>Ladattava 1 x 18650 3,6V\/2600mAh Li-ion akku (sis\u00e4ltyy)<\/td>\n<\/tr>\n<tr>\n<td><font style=\"font-weight: 600;\">Certifications<\/font><\/td>\n<td>ANSI\/NEMA FL-1, ROHS, CE<\/td>\n<\/tr>\n<\/tbody>\n<\/table>\n<\/div>\n<div class=\"clear\">&nbsp;<\/div>\n<h2>&nbsp;<\/h2>","protected":false},"excerpt":{"rendered":"<h2 class=\"productsubtitle\">Fenix BC25R py\u00f6r\u00e4lamppu kaupunkiin, maantielle ja poluille.<\/h2>","protected":false},"featured_media":4766,"comment_status":"open","ping_status":"closed","template":"","meta":{"_kadence_starter_templates_imported_post":false,"_kad_post_transparent":"","_kad_post_title":"","_kad_post_layout":"","_kad_post_sidebar_id":"","_kad_post_content_style":"","_kad_post_vertical_padding":"","_kad_post_feature":"","_kad_post_feature_position":"","_kad_post_header":false,"_kad_post_footer":false,"_kad_post_classname":""},"product_brand":[],"product_cat":[1564,16],"product_tag":[707,32,708,709,265,266],"class_list":{"0":"post-4767","1":"product","2":"type-product","3":"status-publish","4":"has-post-thumbnail","6":"product_cat-fenix","7":"product_cat-yleinen","8":"product_tag-bc","9":"product_tag-fenix","10":"product_tag-fenix-bc","11":"product_tag-fenix-bc25r","12":"product_tag-pyoralamppu","13":"product_tag-taskulamppu","15":"first","16":"onbackorder","17":"taxable","18":"shipping-taxable","19":"purchasable","20":"product-type-simple","21":"entry","22":"content-bg","23":"loop-entry"},"_links":{"self":[{"href":"https:\/\/kivenalla.fi\/en\/wp-json\/wp\/v2\/product\/4767","targetHints":{"allow":["GET"]}}],"collection":[{"href":"https:\/\/kivenalla.fi\/en\/wp-json\/wp\/v2\/product"}],"about":[{"href":"https:\/\/kivenalla.fi\/en\/wp-json\/wp\/v2\/types\/product"}],"replies":[{"embeddable":true,"href":"https:\/\/kivenalla.fi\/en\/wp-json\/wp\/v2\/comments?post=4767"}],"wp:featuredmedia":[{"embeddable":true,"href":"https:\/\/kivenalla.fi\/en\/wp-json\/wp\/v2\/media\/4766"}],"wp:attachment":[{"href":"https:\/\/kivenalla.fi\/en\/wp-json\/wp\/v2\/media?parent=4767"}],"wp:term":[{"taxonomy":"product_brand","embeddable":true,"href":"https:\/\/kivenalla.fi\/en\/wp-json\/wp\/v2\/product_brand?post=4767"},{"taxonomy":"product_cat","embeddable":true,"href":"https:\/\/kivenalla.fi\/en\/wp-json\/wp\/v2\/product_cat?post=4767"},{"taxonomy":"product_tag","embeddable":true,"href":"https:\/\/kivenalla.fi\/en\/wp-json\/wp\/v2\/product_tag?post=4767"}],"curies":[{"name":"wp","href":"https:\/\/api.w.org\/{rel}","templated":true}]}}