{"id":4883,"date":"2023-12-01T14:42:43","date_gmt":"2023-12-01T12:42:43","guid":{"rendered":"https:\/\/kivenalla.fi\/tuote\/magneettinen-pieni-peltipurkki-81x50-2\/"},"modified":"2025-11-25T09:57:39","modified_gmt":"2025-11-25T07:57:39","slug":"magneettinen-pieni-peltipurkki-81x50-2","status":"publish","type":"product","link":"https:\/\/kivenalla.fi\/en\/product\/magneettinen-pieni-peltipurkki-81x50-2\/","title":{"rendered":"Magnetic Tin Container (8,1x5,0)"},"content":{"rendered":"<p>Pieni magneettinen peltik\u00e4tk\u00f6 liukukannella. K\u00e4tk\u00f6 sis\u00e4lt\u00e4\u00e4 lokipaperirullan &#8221;minigrip-pussissa&#8221;. T\u00e4m\u00e4 k\u00e4tk\u00f6 sopii hyvin urbaaneihin piilopaikkoihin.<\/p>\n<p>Size: 8,1 cm x 5,0 cm x 1,5 cm<\/p>","protected":false},"excerpt":{"rendered":"<p>Pieni magneettinen peltik\u00e4tk\u00f6 liukukannella. K\u00e4tk\u00f6 sis\u00e4lt\u00e4\u00e4 lokipaperirullan &#8221;minigrip-pussissa&#8221;. T\u00e4m\u00e4 k\u00e4tk\u00f6 sopii hyvin urbaaneihin piilopaikkoihin.<\/p>","protected":false},"featured_media":4882,"comment_status":"open","ping_status":"closed","template":"","meta":{"_kadence_starter_templates_imported_post":false,"_kad_post_transparent":"","_kad_post_title":"","_kad_post_layout":"","_kad_post_sidebar_id":"","_kad_post_content_style":"","_kad_post_vertical_padding":"","_kad_post_feature":"","_kad_post_feature_position":"","_kad_post_header":false,"_kad_post_footer":false,"_kad_post_classname":""},"product_brand":[],"product_cat":[1654,1542,16],"product_tag":[89,293,119,332],"class_list":{"0":"post-4883","1":"product","2":"type-product","3":"status-publish","4":"has-post-thumbnail","6":"product_cat-ale20","7":"product_cat-mikrokatkot","8":"product_cat-yleinen","9":"product_tag-magneetti","10":"product_tag-magneettinen-katko","11":"product_tag-mikrokatko","12":"product_tag-peltipurkki","14":"first","15":"instock","16":"taxable","17":"shipping-taxable","18":"purchasable","19":"product-type-simple","20":"entry","21":"content-bg","22":"loop-entry"},"_links":{"self":[{"href":"https:\/\/kivenalla.fi\/en\/wp-json\/wp\/v2\/product\/4883","targetHints":{"allow":["GET"]}}],"collection":[{"href":"https:\/\/kivenalla.fi\/en\/wp-json\/wp\/v2\/product"}],"about":[{"href":"https:\/\/kivenalla.fi\/en\/wp-json\/wp\/v2\/types\/product"}],"replies":[{"embeddable":true,"href":"https:\/\/kivenalla.fi\/en\/wp-json\/wp\/v2\/comments?post=4883"}],"wp:featuredmedia":[{"embeddable":true,"href":"https:\/\/kivenalla.fi\/en\/wp-json\/wp\/v2\/media\/4882"}],"wp:attachment":[{"href":"https:\/\/kivenalla.fi\/en\/wp-json\/wp\/v2\/media?parent=4883"}],"wp:term":[{"taxonomy":"product_brand","embeddable":true,"href":"https:\/\/kivenalla.fi\/en\/wp-json\/wp\/v2\/product_brand?post=4883"},{"taxonomy":"product_cat","embeddable":true,"href":"https:\/\/kivenalla.fi\/en\/wp-json\/wp\/v2\/product_cat?post=4883"},{"taxonomy":"product_tag","embeddable":true,"href":"https:\/\/kivenalla.fi\/en\/wp-json\/wp\/v2\/product_tag?post=4883"}],"curies":[{"name":"wp","href":"https:\/\/api.w.org\/{rel}","templated":true}]}}