{"id":4886,"date":"2023-12-01T14:42:44","date_gmt":"2023-12-01T12:42:44","guid":{"rendered":"https:\/\/kivenalla.fi\/tuote\/geocache-fi-turbo-jasenyys-1-kuukausi\/"},"modified":"2025-06-16T11:50:42","modified_gmt":"2025-06-16T08:50:42","slug":"geocache-fi-turbo-jasenyys-1-kuukausi","status":"publish","type":"product","link":"https:\/\/kivenalla.fi\/en\/product\/geocache-fi-turbo-jasenyys-1-kuukausi\/","title":{"rendered":"Geocache.fi Turbo membership (1 month)"},"content":{"rendered":"<p><strong>Geocache.fi:n Turbo-j\u00e4senyys<\/strong> on voimassa kuukauden tilausp\u00e4iv\u00e4st\u00e4 tai edellisen j\u00e4senyyden p\u00e4\u00e4ttymisest\u00e4 eteenp\u00e4in.<\/p>\n<p>Turbo-j\u00e4senyydell\u00e4 saat k\u00e4ytt\u00f6\u00f6si Geocache.fi:n ilmaisten peruspalveluiden lis\u00e4ksi n\u00e4m\u00e4 taulukossa vihre\u00e4ll\u00e4 taustalla korostetun sarakkeen ominaisuudet.<\/p>\n<p><iframe loading=\"lazy\" frameborder=\"0\" height=\"900\" src=\"https:\/\/www.geocache.fi\/terms\/userlevels.php?orderlevel=10\" width=\"600\"><\/iframe><\/p>","protected":false},"excerpt":{"rendered":"<p><b style=\"font-size:16px\">HUOM! T\u00c4M\u00c4 EI OLE GEOCACHING.COM:N PREMIUM-J\u00c4SENYYS VAAN GEOCACHE.FI-SIVUJEN TURBO-J\u00c4SENYYS. LUE TUOTEKUVAUS HUOLELLA JA KATSO EDUT TAULUKOSTA.<\/b><\/p>","protected":false},"featured_media":235,"comment_status":"open","ping_status":"closed","template":"","meta":{"_kadence_starter_templates_imported_post":false,"_kad_post_transparent":"","_kad_post_title":"","_kad_post_layout":"","_kad_post_sidebar_id":"","_kad_post_content_style":"","_kad_post_vertical_padding":"","_kad_post_feature":"","_kad_post_feature_position":"","_kad_post_header":false,"_kad_post_footer":false,"_kad_post_classname":""},"product_brand":[],"product_cat":[1534,16],"product_tag":[166,246,762,247,248],"class_list":{"0":"post-4886","1":"product","2":"type-product","3":"status-publish","4":"has-post-thumbnail","6":"product_cat-jasenyydet","7":"product_cat-yleinen","8":"product_tag-geocache-fi","9":"product_tag-jasenyys","10":"product_tag-kuukausi","11":"product_tag-turbo","12":"product_tag-turbo-jasenyys","14":"first","15":"instock","16":"virtual","17":"taxable","18":"purchasable","19":"product-type-simple","20":"entry","21":"content-bg","22":"loop-entry"},"_links":{"self":[{"href":"https:\/\/kivenalla.fi\/en\/wp-json\/wp\/v2\/product\/4886","targetHints":{"allow":["GET"]}}],"collection":[{"href":"https:\/\/kivenalla.fi\/en\/wp-json\/wp\/v2\/product"}],"about":[{"href":"https:\/\/kivenalla.fi\/en\/wp-json\/wp\/v2\/types\/product"}],"replies":[{"embeddable":true,"href":"https:\/\/kivenalla.fi\/en\/wp-json\/wp\/v2\/comments?post=4886"}],"wp:featuredmedia":[{"embeddable":true,"href":"https:\/\/kivenalla.fi\/en\/wp-json\/wp\/v2\/media\/235"}],"wp:attachment":[{"href":"https:\/\/kivenalla.fi\/en\/wp-json\/wp\/v2\/media?parent=4886"}],"wp:term":[{"taxonomy":"product_brand","embeddable":true,"href":"https:\/\/kivenalla.fi\/en\/wp-json\/wp\/v2\/product_brand?post=4886"},{"taxonomy":"product_cat","embeddable":true,"href":"https:\/\/kivenalla.fi\/en\/wp-json\/wp\/v2\/product_cat?post=4886"},{"taxonomy":"product_tag","embeddable":true,"href":"https:\/\/kivenalla.fi\/en\/wp-json\/wp\/v2\/product_tag?post=4886"}],"curies":[{"name":"wp","href":"https:\/\/api.w.org\/{rel}","templated":true}]}}