{"id":4895,"date":"2023-12-01T14:42:48","date_gmt":"2023-12-01T12:42:48","guid":{"rendered":"https:\/\/kivenalla.fi\/tuote\/bokserit-geopotko\/"},"modified":"2026-03-02T22:59:30","modified_gmt":"2026-03-02T20:59:30","slug":"bokserit-geopotko","status":"publish","type":"product","link":"https:\/\/kivenalla.fi\/en\/product\/bokserit-geopotko\/","title":{"rendered":"Boxers \u2013 Geop\u00f6tk\u00f6"},"content":{"rendered":"<p>Classic black men's boxers featuring a Geop\u00f6tk\u00f6 print on the front.<\/p>\n<p>\u2022 Material: 95% cotton, 5% elastane.<br \/>\n\u2022 Available sizes: M \u2013 XXL<\/p>\n<table>\n<tbody>\n<tr>\n<td><strong>Size<\/strong><\/td>\n<td><strong>Waist width cm<\/strong><\/td>\n<td><strong>Inseam length cm<\/strong><\/td>\n<\/tr>\n<tr>\n<td>M<\/td>\n<td>34<\/td>\n<td>33<\/td>\n<\/tr>\n<tr>\n<td>L<\/td>\n<td>37<\/td>\n<td>34,5<\/td>\n<\/tr>\n<tr>\n<td>XL<\/td>\n<td>40<\/td>\n<td>36<\/td>\n<\/tr>\n<tr>\n<td>XXL<\/td>\n<td>43<\/td>\n<td>37,5<\/td>\n<\/tr>\n<tr>\n<td>Tol+\/-<\/td>\n<td>1,5<\/td>\n<td>1<\/td>\n<\/tr>\n<\/tbody>\n<\/table>\n<p>&nbsp;<\/p>\n<p>&nbsp;<\/p>","protected":false},"excerpt":{"rendered":"<p>Classic black men's boxers featuring a Geop\u00f6tk\u00f6 print on the front.<\/p>\n<p>&nbsp;<\/p>","protected":false},"featured_media":286,"comment_status":"open","ping_status":"closed","template":"","meta":{"_kadence_starter_templates_imported_post":false,"_kad_post_transparent":"","_kad_post_title":"","_kad_post_layout":"","_kad_post_sidebar_id":"","_kad_post_content_style":"","_kad_post_vertical_padding":"","_kad_post_feature":"","_kad_post_feature_position":"","_kad_post_header":false,"_kad_post_footer":false,"_kad_post_classname":""},"product_brand":[],"product_cat":[1653,1574,16],"product_tag":[772,774,773,775,117],"class_list":{"0":"post-4895","1":"product","2":"type-product","3":"status-publish","4":"has-post-thumbnail","6":"product_cat-ale10","7":"product_cat-alusvaatteet","8":"product_cat-yleinen","9":"product_tag-alushousut","10":"product_tag-alusvaatteet","11":"product_tag-bokserit","12":"product_tag-geopotko","13":"product_tag-pet-putkilo","15":"first","16":"instock","17":"taxable","18":"shipping-taxable","19":"purchasable","20":"product-type-variable","21":"has-default-attributes","22":"entry","23":"content-bg","24":"loop-entry"},"_links":{"self":[{"href":"https:\/\/kivenalla.fi\/en\/wp-json\/wp\/v2\/product\/4895","targetHints":{"allow":["GET"]}}],"collection":[{"href":"https:\/\/kivenalla.fi\/en\/wp-json\/wp\/v2\/product"}],"about":[{"href":"https:\/\/kivenalla.fi\/en\/wp-json\/wp\/v2\/types\/product"}],"replies":[{"embeddable":true,"href":"https:\/\/kivenalla.fi\/en\/wp-json\/wp\/v2\/comments?post=4895"}],"wp:featuredmedia":[{"embeddable":true,"href":"https:\/\/kivenalla.fi\/en\/wp-json\/wp\/v2\/media\/286"}],"wp:attachment":[{"href":"https:\/\/kivenalla.fi\/en\/wp-json\/wp\/v2\/media?parent=4895"}],"wp:term":[{"taxonomy":"product_brand","embeddable":true,"href":"https:\/\/kivenalla.fi\/en\/wp-json\/wp\/v2\/product_brand?post=4895"},{"taxonomy":"product_cat","embeddable":true,"href":"https:\/\/kivenalla.fi\/en\/wp-json\/wp\/v2\/product_cat?post=4895"},{"taxonomy":"product_tag","embeddable":true,"href":"https:\/\/kivenalla.fi\/en\/wp-json\/wp\/v2\/product_tag?post=4895"}],"curies":[{"name":"wp","href":"https:\/\/api.w.org\/{rel}","templated":true}]}}