{"id":4922,"date":"2023-12-01T14:42:59","date_gmt":"2023-12-01T12:42:59","guid":{"rendered":"https:\/\/kivenalla.fi\/tuote\/garmin-glo-2-2\/"},"modified":"2025-04-03T10:49:30","modified_gmt":"2025-04-03T07:49:30","slug":"garmin-glo-2-2","status":"publish","type":"product","link":"https:\/\/kivenalla.fi\/en\/product\/garmin-glo-2-2\/","title":{"rendered":"Garmin GLO\u2122 2"},"content":{"rendered":"<div class=\"app__tabs__content__wrap\">\n<div class=\"app__tabs__content__inner js__app__tabs__content\">\n<div>\n<p>Navigoi haluamallasi mobiililaitteella Garmin-laatuisten GPS-tietojen avulla. GLO 2 -vastaanotin tarjoaa GPS- ja GLONASS-vastaanottimien parhaat ominaisuudet Bluetooth<sup>\u00ae<\/sup>-yhteyden kautta, jotta saat k\u00e4ytt\u00f6\u00f6si tarkat sijaintitiedot iPad<sup>\u00ae<\/sup>-, iPhone<sup>\u00ae<\/sup>&#8211; tai Android<sup>\u2122<\/sup>-laitteessasi.<\/p>\n<h3>&nbsp;<\/h3>\n<h3>GPS- ja GLONASS-j\u00e4rjestelmien tarkkuus<\/h3>\n<p>GLO 2 vastaanottaa tietoja sek\u00e4 GPS- ett\u00e4 GLONASS-satelliiteista, joten k\u00e4yt\u00f6ss\u00e4 on jopa 24 satelliittia enemm\u00e4n kuin pelkiss\u00e4 GPS-laitteissa. Siksi GLO 2 l\u00f6yt\u00e4\u00e4 satelliitit noin 20 % nopeammin, ja yhteys s\u00e4ilyy my\u00f6s suurilla ajonopeuksilla. Lis\u00e4ksi GLO 2 p\u00e4ivitt\u00e4\u00e4 sijaintitietonsa 10 kertaa sekunnissa eli jopa 10 kertaa useammin kuin monien mobiililaitteiden GPS-vastaanottimet.<\/p>\n<h3>M\u00e4\u00e4rit\u00e4 asetukset ja l\u00e4hde liikkeelle<\/h3>\n<p>GLO 2 -vastaanotin muodostaa Bluetoothin avulla langattoman yhteyden mobiililaitteeseen. Tuo GLO 2 mobiililaitteen toiminta-alueelle, ja jo hetken kuluttua alat vastaanottaa GLO 2 -vastaanottimen sijaintitietoja. Sen akunkesto on jopa 13 tuntia, jotta tied\u00e4t sijaintisi pitkill\u00e4kin matkoilla. Lis\u00e4ksi GLO 2 on helppo ladata mukana toimitetulla USB-kaapelilla tai valinnaisella 12\/24 voltin ajoneuvon virtajohdolla. Valinnainen kitkapidike pit\u00e4\u00e4 vastaanottimen turvallisesti kojelaudalla satelliittiyhteyksien ulottuvilla.<\/p>\n<p class=\"disclaimer-block\"><span style=\"font-size:9px;\">Bluetooth-sana ja -logot ovat Bluetooth SIG Inc:n rekister\u00f6ityj\u00e4 tavaramerkkej\u00e4, ja Garminilla on lisenssi niiden k\u00e4ytt\u00f6\u00f6n. iPad, iPhone ja Apple ovat Apple Inc:n tavaramerkkej\u00e4, jotka on rekister\u00f6ity Yhdysvalloissa ja muissa maissa. Android on Google Inc:n tavaramerkki.<\/span><\/p>\n<p class=\"disclaimer-block\"><span style=\"font-size:9px;\">Android-laitteissa GLO 2 -toimintojen k\u00e4ytt\u00f6\u00f6n tarvitaan GLO 2 -sovellus.<\/span><\/p>\n<h3 class=\"disclaimer-block\"><span style=\"font-size:20px;\">TEKNISET TIEDOT<\/span><\/h3>\n<div class=\"app__tabs__content__wrap\">\n<div class=\"app__tabs__content__inner js__app__tabs__content\">\n<div>\n<ul>\n<li>Laitteen mitat (L x K x S): 1,78 x 4,19 x 7,72 cm<\/li>\n<li>Paino: 60,1 g<\/li>\n<li>Vastaanotintekniikka: GPS ja GLONASS<\/li>\n<li>WAAS: kyll\u00e4<\/li>\n<li>P\u00e4ivitystahti: 10 Hz<\/li>\n<li>Tarkkuus: 3 metri\u00e4<\/li>\n<li>Akun kapasiteetti: 1150 mAh<\/li>\n<li>Akunkesto: 13 tuntia<\/li>\n<li>Kuumak\u00e4ynnistysaika: 3\u20135 s<\/li>\n<li>L\u00e4mmink\u00e4ynnistysaika: 35 s<\/li>\n<li>Kylm\u00e4k\u00e4ynnistysaika: 60 s<\/li>\n<li>Nimellinen k\u00e4ytt\u00f6nopeus: 0\u2013800 solmua (411 m\/s))<\/li>\n<\/ul>\n<h3>PAKKAUKSESSA<\/h3>\n<div class=\"app__tabs__content__wrap\">\n<div class=\"app__tabs__content__inner js__app__tabs__content\">\n<ul>\n<li>GLO 2<\/li>\n<li>Ajoneuvon virtajohto<\/li>\n<li>USB-kaapeli<\/li>\n<li>Oppaat<\/li>\n<\/ul>\n<p>&nbsp;<\/p>\n<p><strong>HUOM! Testattu my\u00f6s Windows 8 ja Windows 10 -k\u00e4ytt\u00f6j\u00e4rjestelmiss\u00e4 ja saatu toimimaan OCAD-ohjelmassa.<\/strong><\/p>\n<p>&nbsp;<\/p>\n<p>Valmistajan tuotekoodi: <span class=\"app__product__info__part-number--light\">010-02184-01<\/span><\/p>\n<\/div>\n<\/div>\n<\/div>\n<\/div>\n<\/div>\n<\/div>\n<\/div>\n<\/div>","protected":false},"excerpt":{"rendered":"<div class=\"app__tabs__content__wrap\">\n<div class=\"app__tabs__content__inner js__app__tabs__content\">\n<div>\n<p>Navigoi haluamallasi mobiililaitteella Garmin-laatuisten GPS-tietojen avulla.<\/p>\n<\/div>\n<\/div>\n<\/div>","protected":false},"featured_media":4921,"comment_status":"open","ping_status":"closed","template":"","meta":{"_kadence_starter_templates_imported_post":false,"_kad_post_transparent":"","_kad_post_title":"","_kad_post_layout":"","_kad_post_sidebar_id":"","_kad_post_content_style":"","_kad_post_vertical_padding":"","_kad_post_feature":"","_kad_post_feature_position":"","_kad_post_header":false,"_kad_post_footer":false,"_kad_post_classname":""},"product_brand":[],"product_cat":[1653,1559,16],"product_tag":[41,787,162,788],"class_list":{"0":"post-4922","1":"product","2":"type-product","3":"status-publish","4":"has-post-thumbnail","6":"product_cat-ale10","7":"product_cat-kasilaitteet","8":"product_cat-yleinen","9":"product_tag-garmin","10":"product_tag-garmin-glo","11":"product_tag-glo","12":"product_tag-glo-2","14":"first","15":"outofstock","16":"taxable","17":"shipping-taxable","18":"purchasable","19":"product-type-simple","20":"entry","21":"content-bg","22":"loop-entry"},"_links":{"self":[{"href":"https:\/\/kivenalla.fi\/en\/wp-json\/wp\/v2\/product\/4922","targetHints":{"allow":["GET"]}}],"collection":[{"href":"https:\/\/kivenalla.fi\/en\/wp-json\/wp\/v2\/product"}],"about":[{"href":"https:\/\/kivenalla.fi\/en\/wp-json\/wp\/v2\/types\/product"}],"replies":[{"embeddable":true,"href":"https:\/\/kivenalla.fi\/en\/wp-json\/wp\/v2\/comments?post=4922"}],"wp:featuredmedia":[{"embeddable":true,"href":"https:\/\/kivenalla.fi\/en\/wp-json\/wp\/v2\/media\/4921"}],"wp:attachment":[{"href":"https:\/\/kivenalla.fi\/en\/wp-json\/wp\/v2\/media?parent=4922"}],"wp:term":[{"taxonomy":"product_brand","embeddable":true,"href":"https:\/\/kivenalla.fi\/en\/wp-json\/wp\/v2\/product_brand?post=4922"},{"taxonomy":"product_cat","embeddable":true,"href":"https:\/\/kivenalla.fi\/en\/wp-json\/wp\/v2\/product_cat?post=4922"},{"taxonomy":"product_tag","embeddable":true,"href":"https:\/\/kivenalla.fi\/en\/wp-json\/wp\/v2\/product_tag?post=4922"}],"curies":[{"name":"wp","href":"https:\/\/api.w.org\/{rel}","templated":true}]}}