{"id":4949,"date":"2023-12-01T14:43:13","date_gmt":"2023-12-01T12:43:13","guid":{"rendered":"https:\/\/kivenalla.fi\/tuote\/lumonite-navigator2-3864-lm-2\/"},"modified":"2024-08-23T09:11:50","modified_gmt":"2024-08-23T06:11:50","slug":"lumonite-navigator2-3864-lm-2","status":"publish","type":"product","link":"https:\/\/kivenalla.fi\/en\/product\/lumonite-navigator2-3864-lm-2\/","title":{"rendered":"LUMONITE Navigator2"},"content":{"rendered":"<p class=\"has-text-align-left\"><strong>UUSI VERSIO 22.8.2024 &#8211; 4195 LUMENIA &#8211; 300 METRI\u00c4 &#8211; NEUTRAALI V\u00c4RIL\u00c4MP\u00d6TILA<\/strong><\/p>\n\n\n\n<div class=\"wp-block-group\"><div class=\"wp-block-group__inner-container is-layout-constrained wp-block-group-is-layout-constrained\">\n<ul class=\"wp-block-list\">\n<li>Huikea koko-tehosuhde!<\/li>\n\n\n\n<li><strong>Mitattu valoteho hurjat 4195 lm<\/strong><\/li>\n\n\n\n<li>Silm\u00e4yst\u00e4v\u00e4llinen, neutraali valon v\u00e4ril\u00e4mp\u00f6tila!<\/li>\n\n\n\n<li>Todella kevyt valaisinp\u00e4\u00e4 (115 g)<\/li>\n\n\n\n<li>Erillinen akku, pitk\u00e4 k\u00e4ytt\u00f6aika (3-48 h)<\/li>\n\n\n\n<li>Varatankki-ominaisuus &#8211; valaisin ei j\u00e4t\u00e4 pulaan<\/li>\n\n\n\n<li>Hurja 300 m kantama!<\/li>\n\n\n\n<li>Todella laaja valokeila, hajavalon kanssa yli 180\u00b0<\/li>\n\n\n\n<li>Valaisee koko n\u00e4k\u00f6kent\u00e4n<\/li>\n\n\n\n<li>Valaisinp\u00e4\u00e4ll\u00e4 IPX6-suojausluokitus<\/li>\n\n\n\n<li>Saatavilla laaja valikoima lis\u00e4varusteita!<\/li>\n\n\n\n<li>GoPro-yhteensopiva kiinnitys &#8211; rajattomat kiinnitysmahdollisuudet!<\/li>\n\n\n\n<li>60 kk = viiden vuoden takuu!<\/li>\n\n\n\n<li>Design from Finland &#8211; Suomalaista muotoilua!<\/li>\n<\/ul>\n\n\n\n<figure class=\"wp-block-embed is-type-video is-provider-youtube wp-block-embed-youtube wp-embed-aspect-16-9 wp-has-aspect-ratio\"><div class=\"wp-block-embed__wrapper\">\n<iframe loading=\"lazy\" title=\"Swedish Orienteering Star Karolin Ohlsson using Lumonite Navigator\" width=\"720\" height=\"405\" src=\"https:\/\/www.youtube.com\/embed\/cfMxTWhaiVU?feature=oembed\" frameborder=\"0\" allow=\"accelerometer; autoplay; clipboard-write; encrypted-media; gyroscope; picture-in-picture; web-share\" referrerpolicy=\"strict-origin-when-cross-origin\" allowfullscreen><\/iframe>\n<\/div><\/figure>\n<\/div><\/div>\n\n\n\n<p>LUMONITE Navigator on vakiinnuttanut paikkansa ammattisuunnistajien ja erityisen suurta valotehoa vaativien k\u00e4ytt\u00e4jien ty\u00f6kalupakissa. T\u00e4ysin uudistettu Navigator2 on viel\u00e4 edelt\u00e4j\u00e4\u00e4ns\u00e4kin tehokkaammalla, vain 115 grammaa painavalla valaisinosalla varustettu supervalaisin, joka tarjoaa suorituskyky\u00e4 ja ominaisuuksia, joita ei aikaisemmin ole t\u00e4ss\u00e4 hinta-\/kokoluokassa n\u00e4hty! Valotehoa t\u00e4st\u00e4 suurtehovalaisimesta l\u00f6ytyy laboratoriomitatut 4195 lumenia ja kantamaa valokeilalle muodostuu hurjat 300 metri\u00e4. Tarkkuusty\u00f6stetyn valaisinp\u00e4\u00e4n optiikan ansiosta valokeila my\u00f6skin aukea niin laajasti (yli 180\u00b0), ett\u00e4 se valaisee koko n\u00e4k\u00f6kent\u00e4n laidasta laitaan. Lis\u00e4ksi valossa on neutraali 5000 kelvinin v\u00e4ris\u00e4vy, joka on silm\u00e4lle mahdollisimman miellytt\u00e4v\u00e4 ja toistaa ymp\u00e4rist\u00f6n v\u00e4rit sek\u00e4 maaston muodot eritt\u00e4in hyvin. T\u00e4m\u00e4 helpottaa varsinkin kovassa vauhdissa maaston hahmottamista ja siell\u00e4 liikkumista. Olitpa sitten suunnistaja, enduro-kuski, extreme-urheilija, ratsastaja tai muuten vain tarvitset parasta mahdollista valaistusta, Navigator2 tarjoaa sinulle parasta saatavilla olevaa hinta-laatusuhdetta!<\/p>\n\n\n\n<p>Lumonite Navigator2:n valaisinp\u00e4\u00e4ss\u00e4 on tarkkuusty\u00f6stetty linssi, joka tuottaa laajan yhdistelm\u00e4valokeilan valaisten koko n\u00e4k\u00f6kent\u00e4n laidasta laitaan. Valokeilan keskiosa ulottuu aina 300 metriin saakka, ja leve\u00e4 keh\u00e4 sen ymp\u00e4rill\u00e4 valaisee l\u00e4himaaston joka suunnasta vaivattomasti. Kompaktin kokonsa ja optimaalisen valokeilansa ansiosta LUMONITE Navigator2 soveltuu erinomaisesti niin vauhdikkaisiin urheiluharrastuksiin, extreme-urheiluun kuin my\u00f6skin ihan tavalliseen ulkoiluun, jossa kaivataan maksimaalista valotehoa napakassa koossa. Valaisinosa painaa ainoastaan 115 g (kaapelin kanssa), ja teho-kokosuhde onkin Navigator2:ssa maailmanluokkaa!<\/p>\n\n\n\n<p>Uudistettu Lumonite Ergo V2 -otsapanta on valmistettu helppok\u00e4ytt\u00f6isyys ja k\u00e4ytt\u00f6mukavuus edell\u00e4, mink\u00e4 ansiosta se on aiempaa tukevampi ja mukavampi p\u00e4\u00e4ss\u00e4 my\u00f6s kovatempoisessa urheilussa. Pannan monipuoliset s\u00e4\u00e4d\u00f6t tekev\u00e4t siit\u00e4 sopivan erikokoisiin p\u00e4ihin sek\u00e4 miehille ett\u00e4 naisille, ja ergonomisen muotoilun, ultrakevyen rakenteen sek\u00e4 pienten k\u00e4ytt\u00f6\u00e4 helpottavien yksityiskohtien ansiosta se on heitt\u00e4m\u00e4ll\u00e4 yksi markkinoiden parhaimmista otsapannoista.<\/p>\n\n\n\n<p>Setin mukana toimitettava huippukennolla varustettu Lumonite Slimcore-litiumioniakku tarjoaa k\u00e4ytt\u00f6aikaa yli kolmesta tunnista jopa 48 tuntiin k\u00e4ytett\u00e4v\u00e4st\u00e4 tehotilasta riippuen. Se voidaan kiinnitt\u00e4\u00e4 nerokkaalla Slimholder-kiinnikkeell\u00e4 esim. vy\u00f6lle tai py\u00f6r\u00e4n runkoon, ja luja alumiinikotelo suojaa kennoja iskuilta. Akussa oleva viisiportainen indikaattori kertoo napin painalluksella, paljonko akussa on virtaa j\u00e4ljell\u00e4. \u00c4lyk\u00e4s akun hallinta ei sammuta valoa kerralla vaan pudottaa tehoa pienemm\u00e4lle hieman ennen kuin akku on tyhj\u00e4 &#8211; n\u00e4in et j\u00e4\u00e4 pulaan pime\u00e4\u00e4n miss\u00e4\u00e4n tilanteessa.<\/p>\n\n\n\n<h2 class=\"wp-block-heading\">Tuotepakkauksen sis\u00e4lt\u00f6 (Perussetti)<\/h2>\n\n\n\n<ul class=\"wp-block-list\">\n<li>Lumonite Navigator2-valaisinp\u00e4\u00e4<\/li>\n\n\n\n<li>Lumonite Navigator2-valaisinosan suojakuori<\/li>\n\n\n\n<li>Lumonite Navigator2-litiumioniakku (<a href=\"https:\/\/www.valostore.fi\/fi\/tuote\/vaihtoakku_lumonite_slimcore\/\" target=\"_blank\" rel=\"noreferrer noopener\">Slimcore 75<\/a>)\n<ul class=\"wp-block-list\">\n<li>+ Lumonite Slimholder monitoimikiinnike varusteineen<\/li>\n<\/ul>\n<\/li>\n\n\n\n<li>Lumonite Navigator2-verkkolaturi<\/li>\n\n\n\n<li>Lumonite Navigator2-jatkojohto, 50 cm<\/li>\n\n\n\n<li>Lumonite Navigator2-otsapanta<\/li>\n\n\n\n<li>Lumonite Navigator2-s\u00e4ilytyslaukku<\/li>\n\n\n\n<li>Lumonite Navigator2-k\u00e4ytt\u00f6ohje (FI\/EN\/SE\/NO)<\/li>\n<\/ul>\n\n\n\n<h2 class=\"wp-block-heading\">Pikaopas<\/h2>\n\n\n\n<p>Lumonite DX-valaisinsarjan k\u00e4ytt\u00e4minen on helppoa &#8211; Valaisin kytket\u00e4\u00e4n p\u00e4\u00e4lle valaisimen p\u00e4\u00e4ll\u00e4 olevasta napista. T\u00e4m\u00e4n j\u00e4lkeen napin painaminen vaihtaa aina seuraavaan tehotilaan j\u00e4rjestyksess\u00e4 Low-med-high. Maksimiteho kytket\u00e4\u00e4n p\u00e4\u00e4lle mist\u00e4 tahansa tehotilasta tuplanapsautuksella. Max-tilassa p\u00e4\u00e4set tuplanapsautuksella takaisin edelt\u00e4v\u00e4\u00e4n tilaan.<\/p>\n\n\n\n<p><a data-link-type=\"external\" data-type=\"linkpicker\" href=\"https:\/\/cdn.handshake.fi\/files\/2023-02-08\/lumonite_navigator2_manual_011675839807.pdf\">Lataa k\u00e4ytt\u00f6ohje<\/a><\/p>","protected":false},"excerpt":{"rendered":"<p><span style=\"color: #0000ff\"><strong>4195 LUMENIA &#8211; 300 METRI\u00c4NEUTRAALI V\u00c4RIL\u00c4MP\u00d6TILA<\/strong><\/span><\/p>","protected":false},"featured_media":4948,"comment_status":"open","ping_status":"closed","template":"","meta":{"_kadence_starter_templates_imported_post":false,"_kad_post_transparent":"","_kad_post_title":"","_kad_post_layout":"","_kad_post_sidebar_id":"","_kad_post_content_style":"","_kad_post_vertical_padding":"","_kad_post_feature":"","_kad_post_feature_position":"","_kad_post_header":false,"_kad_post_footer":false,"_kad_post_classname":""},"product_brand":[],"product_cat":[1565],"product_tag":[495,799,800,267],"class_list":{"0":"post-4949","1":"product","2":"type-product","3":"status-publish","4":"has-post-thumbnail","6":"product_cat-lumonite","7":"product_tag-lumonite","8":"product_tag-lumonite-navigator","9":"product_tag-navigator2","10":"product_tag-otsalamppu","12":"first","13":"onbackorder","14":"taxable","15":"shipping-taxable","16":"purchasable","17":"product-type-simple","18":"entry","19":"content-bg","20":"loop-entry"},"_links":{"self":[{"href":"https:\/\/kivenalla.fi\/en\/wp-json\/wp\/v2\/product\/4949","targetHints":{"allow":["GET"]}}],"collection":[{"href":"https:\/\/kivenalla.fi\/en\/wp-json\/wp\/v2\/product"}],"about":[{"href":"https:\/\/kivenalla.fi\/en\/wp-json\/wp\/v2\/types\/product"}],"replies":[{"embeddable":true,"href":"https:\/\/kivenalla.fi\/en\/wp-json\/wp\/v2\/comments?post=4949"}],"wp:featuredmedia":[{"embeddable":true,"href":"https:\/\/kivenalla.fi\/en\/wp-json\/wp\/v2\/media\/4948"}],"wp:attachment":[{"href":"https:\/\/kivenalla.fi\/en\/wp-json\/wp\/v2\/media?parent=4949"}],"wp:term":[{"taxonomy":"product_brand","embeddable":true,"href":"https:\/\/kivenalla.fi\/en\/wp-json\/wp\/v2\/product_brand?post=4949"},{"taxonomy":"product_cat","embeddable":true,"href":"https:\/\/kivenalla.fi\/en\/wp-json\/wp\/v2\/product_cat?post=4949"},{"taxonomy":"product_tag","embeddable":true,"href":"https:\/\/kivenalla.fi\/en\/wp-json\/wp\/v2\/product_tag?post=4949"}],"curies":[{"name":"wp","href":"https:\/\/api.w.org\/{rel}","templated":true}]}}