{"id":4991,"date":"2023-12-01T14:43:32","date_gmt":"2023-12-01T12:43:32","guid":{"rendered":"https:\/\/kivenalla.fi\/tuote\/tarntech-mega-ladyfit-paita-2\/"},"modified":"2024-12-02T09:51:50","modified_gmt":"2024-12-02T07:51:50","slug":"tarntech-mega-ladyfit-paita-2","status":"publish","type":"product","link":"https:\/\/kivenalla.fi\/en\/product\/tarntech-mega-ladyfit-paita-2\/","title":{"rendered":"Tar\u2019n\u2019Tech MEGA Ladyfit"},"content":{"rendered":"<h1 class=\"wp-block-heading\">Virallinen Tar&#8217;n&#8217;Tech MEGA Ladyfit-paita<\/h1>\n\n\n\n<h4 class=\"wp-block-heading\">Huom! Asiakkaiden toiveesta olemme vaihtaneen Ladyfit-paidan t\u00e4n\u00e4 vuonna TeeJaysin malliin, joka on v\u00e4ljempi mitoitukseltaan.<\/h4>\n\n\n\n<p><span class=\"menutext\">Paita on TeeJaysin valmistamaa laadukasta Basic-mallistoa. Tarkista alla olevista linkeist\u00e4 kokotaulut, jotta tilaat itsellesi sopivan kokoisen paidan. Paidan v\u00e4ri on musta ja rinnassa on Tar&#8217;n&#8217;Tech-logo. Painatus on 15 cm leve\u00e4.<\/span><\/p>\n\n\n\n<p><a data-link-type=\"external\" data-type=\"linkpicker\" href=\"https:\/\/paitashop.skypro.fi\/tuotteet\/haku\/id\/t1050-naisten-basic-t-paita\/\">TeeJays naisten Basic Tee -paita, katso tuotemitat.<\/a><\/p>\n\n\n\n<p><span class=\"menutext\">Tar&#8217;n&#8217;Tech -eventin k\u00e4tk\u00f6kuvauksen l\u00f6yd\u00e4t <\/span><a data-link-type=\"external\" data-type=\"linkpicker\" href=\"https:\/\/www.geocaching.com\/geocache\/GC7KTYN\">here<\/a><span class=\"menutext\">.<\/span><\/p>\n\n\n\n<p><a data-link-type=\"external\" data-type=\"linkpicker\" href=\"https:\/\/www.facebook.com\/tarntech2019\/\">Tar&#8217;n&#8217;Tech MEGA-eventin Facebook-sivut<\/a><\/p>\n\n\n\n<p><strong>NOTE: The logo size shown in the image may not exactly match the actual proportions of the logo on the shirt.<\/strong><\/p>","protected":false},"excerpt":{"rendered":"<h1>Virallinen Tar&#8217;n&#8217;Tech MEGA Ladyfit-paita<\/h1>\n<p>&nbsp;<\/p>","protected":false},"featured_media":4990,"comment_status":"open","ping_status":"closed","template":"","meta":{"_kadence_starter_templates_imported_post":false,"_kad_post_transparent":"","_kad_post_title":"","_kad_post_layout":"","_kad_post_sidebar_id":"","_kad_post_content_style":"","_kad_post_vertical_padding":"","_kad_post_feature":"","_kad_post_feature_position":"","_kad_post_header":false,"_kad_post_footer":false,"_kad_post_classname":""},"product_brand":[],"product_cat":[1657,1614,1571,16],"product_tag":[832,127,831,834,830,828,833],"class_list":{"0":"post-4991","1":"product","2":"type-product","3":"status-publish","4":"has-post-thumbnail","6":"product_cat-ale50","7":"product_cat-mega-tuotteet","8":"product_cat-paidat","9":"product_cat-yleinen","10":"product_tag-lady-fit","11":"product_tag-mega","12":"product_tag-megapaita","13":"product_tag-naisten-paita","14":"product_tag-oulu","15":"product_tag-tarntech","16":"product_tag-teejays","18":"first","19":"instock","20":"sale","21":"taxable","22":"shipping-taxable","23":"purchasable","24":"product-type-variable","25":"has-default-attributes","26":"entry","27":"content-bg","28":"loop-entry"},"_links":{"self":[{"href":"https:\/\/kivenalla.fi\/en\/wp-json\/wp\/v2\/product\/4991","targetHints":{"allow":["GET"]}}],"collection":[{"href":"https:\/\/kivenalla.fi\/en\/wp-json\/wp\/v2\/product"}],"about":[{"href":"https:\/\/kivenalla.fi\/en\/wp-json\/wp\/v2\/types\/product"}],"replies":[{"embeddable":true,"href":"https:\/\/kivenalla.fi\/en\/wp-json\/wp\/v2\/comments?post=4991"}],"wp:featuredmedia":[{"embeddable":true,"href":"https:\/\/kivenalla.fi\/en\/wp-json\/wp\/v2\/media\/4990"}],"wp:attachment":[{"href":"https:\/\/kivenalla.fi\/en\/wp-json\/wp\/v2\/media?parent=4991"}],"wp:term":[{"taxonomy":"product_brand","embeddable":true,"href":"https:\/\/kivenalla.fi\/en\/wp-json\/wp\/v2\/product_brand?post=4991"},{"taxonomy":"product_cat","embeddable":true,"href":"https:\/\/kivenalla.fi\/en\/wp-json\/wp\/v2\/product_cat?post=4991"},{"taxonomy":"product_tag","embeddable":true,"href":"https:\/\/kivenalla.fi\/en\/wp-json\/wp\/v2\/product_tag?post=4991"}],"curies":[{"name":"wp","href":"https:\/\/api.w.org\/{rel}","templated":true}]}}