{"id":5045,"date":"2023-12-01T14:43:57","date_gmt":"2023-12-01T12:43:57","guid":{"rendered":"https:\/\/kivenalla.fi\/tuote\/kalevala-geokolikko-seppo-ilmarinen-2\/"},"modified":"2026-02-23T12:37:57","modified_gmt":"2026-02-23T10:37:57","slug":"kalevala-geokolikko-seppo-ilmarinen-2","status":"publish","type":"product","link":"https:\/\/kivenalla.fi\/en\/product\/kalevala-geokolikko-seppo-ilmarinen-2\/","title":{"rendered":"Kalevala Geocoin (Seppo Ilmarinen)"},"content":{"rendered":"<p>This is the new version of the Kalevala Geocoin, with only 50 coins made. As the name suggests, the geocoin is inspired by the Finnish national epic Kalevala and the legendary blacksmith Ilmarinen.<\/p>\n<p><span class=\"menutext\">The front of the coin features Seppo Ilmarinen himself, with blacksmith\u2019s tongs and a forge hammer in front of him. On the reverse side, there is an anvil surrounded by fire and smoke. The geocoin has an antique silver finish, with only the fire and smoke on the back side colored.<\/span><\/p>\n<p><span class=\"menutext\">&#8221;Seppo Ilmarinen rauan tempaisi tulesta, takovi k\u00e4tk\u00f6ksi i\u00e4iseksi, kaiken kest\u00e4v\u00e4ksi.&#8221;<\/span><\/p>\n<p><span class=\"menutext\">There are also special editions of the geocoin, available exclusively to those who have purchased the \u201cEeppinen\u201d membership at Geocache.fi. The Eeppinen geocoin is not for sale \u2013 it is given only to those who obtain this membership.<\/p>\n<p>The geocoin was designed by Jon-Paul Barr.<\/span><\/p>","protected":false},"excerpt":{"rendered":"<p>This is the new version of the Kalevala Geocoin, with only 50 coins made. As the name suggests, the geocoin is inspired by the Finnish national epic Kalevala and the legendary blacksmith Ilmarinen.<\/p>","protected":false},"featured_media":5044,"comment_status":"open","ping_status":"closed","template":"","meta":{"_kadence_starter_templates_imported_post":false,"_kad_post_transparent":"","_kad_post_title":"","_kad_post_layout":"","_kad_post_sidebar_id":"","_kad_post_content_style":"","_kad_post_vertical_padding":"","_kad_post_feature":"","_kad_post_feature_position":"","_kad_post_header":false,"_kad_post_footer":false,"_kad_post_classname":""},"product_brand":[],"product_cat":[1654,1535,16],"product_tag":[862,418,858,859,860,861],"class_list":{"0":"post-5045","1":"product","2":"type-product","3":"status-publish","4":"has-post-thumbnail","6":"product_cat-ale20","7":"product_cat-geokolikot","8":"product_cat-yleinen","9":"product_tag-ilmarinen","10":"product_tag-kalevala","11":"product_tag-seppa","12":"product_tag-seppa-ilmarinen","13":"product_tag-seppo","14":"product_tag-seppo-ilmarinen","16":"first","17":"instock","18":"taxable","19":"shipping-taxable","20":"purchasable","21":"product-type-simple","22":"entry","23":"content-bg","24":"loop-entry"},"_links":{"self":[{"href":"https:\/\/kivenalla.fi\/en\/wp-json\/wp\/v2\/product\/5045","targetHints":{"allow":["GET"]}}],"collection":[{"href":"https:\/\/kivenalla.fi\/en\/wp-json\/wp\/v2\/product"}],"about":[{"href":"https:\/\/kivenalla.fi\/en\/wp-json\/wp\/v2\/types\/product"}],"replies":[{"embeddable":true,"href":"https:\/\/kivenalla.fi\/en\/wp-json\/wp\/v2\/comments?post=5045"}],"wp:featuredmedia":[{"embeddable":true,"href":"https:\/\/kivenalla.fi\/en\/wp-json\/wp\/v2\/media\/5044"}],"wp:attachment":[{"href":"https:\/\/kivenalla.fi\/en\/wp-json\/wp\/v2\/media?parent=5045"}],"wp:term":[{"taxonomy":"product_brand","embeddable":true,"href":"https:\/\/kivenalla.fi\/en\/wp-json\/wp\/v2\/product_brand?post=5045"},{"taxonomy":"product_cat","embeddable":true,"href":"https:\/\/kivenalla.fi\/en\/wp-json\/wp\/v2\/product_cat?post=5045"},{"taxonomy":"product_tag","embeddable":true,"href":"https:\/\/kivenalla.fi\/en\/wp-json\/wp\/v2\/product_tag?post=5045"}],"curies":[{"name":"wp","href":"https:\/\/api.w.org\/{rel}","templated":true}]}}