{"id":5055,"date":"2023-12-01T14:44:00","date_gmt":"2023-12-01T12:44:00","guid":{"rendered":"https:\/\/kivenalla.fi\/tuote\/alylaturi-fenix-are-a4\/"},"modified":"2025-10-15T13:33:48","modified_gmt":"2025-10-15T10:33:48","slug":"alylaturi-fenix-are-a4","status":"publish","type":"product","link":"https:\/\/kivenalla.fi\/en\/product\/alylaturi-fenix-are-a4\/","title":{"rendered":"Fenix ARE-A4 Smart Battery Charger"},"content":{"rendered":"<div id=\"div-col-a\">\n<h2 class=\"productsubtitle\">Fenix ARE-A4 nelj\u00e4kanavainen \u00e4lylaturi<\/h2>\n<p class=\"productdesc\">Fenix ARE-A4 on kehittynyt nelj\u00e4kanavainen pikalatausasema jossa monipuoliset Li-ion ja Ni-MH akkuparistojen latausmahdollisuudet. Latausasemassa voit ladata nyt jopa yhdeks\u00e4\u00e4 eri kokoista akkuparistoa (10440, 14500, 16340, 18650, 21700, 26650 Li-ion akut AA, AAA ja C Ni-MH \/ Ni-Cd akut) samanaikaisesti. Latausasema tunnistaa automaattisesti paristotyypin ja n\u00e4ytt\u00e4\u00e4 akkupariston j\u00e4nnitteen. Latauksen edistymist\u00e4 on helppo seurata LCD-n\u00e4yt\u00f6st\u00e4.<\/p>\n<p class=\"productdesc\">Aseman kehittynyt pikalataus mahdollistaa nelj\u00e4n 18650 Li-ion eritt\u00e4in nopeasti mutta turvallisesti. Mikroprosessoriohjatulla latauksella, latauksen valvonnalla ja kehittyneill\u00e4 turvapiireill\u00e4 varmistetaan akkujen turvallinen lataus (suojaus oikosulkua vastaan, ylilatauksen est\u00e4v\u00e4 suojapiiri, k\u00e4\u00e4nteisen paristopolarisaation suojaus, ylij\u00e4nnitesuojaus). Verkkolataus- ja autolatausmahdollisuus (autolatauspistoke myyd\u00e4\u00e4n erikseen).<\/p>\n<div id=\"div-col-b\">\n<h2 class=\"productsubtitle\">Features<\/h2>\n<ul class=\"productfeatures\">\n<li>Tarkoitettu 1-4 kpl Li-ion: 10440, 14500, 16340, 18650, 21700, 26650 Li-ion ja AA, AAA, C Ni-MH \/ Ni-Cd -akkukennoille.<\/li>\n<li>Latausj\u00e4nnite: 4,2 V\/1,0A Li-ion, 1,5V\/1,0A Ni-MH<\/li>\n<li>Latausteho: 6 W (Ni-MH\/Ni-Cd), 16,4 W (Li-ion)<\/li>\n<li>K\u00e4ytt\u00f6: verkkoj\u00e4nnite 100 &#8211; 240 V AC, 50\/60Hz tai 12 &#8211; 24V pistoke<\/li>\n<li>Erilliset latausprosessit jokaiselle akulle<\/li>\n<li>Automaattinen paristotyypin tunnistus<\/li>\n<li>Helppolukuinen LCD-ruutu akun varaustilan, latausvirran, latausajan seurantaan<\/li>\n<li>Mikroprosessoriohjattu lataus ja lataustilan valvonta<\/li>\n<li>Mitat: 149,5 x 104 x 40,5 mm<\/li>\n<li>Paino: 265 g<\/li>\n<li>Toimintal\u00e4mp\u00f6tila: -20 <sup>O<\/sup>C &#8211; + 80 <sup>O<\/sup>C<\/li>\n<li>Pakkaus sis\u00e4lt\u00e4\u00e4: Fenix ARE-A4 nelj\u00e4kanavainen \u00e4lylaturi x 1 kpl, verkkovirtajohto x 1 kpl, k\u00e4ytt\u00f6ohje<\/li>\n<\/ul>\n<\/div>\n<\/div>","protected":false},"excerpt":{"rendered":"<div id=\"div-col-a\">\n<h2 class=\"productsubtitle\">Fenix ARE-A4 nelj\u00e4kanavainen \u00e4lylaturi<\/h2>\n<\/div>","protected":false},"featured_media":5054,"comment_status":"open","ping_status":"closed","template":"","meta":{"_kadence_starter_templates_imported_post":false,"_kad_post_transparent":"","_kad_post_title":"","_kad_post_layout":"","_kad_post_sidebar_id":"","_kad_post_content_style":"","_kad_post_vertical_padding":"","_kad_post_feature":"","_kad_post_feature_position":"","_kad_post_header":false,"_kad_post_footer":false,"_kad_post_classname":""},"product_brand":[],"product_cat":[1653,1569],"product_tag":[377,285,863,864,32,865,288],"class_list":{"0":"post-5055","1":"product","2":"type-product","3":"status-publish","4":"has-post-thumbnail","6":"product_cat-ale10","7":"product_cat-laturit","8":"product_tag-377","9":"product_tag-285","10":"product_tag-are","11":"product_tag-are-a4","12":"product_tag-fenix","13":"product_tag-fenix-laturi","14":"product_tag-laturi","16":"first","17":"instock","18":"taxable","19":"shipping-taxable","20":"purchasable","21":"product-type-simple","22":"entry","23":"content-bg","24":"loop-entry"},"_links":{"self":[{"href":"https:\/\/kivenalla.fi\/en\/wp-json\/wp\/v2\/product\/5055","targetHints":{"allow":["GET"]}}],"collection":[{"href":"https:\/\/kivenalla.fi\/en\/wp-json\/wp\/v2\/product"}],"about":[{"href":"https:\/\/kivenalla.fi\/en\/wp-json\/wp\/v2\/types\/product"}],"replies":[{"embeddable":true,"href":"https:\/\/kivenalla.fi\/en\/wp-json\/wp\/v2\/comments?post=5055"}],"wp:featuredmedia":[{"embeddable":true,"href":"https:\/\/kivenalla.fi\/en\/wp-json\/wp\/v2\/media\/5054"}],"wp:attachment":[{"href":"https:\/\/kivenalla.fi\/en\/wp-json\/wp\/v2\/media?parent=5055"}],"wp:term":[{"taxonomy":"product_brand","embeddable":true,"href":"https:\/\/kivenalla.fi\/en\/wp-json\/wp\/v2\/product_brand?post=5055"},{"taxonomy":"product_cat","embeddable":true,"href":"https:\/\/kivenalla.fi\/en\/wp-json\/wp\/v2\/product_cat?post=5055"},{"taxonomy":"product_tag","embeddable":true,"href":"https:\/\/kivenalla.fi\/en\/wp-json\/wp\/v2\/product_tag?post=5055"}],"curies":[{"name":"wp","href":"https:\/\/api.w.org\/{rel}","templated":true}]}}