{"id":5057,"date":"2023-12-01T14:44:01","date_gmt":"2023-12-01T12:44:01","guid":{"rendered":"https:\/\/kivenalla.fi\/tuote\/mega-kuksakoru-2\/"},"modified":"2024-11-22T13:40:32","modified_gmt":"2024-11-22T11:40:32","slug":"mega-kuksakoru-2","status":"publish","type":"product","link":"https:\/\/kivenalla.fi\/en\/product\/mega-kuksakoru-2\/","title":{"rendered":"MEGA-kuksakoru"},"content":{"rendered":"<h2 class=\"NoBottomSpacing\"><span id=\"ctl00_ContentBody_CacheName\">Midnight Sun Geocaching 2019 -eventin virallinen MEGA-matkalainen.<\/span><\/h2>\n<p><span>Kiven alla ja Suomen Latu ylpe\u00e4n\u00e4 esittelee ensimm\u00e4isen t\u00e4ysin Suomessa valmistetun MEGA-matkalaisen. T\u00e4n\u00e4 vuonna haluttiin MEGA-matkalaiseksi jotain mik\u00e4 kuvastaa Lappia ja on valmistettu Suomessa. MEGA-kuksakorun valmistaa Kupilka, joka valmistaa erilaisia kuksia<\/span> heid\u00e4n omasta Kareline\u00ae luonnonkuitukomposiitista. MEGA-kuksakoru kehitettiin juuri Midnight Sun Geocaching 2019 -MEGAan.<\/p>\n<p>Valittavana on v\u00e4rivaihtoehdot <strong>Original (tehty 200 kpl)<\/strong>, <strong>Havun vihre\u00e4 (tehty 25 kpl)<\/strong> ja Kelo\/musta (tehty 25 kpl \/ MYYTY LOPPUUN). Kaikkien v\u00e4rivaihtoehtojen hinta on 12,90 euroa. Valitse alasvetovalikosta v\u00e4rivaihtoehto.<\/p>\n<p>Kuksakorun koko on noin 62 x 35 x 26 mm.<\/p>\n<p>MEGA-kuksakorun toiselle puolelle on laserkaiverrettu Suomen Ladun logo ja toisella puolella on seurantakoodi. MEGA-kuksakorun saa ripustettua kaulaan nahkaisella kaulanauhalla, joka kuuluu tuotteeseen.<\/p>\n<p><span class=\"menutext\"><b>Huom! Valitse Nouto MEGA-eventist\u00e4, jos haluat noutaa tuotteen kes\u00e4kuussa Kiilop\u00e4\u00e4n MEGA-eventist\u00e4.<\/b><\/span><\/p>\n<p>Kareline\u00ae luonnonkuitukomposiitti: lujitemateriaalina on ymp\u00e4rist\u00f6yst\u00e4v\u00e4llinen m\u00e4ntysellukuitu ja sideaineena elintarvikek\u00e4ytt\u00f6\u00f6n hyv\u00e4ksytty polypropeeni. (Seossuhde 50 % m\u00e4ntysellukuitua ja 50 % kestomuovia.) Tuoteet t\u00e4st\u00e4 materiaalista patinoituvat kauniisti menett\u00e4m\u00e4tt\u00e4 laatuaan. Kareline\u00ae luonnonkuitukomposiitti sai alkunsa puuteknologiakeskus Puugiassa Joensuussa.<\/p>\n<p><strong>Aktivointikoodit matkalaisiin saat t\u00e4\u00e4lt\u00e4: <a data-link-type=\"external\" data-type=\"linkpicker\" href=\"https:\/\/www.geocaching.com\/track\/ActivationCodeRetrieve.aspx\">https:\/\/www.geocaching.com\/track\/ActivationCodeRetrieve.aspx<\/a><\/strong><\/p>","protected":false},"excerpt":{"rendered":"<h2 class=\"NoBottomSpacing\"><span id=\"ctl00_ContentBody_CacheName\">Midnight Sun Geocaching 2019 -eventin virallinen MEGA-matkalainen.<\/span><\/h2>","protected":false},"featured_media":5056,"comment_status":"open","ping_status":"closed","template":"","meta":{"_kadence_starter_templates_imported_post":false,"_kad_post_transparent":"","_kad_post_title":"","_kad_post_layout":"","_kad_post_sidebar_id":"","_kad_post_content_style":"","_kad_post_vertical_padding":"","_kad_post_feature":"","_kad_post_feature_position":"","_kad_post_header":false,"_kad_post_footer":false,"_kad_post_classname":""},"product_brand":[],"product_cat":[1656,16],"product_tag":[537,866,867,127,868,536],"class_list":{"0":"post-5057","1":"product","2":"type-product","3":"status-publish","4":"has-post-thumbnail","6":"product_cat-ale40","7":"product_cat-yleinen","8":"product_tag-kiilopaa","9":"product_tag-kuksa","10":"product_tag-kuksakoru","11":"product_tag-mega","12":"product_tag-mega2019","13":"product_tag-midnight-sun-geocaching","15":"first","16":"instock","17":"taxable","18":"shipping-taxable","19":"purchasable","20":"product-type-simple","21":"entry","22":"content-bg","23":"loop-entry"},"_links":{"self":[{"href":"https:\/\/kivenalla.fi\/en\/wp-json\/wp\/v2\/product\/5057","targetHints":{"allow":["GET"]}}],"collection":[{"href":"https:\/\/kivenalla.fi\/en\/wp-json\/wp\/v2\/product"}],"about":[{"href":"https:\/\/kivenalla.fi\/en\/wp-json\/wp\/v2\/types\/product"}],"replies":[{"embeddable":true,"href":"https:\/\/kivenalla.fi\/en\/wp-json\/wp\/v2\/comments?post=5057"}],"wp:featuredmedia":[{"embeddable":true,"href":"https:\/\/kivenalla.fi\/en\/wp-json\/wp\/v2\/media\/5056"}],"wp:attachment":[{"href":"https:\/\/kivenalla.fi\/en\/wp-json\/wp\/v2\/media?parent=5057"}],"wp:term":[{"taxonomy":"product_brand","embeddable":true,"href":"https:\/\/kivenalla.fi\/en\/wp-json\/wp\/v2\/product_brand?post=5057"},{"taxonomy":"product_cat","embeddable":true,"href":"https:\/\/kivenalla.fi\/en\/wp-json\/wp\/v2\/product_cat?post=5057"},{"taxonomy":"product_tag","embeddable":true,"href":"https:\/\/kivenalla.fi\/en\/wp-json\/wp\/v2\/product_tag?post=5057"}],"curies":[{"name":"wp","href":"https:\/\/api.w.org\/{rel}","templated":true}]}}