{"id":5064,"date":"2023-12-01T14:44:05","date_gmt":"2023-12-01T12:44:05","guid":{"rendered":"https:\/\/kivenalla.fi\/tuote\/flag-name-tag-ver-2-pink-2\/"},"modified":"2026-04-10T08:56:44","modified_gmt":"2026-04-10T05:56:44","slug":"flag-name-tag-ver-2-pink-2","status":"publish","type":"product","link":"https:\/\/kivenalla.fi\/en\/product\/flag-name-tag-ver-2-pink-2\/","title":{"rendered":"Flag name tag ver 2 (Pink)"},"content":{"rendered":"<h1>Uusi p\u00e4ivitetty versio suositusta Flag name tag -nimikyltist\u00e4!<\/h1>\n<p><strong>Nyt Flag name tag on mahdollista my\u00f6s ripustaa esim. kaulanauhaan magneettikiinnityksen sijaan. Katso kuva!<\/strong><\/p>\n<p>Seurantakoodillisessa nimikyltiss\u00e4 lukee &#8221;Hello my name is&#8221; ja paikka mihin voit tussilla kirjoittaa nimimerkkisi. Flag name tagissa on lis\u00e4ksi Suomen lippu kertomassa mist\u00e4 maasta olet kotoisin.<\/p>\n<p>Kiinnitysmekanismina on tehokkaampi kolmen magneetin versio. Aikaisemmin myymiss\u00e4mme magneettikiinnitteisiss\u00e4 nimikyltiss\u00e4 on ollut 2 magneettia. Kolmen magneetin versio on vahvempi ja nimikyltti pysyy paksummankin paidan\/takin rintamuksessa. Nimikyltin yl\u00e4osassa on nyt my\u00f6s pieni kohouma ja reik\u00e4, joten nimikyltin saa my\u00f6s kiinni kaulanauhaan.<\/p>\n<p>Saatavilla on seitsem\u00e4n eri v\u00e4riversiota. T\u00e4m\u00e4 Flag name tag on pinkki.<\/p>\n<p>Flag name tagin ikoni: <img decoding=\"async\" src=\"https:\/\/www.geocache.fi\/putiikki\/kuva.php?kuva=\/images\/products\/flag_name_tag_32.gif\" \/><\/p>\n<p>Flag name tagin aktivointikoodin voit hakea <a href=\"https:\/\/www.geocache.fi\/activate\/\">Geocache.fi-sivuilta.<\/a><\/p>","protected":false},"excerpt":{"rendered":"<p>Seurantakoodillisess\u00e4 nimikyltiss\u00e4 lukee &#8221;Hello my name is&#8221; ja paikka mihin voit tussilla kirjoittaa nimimerkkisi. Flag name tagissa on lis\u00e4ksi Suomen lippu kertomassa mist\u00e4 maasta olet kotoisin.<\/p>","protected":false},"featured_media":5063,"comment_status":"open","ping_status":"closed","template":"","meta":{"_kadence_starter_templates_imported_post":false,"_kad_post_transparent":"","_kad_post_title":"","_kad_post_layout":"","_kad_post_sidebar_id":"","_kad_post_content_style":"","_kad_post_vertical_padding":"","_kad_post_feature":"","_kad_post_feature_position":"","_kad_post_header":false,"_kad_post_footer":false,"_kad_post_classname":""},"product_brand":[],"product_cat":[1539,16],"product_tag":[419,420,422],"class_list":{"0":"post-5064","1":"product","2":"type-product","3":"status-publish","4":"has-post-thumbnail","6":"product_cat-name-tagit","7":"product_cat-yleinen","8":"product_tag-flag-name-tag","9":"product_tag-name-tag","10":"product_tag-nimikyltti","12":"first","13":"instock","14":"taxable","15":"shipping-taxable","16":"purchasable","17":"product-type-simple","18":"entry","19":"content-bg","20":"loop-entry"},"_links":{"self":[{"href":"https:\/\/kivenalla.fi\/en\/wp-json\/wp\/v2\/product\/5064","targetHints":{"allow":["GET"]}}],"collection":[{"href":"https:\/\/kivenalla.fi\/en\/wp-json\/wp\/v2\/product"}],"about":[{"href":"https:\/\/kivenalla.fi\/en\/wp-json\/wp\/v2\/types\/product"}],"replies":[{"embeddable":true,"href":"https:\/\/kivenalla.fi\/en\/wp-json\/wp\/v2\/comments?post=5064"}],"wp:featuredmedia":[{"embeddable":true,"href":"https:\/\/kivenalla.fi\/en\/wp-json\/wp\/v2\/media\/5063"}],"wp:attachment":[{"href":"https:\/\/kivenalla.fi\/en\/wp-json\/wp\/v2\/media?parent=5064"}],"wp:term":[{"taxonomy":"product_brand","embeddable":true,"href":"https:\/\/kivenalla.fi\/en\/wp-json\/wp\/v2\/product_brand?post=5064"},{"taxonomy":"product_cat","embeddable":true,"href":"https:\/\/kivenalla.fi\/en\/wp-json\/wp\/v2\/product_cat?post=5064"},{"taxonomy":"product_tag","embeddable":true,"href":"https:\/\/kivenalla.fi\/en\/wp-json\/wp\/v2\/product_tag?post=5064"}],"curies":[{"name":"wp","href":"https:\/\/api.w.org\/{rel}","templated":true}]}}