{"id":5066,"date":"2023-12-01T14:44:06","date_gmt":"2023-12-01T12:44:06","guid":{"rendered":"https:\/\/kivenalla.fi\/tuote\/rolleri-supermagneeteille-120-200-kg-2\/"},"modified":"2025-11-30T18:44:33","modified_gmt":"2025-11-30T16:44:33","slug":"rolleri-supermagneeteille-120-200-kg-2","status":"publish","type":"product","link":"https:\/\/kivenalla.fi\/en\/product\/rolleri-supermagneeteille-120-200-kg-2\/","title":{"rendered":"Rolleri supermagneeteille (120 &#8211; 200 kg)"},"content":{"rendered":"<h1>***&nbsp;UUTUUS&nbsp;&nbsp;*** Magneettikalastajille!<\/h1>\n<p>Rollerissa on 4mm polyesteri-k\u00f6ysi, pituus 30 metri\u00e4. Kest\u00e4\u00e4 280 kg vetoa, uppoaa veteen. Sopii hyvin k\u00e4ytett\u00e4v\u00e4ksi supermagneeteissa, joiden vetolujuus on 130 kg &#8211; 200 kg. Tehty Suomessa.<\/p>","protected":false},"excerpt":{"rendered":"<h1>***&nbsp;UUTUUS&nbsp;&nbsp;*** Magneettikalastajille!<\/h1>","protected":false},"featured_media":5065,"comment_status":"open","ping_status":"closed","template":"","meta":{"_kadence_starter_templates_imported_post":false,"_kad_post_transparent":"","_kad_post_title":"","_kad_post_layout":"","_kad_post_sidebar_id":"","_kad_post_content_style":"","_kad_post_vertical_padding":"","_kad_post_feature":"","_kad_post_feature_position":"","_kad_post_header":false,"_kad_post_footer":false,"_kad_post_classname":""},"product_brand":[],"product_cat":[1654,1557,16],"product_tag":[798,89,88,795,797,796],"class_list":{"0":"post-5066","1":"product","2":"type-product","3":"status-publish","4":"has-post-thumbnail","6":"product_cat-ale20","7":"product_cat-supermagneetit","8":"product_cat-yleinen","9":"product_tag-koysi","10":"product_tag-magneetti","11":"product_tag-neodym","12":"product_tag-redmag","13":"product_tag-rolleri","14":"product_tag-supermagneetti","16":"first","17":"instock","18":"taxable","19":"shipping-taxable","20":"purchasable","21":"product-type-simple","22":"entry","23":"content-bg","24":"loop-entry"},"_links":{"self":[{"href":"https:\/\/kivenalla.fi\/en\/wp-json\/wp\/v2\/product\/5066","targetHints":{"allow":["GET"]}}],"collection":[{"href":"https:\/\/kivenalla.fi\/en\/wp-json\/wp\/v2\/product"}],"about":[{"href":"https:\/\/kivenalla.fi\/en\/wp-json\/wp\/v2\/types\/product"}],"replies":[{"embeddable":true,"href":"https:\/\/kivenalla.fi\/en\/wp-json\/wp\/v2\/comments?post=5066"}],"wp:featuredmedia":[{"embeddable":true,"href":"https:\/\/kivenalla.fi\/en\/wp-json\/wp\/v2\/media\/5065"}],"wp:attachment":[{"href":"https:\/\/kivenalla.fi\/en\/wp-json\/wp\/v2\/media?parent=5066"}],"wp:term":[{"taxonomy":"product_brand","embeddable":true,"href":"https:\/\/kivenalla.fi\/en\/wp-json\/wp\/v2\/product_brand?post=5066"},{"taxonomy":"product_cat","embeddable":true,"href":"https:\/\/kivenalla.fi\/en\/wp-json\/wp\/v2\/product_cat?post=5066"},{"taxonomy":"product_tag","embeddable":true,"href":"https:\/\/kivenalla.fi\/en\/wp-json\/wp\/v2\/product_tag?post=5066"}],"curies":[{"name":"wp","href":"https:\/\/api.w.org\/{rel}","templated":true}]}}