{"id":5082,"date":"2023-12-01T14:44:16","date_gmt":"2023-12-01T12:44:16","guid":{"rendered":"https:\/\/kivenalla.fi\/tuote\/kaulanauha-sininen-2\/"},"modified":"2026-01-05T13:08:31","modified_gmt":"2026-01-05T11:08:31","slug":"kaulanauha-sininen-2","status":"publish","type":"product","link":"https:\/\/kivenalla.fi\/en\/product\/kaulanauha-sininen-2\/","title":{"rendered":"Kaulanauha (sininen)"},"content":{"rendered":"<p>T\u00e4ss\u00e4 kaulanauhassa (&#8221;avainnauha&#8221;) on klipsi avaimia varten ja yksi mobiilikiinnikke pikalukolla esim. GPS:ll\u00e4 ja taskulampulle. Lenkki on erikseen vahvistettu siimalla. Kaulahihnan v\u00e4ri on sininen ja tekstin v\u00e4ri valkoinen. Kaulanauhassa kulkee teksti GEOCACHING, jonka edess\u00e4 Geocaching-logo. Kaulahihnan pituus on noin 40 cm ja leveys 2 cm.<\/p>","protected":false},"excerpt":{"rendered":"<p>T\u00e4ss\u00e4 kaulanauhassa (&#8221;avainnauha&#8221;) on klipsi avaimia varten ja yksi mobiilikiinnikke pikalukolla esim. GPS:ll\u00e4 ja taskulampulle. Lenkki on erikseen vahvistettu siimalla.<\/p>","protected":false},"featured_media":5081,"comment_status":"open","ping_status":"closed","template":"","meta":{"_kadence_starter_templates_imported_post":false,"_kad_post_transparent":"","_kad_post_title":"","_kad_post_layout":"","_kad_post_sidebar_id":"","_kad_post_content_style":"","_kad_post_vertical_padding":"","_kad_post_feature":"","_kad_post_feature_position":"","_kad_post_header":false,"_kad_post_footer":false,"_kad_post_classname":""},"product_brand":[],"product_cat":[1536,16],"product_tag":[260,212,412],"class_list":{"0":"post-5082","1":"product","2":"type-product","3":"status-publish","4":"has-post-thumbnail","6":"product_cat-muut-geokatkoilytuotteet","7":"product_cat-yleinen","8":"product_tag-avainnauha","9":"product_tag-kaulanauha","10":"product_tag-nauha","12":"first","13":"instock","14":"taxable","15":"shipping-taxable","16":"purchasable","17":"product-type-simple","18":"entry","19":"content-bg","20":"loop-entry"},"_links":{"self":[{"href":"https:\/\/kivenalla.fi\/en\/wp-json\/wp\/v2\/product\/5082","targetHints":{"allow":["GET"]}}],"collection":[{"href":"https:\/\/kivenalla.fi\/en\/wp-json\/wp\/v2\/product"}],"about":[{"href":"https:\/\/kivenalla.fi\/en\/wp-json\/wp\/v2\/types\/product"}],"replies":[{"embeddable":true,"href":"https:\/\/kivenalla.fi\/en\/wp-json\/wp\/v2\/comments?post=5082"}],"wp:featuredmedia":[{"embeddable":true,"href":"https:\/\/kivenalla.fi\/en\/wp-json\/wp\/v2\/media\/5081"}],"wp:attachment":[{"href":"https:\/\/kivenalla.fi\/en\/wp-json\/wp\/v2\/media?parent=5082"}],"wp:term":[{"taxonomy":"product_brand","embeddable":true,"href":"https:\/\/kivenalla.fi\/en\/wp-json\/wp\/v2\/product_brand?post=5082"},{"taxonomy":"product_cat","embeddable":true,"href":"https:\/\/kivenalla.fi\/en\/wp-json\/wp\/v2\/product_cat?post=5082"},{"taxonomy":"product_tag","embeddable":true,"href":"https:\/\/kivenalla.fi\/en\/wp-json\/wp\/v2\/product_tag?post=5082"}],"curies":[{"name":"wp","href":"https:\/\/api.w.org\/{rel}","templated":true}]}}