{"id":5110,"date":"2023-12-01T14:44:29","date_gmt":"2023-12-01T12:44:29","guid":{"rendered":"https:\/\/kivenalla.fi\/tuote\/mastojen-loisteessa-t-paita-2\/"},"modified":"2024-11-22T13:41:20","modified_gmt":"2024-11-22T11:41:20","slug":"mastojen-loisteessa-t-paita","status":"publish","type":"product","link":"https:\/\/kivenalla.fi\/en\/product\/mastojen-loisteessa-t-paita\/","title":{"rendered":"Mastojen loisteessa T-shirt"},"content":{"rendered":"<h1 class=\"wp-block-heading\">Virallinen Mastojen loisteessa MEGA T-paita<\/h1>\n\n\n\n<p><span class=\"menutext\">Paita on Fruit of the Loomin valmistamaa laadukasta Ringspun-mallistoa. Tarkista alla olevista linkeist\u00e4 kokotaulut, jotta tilaat itsellesi sopivan kokoisen paidan. Paidan v\u00e4ri on musta ja rinnassa on Mastojen loisteessa MEGAn logo. Paitaa on saatavilla my\u00f6s seurantakoodillisena versiona, jolloin seurantakoodi painetaan hihaan. N\u00e4in paita on my\u00f6s matkalainen, jonka toiset geok\u00e4tk\u00f6ilij\u00e4t voivat merkata n\u00e4hneeksi, kun n\u00e4kev\u00e4t paidan koodin.<\/span><\/p>\n\n\n\n<p><a data-link-type=\"external\" data-type=\"linkpicker\" href=\"https:\/\/www.skypro.fi\/tuotteet\/haku\/id\/14220-ringspun-premium-t-paita\/\">Ringspun Premium-paita, katso tuotemitat.<\/a><\/p>\n\n\n\n<p><span class=\"menutext\">Mastojen loisteessa MEGAeventin k\u00e4tk\u00f6kuvauksen l\u00f6yd\u00e4t <\/span><a data-link-type=\"external\" data-type=\"linkpicker\" href=\"https:\/\/www.geocaching.com\/geocache\/GC7KZKJ\">here<\/a><span class=\"menutext\">.<\/span><\/p>\n\n\n\n<p><a data-link-type=\"external\" data-type=\"linkpicker\" href=\"https:\/\/www.facebook.com\/GC7KZKJ\/\">Mastojen loisteessa MEGA-eventin Facebook-sivut<\/a><\/p>\n\n\n\n<p><a data-link-type=\"external\" data-type=\"linkpicker\" href=\"https:\/\/mastojenloisteessa.fi\/\">Mastojen loisteessa MEGAn viralliset kotisivut<\/a><\/p>\n\n\n\n<p><strong>NOTE: The logo size shown in the image may not exactly match the actual proportions of the logo on the shirt.<\/strong><\/p>","protected":false},"excerpt":{"rendered":"<h1>Virallinen Mastojen loisteessa MEGA T-paita<\/h1>","protected":false},"featured_media":5109,"comment_status":"open","ping_status":"closed","template":"","meta":{"_kadence_starter_templates_imported_post":false,"_kad_post_transparent":"","_kad_post_title":"","_kad_post_layout":"","_kad_post_sidebar_id":"","_kad_post_content_style":"","_kad_post_vertical_padding":"","_kad_post_feature":"","_kad_post_feature_position":"","_kad_post_header":false,"_kad_post_footer":false,"_kad_post_classname":""},"product_brand":[],"product_cat":[1655,1614,1571,16],"product_tag":[423,95,906,127,907,831,829,92],"class_list":{"0":"post-5110","1":"product","2":"type-product","3":"status-publish","4":"has-post-thumbnail","6":"product_cat-ale30","7":"product_cat-mega-tuotteet","8":"product_cat-paidat","9":"product_cat-yleinen","10":"product_tag-eventti","11":"product_tag-fruit-of-the-loom","12":"product_tag-mastojen-loisteessa","13":"product_tag-mega","14":"product_tag-mega-eventti","15":"product_tag-megapaita","16":"product_tag-ringspun","17":"product_tag-t-paita","19":"first","20":"instock","21":"sale","22":"taxable","23":"shipping-taxable","24":"purchasable","25":"product-type-variable","26":"has-default-attributes","27":"entry","28":"content-bg","29":"loop-entry"},"_links":{"self":[{"href":"https:\/\/kivenalla.fi\/en\/wp-json\/wp\/v2\/product\/5110","targetHints":{"allow":["GET"]}}],"collection":[{"href":"https:\/\/kivenalla.fi\/en\/wp-json\/wp\/v2\/product"}],"about":[{"href":"https:\/\/kivenalla.fi\/en\/wp-json\/wp\/v2\/types\/product"}],"replies":[{"embeddable":true,"href":"https:\/\/kivenalla.fi\/en\/wp-json\/wp\/v2\/comments?post=5110"}],"wp:featuredmedia":[{"embeddable":true,"href":"https:\/\/kivenalla.fi\/en\/wp-json\/wp\/v2\/media\/5109"}],"wp:attachment":[{"href":"https:\/\/kivenalla.fi\/en\/wp-json\/wp\/v2\/media?parent=5110"}],"wp:term":[{"taxonomy":"product_brand","embeddable":true,"href":"https:\/\/kivenalla.fi\/en\/wp-json\/wp\/v2\/product_brand?post=5110"},{"taxonomy":"product_cat","embeddable":true,"href":"https:\/\/kivenalla.fi\/en\/wp-json\/wp\/v2\/product_cat?post=5110"},{"taxonomy":"product_tag","embeddable":true,"href":"https:\/\/kivenalla.fi\/en\/wp-json\/wp\/v2\/product_tag?post=5110"}],"curies":[{"name":"wp","href":"https:\/\/api.w.org\/{rel}","templated":true}]}}