{"id":5179,"date":"2023-12-01T14:45:00","date_gmt":"2023-12-01T12:45:00","guid":{"rendered":"https:\/\/kivenalla.fi\/tuote\/joulukortti-2\/"},"modified":"2025-12-09T10:32:10","modified_gmt":"2025-12-09T08:32:10","slug":"joulukortti-2","status":"publish","type":"product","link":"https:\/\/kivenalla.fi\/en\/product\/joulukortti-2\/","title":{"rendered":"Geocaching Christmas Card"},"content":{"rendered":"<h1>Geok\u00e4tk\u00f6ilyaiheinen joulukortti<\/h1>\n<p>L\u00e4het\u00e4 geok\u00e4tk\u00f6ilev\u00e4lle yst\u00e4v\u00e4llesi tai sukulaisgeoj\u00e4stille t\u00e4m\u00e4 mainio geok\u00e4tk\u00f6ilyaiheinen joulukortti. Joulukortin kuvituksesta vastaa geok\u00e4tk\u00f6ilynimimerkki martsa. Kortin mitat ovat 148 mm x 105 mm.<\/p>\n<p>&nbsp;<\/p>","protected":false},"excerpt":{"rendered":"<h1>Geok\u00e4tk\u00f6ilyaiheinen joulukortti<\/h1>","protected":false},"featured_media":5178,"comment_status":"open","ping_status":"closed","template":"","meta":{"_kadence_starter_templates_imported_post":false,"_kad_post_transparent":"","_kad_post_title":"","_kad_post_layout":"","_kad_post_sidebar_id":"","_kad_post_content_style":"","_kad_post_vertical_padding":"","_kad_post_feature":"","_kad_post_feature_position":"","_kad_post_header":false,"_kad_post_footer":false,"_kad_post_classname":""},"product_brand":[],"product_cat":[1654,1536],"product_tag":[21,302,303,646],"class_list":{"0":"post-5179","1":"product","2":"type-product","3":"status-publish","4":"has-post-thumbnail","6":"product_cat-ale20","7":"product_cat-muut-geokatkoilytuotteet","8":"product_tag-geokatkoily","9":"product_tag-joulu","10":"product_tag-joulukortti","11":"product_tag-kortti","13":"first","14":"instock","15":"taxable","16":"shipping-taxable","17":"purchasable","18":"product-type-simple","19":"entry","20":"content-bg","21":"loop-entry"},"_links":{"self":[{"href":"https:\/\/kivenalla.fi\/en\/wp-json\/wp\/v2\/product\/5179","targetHints":{"allow":["GET"]}}],"collection":[{"href":"https:\/\/kivenalla.fi\/en\/wp-json\/wp\/v2\/product"}],"about":[{"href":"https:\/\/kivenalla.fi\/en\/wp-json\/wp\/v2\/types\/product"}],"replies":[{"embeddable":true,"href":"https:\/\/kivenalla.fi\/en\/wp-json\/wp\/v2\/comments?post=5179"}],"wp:featuredmedia":[{"embeddable":true,"href":"https:\/\/kivenalla.fi\/en\/wp-json\/wp\/v2\/media\/5178"}],"wp:attachment":[{"href":"https:\/\/kivenalla.fi\/en\/wp-json\/wp\/v2\/media?parent=5179"}],"wp:term":[{"taxonomy":"product_brand","embeddable":true,"href":"https:\/\/kivenalla.fi\/en\/wp-json\/wp\/v2\/product_brand?post=5179"},{"taxonomy":"product_cat","embeddable":true,"href":"https:\/\/kivenalla.fi\/en\/wp-json\/wp\/v2\/product_cat?post=5179"},{"taxonomy":"product_tag","embeddable":true,"href":"https:\/\/kivenalla.fi\/en\/wp-json\/wp\/v2\/product_tag?post=5179"}],"curies":[{"name":"wp","href":"https:\/\/api.w.org\/{rel}","templated":true}]}}