{"id":5223,"date":"2023-12-01T14:45:26","date_gmt":"2023-12-01T12:45:26","guid":{"rendered":"https:\/\/kivenalla.fi\/tuote\/braija-travel-tag-2\/"},"modified":"2025-05-17T17:24:32","modified_gmt":"2025-05-17T14:24:32","slug":"braija-travel-tag-2","status":"publish","type":"product","link":"https:\/\/kivenalla.fi\/en\/product\/braija-travel-tag-2\/","title":{"rendered":"Braija Travel Tag"},"content":{"rendered":"<h1>Braija Travel tag &#8211; Experienced geocacher from Finland<\/h1>\n<p>&#8221;I think I will do it!&#8221;. Braija on ehk\u00e4 osalle tuttu vuoden 2018 Geocaching International Film Festivaleilta. Kyseinen kaveri hurmasi yleis\u00f6n ymp\u00e4ri maailmaa ja Geocaching documentary: Winter caching in Finland palkittiin People&#8217;s Choice palkinnolla. Eik\u00e4 siin\u00e4 kaikki sill\u00e4 vuonna 2019 Geocaching Documentary from Finland \u2013 Being Stealth palkittiin Signal Award:lla<\/p>\n<blockquote class=\"wp-embedded-content\" data-secret=\"X0eWlnzhOz\"><p><a href=\"https:\/\/www.geocaching.com\/blog\/2018\/11\/and-the-giff-2018-award-winners-are\/\">And the GIFF 2018 Award winners are&#8230;<\/a><\/p><\/blockquote>\n<p><iframe loading=\"lazy\" class=\"wp-embedded-content\" sandbox=\"allow-scripts\" security=\"restricted\" style=\"position: absolute; clip: rect(1px, 1px, 1px, 1px);\" title=\"&#8220;And the GIFF 2018 Award winners are&#8230;&#8221; &#8212; Official Blog\" src=\"https:\/\/www.geocaching.com\/blog\/2018\/11\/and-the-giff-2018-award-winners-are\/embed\/#?secret=P1TxYpKHwP#?secret=X0eWlnzhOz\" data-secret=\"X0eWlnzhOz\" width=\"600\" height=\"338\" frameborder=\"0\" marginwidth=\"0\" marginheight=\"0\" scrolling=\"no\"><\/iframe><\/p>\n<blockquote class=\"wp-embedded-content\" data-secret=\"FsLDFAV7J1\"><p><a href=\"https:\/\/www.geocaching.com\/blog\/2019\/11\/and-the-giff-2019-award-winners-are\/\">And the GIFF 2019 Award winners are&#8230;<\/a><\/p><\/blockquote>\n<p><iframe loading=\"lazy\" class=\"wp-embedded-content\" sandbox=\"allow-scripts\" security=\"restricted\" style=\"position: absolute; clip: rect(1px, 1px, 1px, 1px);\" title=\"&#8220;And the GIFF 2019 Award winners are&#8230;&#8221; &#8212; Official Blog\" src=\"https:\/\/www.geocaching.com\/blog\/2019\/11\/and-the-giff-2019-award-winners-are\/embed\/#?secret=RZ6DG4riEH#?secret=FsLDFAV7J1\" data-secret=\"FsLDFAV7J1\" width=\"600\" height=\"338\" frameborder=\"0\" marginwidth=\"0\" marginheight=\"0\" scrolling=\"no\"><\/iframe><\/p>\n<p>Now you can get a piece of Braija for yourself with this unique travel tag.<\/p>","protected":false},"excerpt":{"rendered":"<h1>Braija Travel tag<\/h1>","protected":false},"featured_media":5222,"comment_status":"open","ping_status":"closed","template":"","meta":{"_kadence_starter_templates_imported_post":false,"_kad_post_transparent":"","_kad_post_title":"","_kad_post_layout":"","_kad_post_sidebar_id":"","_kad_post_content_style":"","_kad_post_vertical_padding":"","_kad_post_feature":"","_kad_post_feature_position":"","_kad_post_header":false,"_kad_post_footer":false,"_kad_post_classname":""},"product_brand":[],"product_cat":[1653,1538,16],"product_tag":[974,975,591,976],"class_list":{"0":"post-5223","1":"product","2":"type-product","3":"status-publish","4":"has-post-thumbnail","6":"product_cat-ale10","7":"product_cat-travel-tagit","8":"product_cat-yleinen","9":"product_tag-braija","10":"product_tag-experienced-geocacher-from-finland","11":"product_tag-giff","12":"product_tag-i-think-i-will-do-it","14":"first","15":"instock","16":"taxable","17":"shipping-taxable","18":"purchasable","19":"product-type-simple","20":"entry","21":"content-bg","22":"loop-entry"},"_links":{"self":[{"href":"https:\/\/kivenalla.fi\/en\/wp-json\/wp\/v2\/product\/5223","targetHints":{"allow":["GET"]}}],"collection":[{"href":"https:\/\/kivenalla.fi\/en\/wp-json\/wp\/v2\/product"}],"about":[{"href":"https:\/\/kivenalla.fi\/en\/wp-json\/wp\/v2\/types\/product"}],"replies":[{"embeddable":true,"href":"https:\/\/kivenalla.fi\/en\/wp-json\/wp\/v2\/comments?post=5223"}],"wp:featuredmedia":[{"embeddable":true,"href":"https:\/\/kivenalla.fi\/en\/wp-json\/wp\/v2\/media\/5222"}],"wp:attachment":[{"href":"https:\/\/kivenalla.fi\/en\/wp-json\/wp\/v2\/media?parent=5223"}],"wp:term":[{"taxonomy":"product_brand","embeddable":true,"href":"https:\/\/kivenalla.fi\/en\/wp-json\/wp\/v2\/product_brand?post=5223"},{"taxonomy":"product_cat","embeddable":true,"href":"https:\/\/kivenalla.fi\/en\/wp-json\/wp\/v2\/product_cat?post=5223"},{"taxonomy":"product_tag","embeddable":true,"href":"https:\/\/kivenalla.fi\/en\/wp-json\/wp\/v2\/product_tag?post=5223"}],"curies":[{"name":"wp","href":"https:\/\/api.w.org\/{rel}","templated":true}]}}