{"id":5236,"date":"2023-12-01T14:45:31","date_gmt":"2023-12-01T12:45:31","guid":{"rendered":"https:\/\/kivenalla.fi\/tuote\/pieni-kapykatko-3d\/"},"modified":"2026-04-07T20:33:37","modified_gmt":"2026-04-07T17:33:37","slug":"pieni-kapykatko-3d","status":"publish","type":"product","link":"https:\/\/kivenalla.fi\/en\/product\/pieni-kapykatko-3d\/","title":{"rendered":"Small 3D Pine Cone Cache"},"content":{"rendered":"<h1>Pieni ruskea k\u00e4pyk\u00e4tk\u00f6.<\/h1>\n<p>A natural-looking 3D-printed pinecone cache. The cache can be hung on a conifer branch using the loop with string or wire (not included). The loop end opens with a twist, and inside there is room for a roll of log paper. Included is one roll of waterproof log paper. Printing material: PLA plastic.<\/p>\n<p><strong>Note! Now includes an O-ring as well.<\/strong><\/p>\n<p>The pinecone size is approx. 60 x 30 mm.<\/p>","protected":false},"excerpt":{"rendered":"<h1>Pieni ruskea k\u00e4pyk\u00e4tk\u00f6.<\/h1>","protected":false},"featured_media":5235,"comment_status":"open","ping_status":"closed","template":"","meta":{"_kadence_starter_templates_imported_post":false,"_kad_post_transparent":"","_kad_post_title":"","_kad_post_layout":"","_kad_post_sidebar_id":"","_kad_post_content_style":"","_kad_post_vertical_padding":"","_kad_post_feature":"","_kad_post_feature_position":"","_kad_post_header":false,"_kad_post_footer":false,"_kad_post_classname":""},"product_brand":[],"product_cat":[1653,1544,16],"product_tag":[988,992,991,990],"class_list":{"0":"post-5236","1":"product","2":"type-product","3":"status-publish","4":"has-post-thumbnail","6":"product_cat-ale10","7":"product_cat-erikoiskatkot","8":"product_cat-yleinen","9":"product_tag-3d","10":"product_tag-3d-katko","11":"product_tag-kapykatko","12":"product_tag-pieni-kapykatko","14":"first","15":"instock","16":"taxable","17":"shipping-taxable","18":"purchasable","19":"product-type-simple","20":"entry","21":"content-bg","22":"loop-entry"},"_links":{"self":[{"href":"https:\/\/kivenalla.fi\/en\/wp-json\/wp\/v2\/product\/5236","targetHints":{"allow":["GET"]}}],"collection":[{"href":"https:\/\/kivenalla.fi\/en\/wp-json\/wp\/v2\/product"}],"about":[{"href":"https:\/\/kivenalla.fi\/en\/wp-json\/wp\/v2\/types\/product"}],"replies":[{"embeddable":true,"href":"https:\/\/kivenalla.fi\/en\/wp-json\/wp\/v2\/comments?post=5236"}],"wp:featuredmedia":[{"embeddable":true,"href":"https:\/\/kivenalla.fi\/en\/wp-json\/wp\/v2\/media\/5235"}],"wp:attachment":[{"href":"https:\/\/kivenalla.fi\/en\/wp-json\/wp\/v2\/media?parent=5236"}],"wp:term":[{"taxonomy":"product_brand","embeddable":true,"href":"https:\/\/kivenalla.fi\/en\/wp-json\/wp\/v2\/product_brand?post=5236"},{"taxonomy":"product_cat","embeddable":true,"href":"https:\/\/kivenalla.fi\/en\/wp-json\/wp\/v2\/product_cat?post=5236"},{"taxonomy":"product_tag","embeddable":true,"href":"https:\/\/kivenalla.fi\/en\/wp-json\/wp\/v2\/product_tag?post=5236"}],"curies":[{"name":"wp","href":"https:\/\/api.w.org\/{rel}","templated":true}]}}