{"id":5257,"date":"2023-12-01T14:45:43","date_gmt":"2023-12-01T12:45:43","guid":{"rendered":"https:\/\/kivenalla.fi\/tuote\/lumonite-air2-2231-lm-2\/"},"modified":"2024-08-23T09:32:39","modified_gmt":"2024-08-23T06:32:39","slug":"lumonite-air2","status":"publish","type":"product","link":"https:\/\/kivenalla.fi\/en\/product\/lumonite-air2\/","title":{"rendered":"LUMONITE Air2, 2489 lm"},"content":{"rendered":"<h2 class=\"wp-block-heading\">2489 LUMENIA &#8211; 260 METRI\u00c4 (p\u00e4ivitetty 23.8.2024)<br>NEUTRAALI V\u00c4RIL\u00c4MP\u00d6TILA<\/h2>\n\n\n\n<ul class=\"wp-block-list\">\n<li><strong>Kevyt suurteho-otsavalaisin &#8211; huikea koko-tehosuhde!<\/strong><\/li>\n\n\n\n<li><strong>Mitattu valoteho hurjat 2489 lm<\/strong><\/li>\n\n\n\n<li><strong>Silm\u00e4yst\u00e4v\u00e4llinen, neutraali valon v\u00e4ril\u00e4mp\u00f6tila!<\/strong><\/li>\n\n\n\n<li><strong>Ultrakevyt valaisinp\u00e4\u00e4 (77 g)<\/strong><\/li>\n\n\n\n<li><strong>Erillinen akku, pitk\u00e4 k\u00e4ytt\u00f6aika (2-30 h)<\/strong><\/li>\n\n\n\n<li><strong>Varatankki-ominaisuus &#8211; valaisin ei j\u00e4t\u00e4 pulaan<\/strong><\/li>\n\n\n\n<li><strong>Jopa 260 m kantama!<\/strong><\/li>\n\n\n\n<li><strong>Todella laaja valokeila, hajavalon kanssa yli 180\u00b0<\/strong><\/li>\n\n\n\n<li><strong>Valaisee koko n\u00e4k\u00f6kent\u00e4n<\/strong><\/li>\n\n\n\n<li><strong>Valaisinp\u00e4\u00e4ll\u00e4 IPX6-suojausluokitus<\/strong><\/li>\n\n\n\n<li><strong>Saatavilla laaja valikoima lis\u00e4varusteita!<\/strong><\/li>\n\n\n\n<li><strong>GoPro-yhteensopiva kiinnitys &#8211; rajattomat kiinnitysmahdollisuudet!<\/strong><\/li>\n\n\n\n<li><strong>60 kk = viiden vuoden takuu!<\/strong><\/li>\n\n\n\n<li><strong>Design from Finland &#8211; Suomalaista muotoilua!<\/strong><\/li>\n<\/ul>\n\n\n\n<p>Suomessa suunniteltu Lumonite Air2 on valmistajansa suurteho-valaisinsarjan kompaktein malli, jonka suunnittelun l\u00e4ht\u00f6kohtana on ollut pieni koko ja keveys sek\u00e4 maksimaalinen valoteho. Kokoluokassaan Air2 tarjoaa ennenn\u00e4kem\u00e4t\u00f6nt\u00e4 suorituskyky\u00e4, mist\u00e4 kertoo mm. hurja 2489 lumenin valoteho, jopa 260 metriin kantava valokeila sek\u00e4 loppuun asti hiottu optiikka, jonka ansiosta valokeila on niin laaja (yli 180\u00b0), ett\u00e4 se valaisee tehokkaasti koko n\u00e4k\u00f6kent\u00e4n. Lis\u00e4ksi valossa on neutraali 5300 kelvinin v\u00e4ris\u00e4vy, joka on silm\u00e4lle mahdollisimman miellytt\u00e4v\u00e4 ja toistaa ymp\u00e4rist\u00f6n v\u00e4rit sek\u00e4 maaston muodot eritt\u00e4in hyvin. T\u00e4m\u00e4 helpottaa varsinkin kovassa vauhdissa maaston hahmottamista ja siell\u00e4 liikkumista. Lumonite Air2 on t\u00e4ydellinen valaisin suunnistukseen, ulkoiluun, py\u00f6r\u00e4ilyyn tai vaativaankin ty\u00f6k\u00e4ytt\u00f6\u00f6n. GoPro-yhteensopivan jalustansa ansiosta valaisin voidaan voidaan kiinnitt\u00e4\u00e4 esimerksiksi useimpiin kyp\u00e4riin.<\/p>\n\n\n\n<p>Lumonite Air2:n valaisinp\u00e4\u00e4ss\u00e4 on tarkkuusty\u00f6stetty linssi, joka tuottaa laajan yhdistelm\u00e4valokeilan valaisten koko n\u00e4k\u00f6kent\u00e4n laidasta laitaan. Valokeilan keskiosa ulottuu aina 260 metriin saakka, ja leve\u00e4 keh\u00e4 sen ymp\u00e4rill\u00e4 valaisee l\u00e4himaaston joka suunnasta vaivattomasti. Keveytens\u00e4, ketter\u00e4n kokonsa ja optimaalisen valokeilansa ansiosta LUMONITE Air2 soveltuu erinomaisesti mm. vauhdikkaisiin urheiluharrastuksiin. Valaisinosa painaa ainoastaan 77 g (kaapelin kanssa), ja teho-painosuhde onkin Air2:ssa maailmanluokkaa!<\/p>\n\n\n\n<p>Sek\u00e4 Air2:n otsapanta ett\u00e4 valaisinosa ovat GoPro-yhteensopivia, mik\u00e4 mahdollistaa valaisimen kiinnityksen otsapannan lis\u00e4ksi suoraan my\u00f6s kaikkiin markkinoilla myyt\u00e4viin GoPro-kiinnikkeisiin.T\u00e4m\u00e4 mahdollistaa valaisimen vaivattoman k\u00e4yt\u00f6n otsalampun lis\u00e4ksi esim. py\u00f6r\u00e4nvalona, kyp\u00e4r\u00e4valona tai vaikka moottorikelkan lis\u00e4valona, sill\u00e4 kiinnitysmahdollisuuksia valaisimella on k\u00e4yt\u00e4nn\u00f6ss\u00e4 loputtomasti!&nbsp;<\/p>\n\n\n\n<p>Uudistettu Lumonite Ergo V2 -otsapanta on valmistettu helppok\u00e4ytt\u00f6isyys ja k\u00e4ytt\u00f6mukavuus edell\u00e4, mink\u00e4 ansiosta se on aiempaa tukevampi ja mukavampi p\u00e4\u00e4ss\u00e4 my\u00f6s kovatempoisessa urheilussa. Pannan monipuoliset s\u00e4\u00e4d\u00f6t tekev\u00e4t siit\u00e4 sopivan erikokoisiin p\u00e4ihin sek\u00e4 miehille ett\u00e4 naisille, ja ergonomisen muotoilun, ultrakevyen rakenteen sek\u00e4 pienten k\u00e4ytt\u00f6\u00e4 helpottavien yksityiskohtien ansiosta se on heitt\u00e4m\u00e4ll\u00e4 yksi markkinoiden parhaimmista otsapannoista.<\/p>\n\n\n\n<h2 class=\"wp-block-heading\">Tuotepakkauksen sis\u00e4lt\u00f6 (Perussetti)<\/h2>\n\n\n\n<ul class=\"wp-block-list\">\n<li>Lumonite Air2-valaisinp\u00e4\u00e4<\/li>\n\n\n\n<li>Lumonite Air2-valaisinosan suojakuori<\/li>\n\n\n\n<li>Lumonite Air2-litiumioniakku (Slimcore 50)\n<ul class=\"wp-block-list\">\n<li>+ Lumonite Slimholder monitoimikiinnike varusteineen<\/li>\n<\/ul>\n<\/li>\n\n\n\n<li>Lumonite Air2-verkkolaturi<\/li>\n\n\n\n<li>Lumonite Air2-jatkojohto, 50 cm<\/li>\n\n\n\n<li>Lumonite Air2-otsapanta<\/li>\n\n\n\n<li>Lumonite Air2-s\u00e4ilytyslaukku<\/li>\n\n\n\n<li>Lumonite Air2-k\u00e4ytt\u00f6ohje (FI\/EN\/SE\/NO)<\/li>\n<\/ul>\n\n\n\n<h2 class=\"wp-block-heading\">Pikaopas<\/h2>\n\n\n\n<p>Lumonite Air2- valaisinsarjan k\u00e4ytt\u00e4minen on helppoa &#8211; Ensin kytket\u00e4\u00e4n akku, sitten valaisin kytket\u00e4\u00e4n p\u00e4\u00e4lle valaisimen p\u00e4\u00e4ll\u00e4 olevasta napista. T\u00e4m\u00e4n j\u00e4lkeen napin painaminen vaihtaa aina seuraavaan tehotilaan j\u00e4rjestyksess\u00e4 Low-Med-High-Max. Max-tila voidaan kytke\u00e4 p\u00e4\u00e4lle my\u00f6s mist\u00e4 tahansa tehotilasta tuplanapsautuksella. Max-tilasta p\u00e4\u00e4set tuplanapsautuksella takaisin edelt\u00e4v\u00e4\u00e4n tilaan.<\/p>\n\n\n\n<p>K\u00e4ytt\u00f6ohje PDF:n\u00e4: <a href=\"https:\/\/cdn.handshake.fi\/files\/2023-02-08\/lumonite_air2_manual_011675839710.pdf\" target=\"_blank\" rel=\"noreferrer noopener\">Lumonite Air2 -k\u00e4ytt\u00f6ohje<\/a> (avautuu uuteen ikkunaan).<\/p>","protected":false},"excerpt":{"rendered":"<p>Huippukevyt, eritt\u00e4in tehokas ja ladattava LED-otsalamppu vaativaan k\u00e4ytt\u00f6\u00f6n! Pitk\u00e4 k\u00e4ytt\u00f6aika. Sis\u00e4lt\u00e4\u00e4 kaiken tarvittavan!<\/p>","protected":false},"featured_media":5256,"comment_status":"open","ping_status":"closed","template":"","meta":{"_kadence_starter_templates_imported_post":false,"_kad_post_transparent":"","_kad_post_title":"","_kad_post_layout":"","_kad_post_sidebar_id":"","_kad_post_content_style":"","_kad_post_vertical_padding":"","_kad_post_feature":"","_kad_post_feature_position":"","_kad_post_header":false,"_kad_post_footer":false,"_kad_post_classname":""},"product_brand":[],"product_cat":[1565],"product_tag":[1016,495,267],"class_list":{"0":"post-5257","1":"product","2":"type-product","3":"status-publish","4":"has-post-thumbnail","6":"product_cat-lumonite","7":"product_tag-air2","8":"product_tag-lumonite","9":"product_tag-otsalamppu","11":"first","12":"onbackorder","13":"taxable","14":"shipping-taxable","15":"purchasable","16":"product-type-simple","17":"entry","18":"content-bg","19":"loop-entry"},"_links":{"self":[{"href":"https:\/\/kivenalla.fi\/en\/wp-json\/wp\/v2\/product\/5257","targetHints":{"allow":["GET"]}}],"collection":[{"href":"https:\/\/kivenalla.fi\/en\/wp-json\/wp\/v2\/product"}],"about":[{"href":"https:\/\/kivenalla.fi\/en\/wp-json\/wp\/v2\/types\/product"}],"replies":[{"embeddable":true,"href":"https:\/\/kivenalla.fi\/en\/wp-json\/wp\/v2\/comments?post=5257"}],"wp:featuredmedia":[{"embeddable":true,"href":"https:\/\/kivenalla.fi\/en\/wp-json\/wp\/v2\/media\/5256"}],"wp:attachment":[{"href":"https:\/\/kivenalla.fi\/en\/wp-json\/wp\/v2\/media?parent=5257"}],"wp:term":[{"taxonomy":"product_brand","embeddable":true,"href":"https:\/\/kivenalla.fi\/en\/wp-json\/wp\/v2\/product_brand?post=5257"},{"taxonomy":"product_cat","embeddable":true,"href":"https:\/\/kivenalla.fi\/en\/wp-json\/wp\/v2\/product_cat?post=5257"},{"taxonomy":"product_tag","embeddable":true,"href":"https:\/\/kivenalla.fi\/en\/wp-json\/wp\/v2\/product_tag?post=5257"}],"curies":[{"name":"wp","href":"https:\/\/api.w.org\/{rel}","templated":true}]}}