{"id":5276,"date":"2023-12-01T14:45:49","date_gmt":"2023-12-01T12:45:49","guid":{"rendered":"https:\/\/kivenalla.fi\/tuote\/pieni-katkotarra-camo\/"},"modified":"2026-04-04T21:14:24","modified_gmt":"2026-04-04T18:14:24","slug":"pieni-katkotarra-camo","status":"publish","type":"product","link":"https:\/\/kivenalla.fi\/en\/product\/pieni-katkotarra-camo\/","title":{"rendered":"Small Cache Sticker (Camo)"},"content":{"rendered":"<p>Tyylik\u00e4s camokuosinen tarra pieneen k\u00e4tk\u00f6purkkiin. Tarran koko on n. 43 x 78 mm.<\/p>\n<p>The sticker includes spaces to write:<\/p>\n<ul>\n<li>Cache name<\/li>\n<li>GC code<\/li>\n<li>Hider's player name<\/li>\n<li>Contact<\/li>\n<\/ul>\n<p>&nbsp;<\/p>","protected":false},"excerpt":{"rendered":"<p>Tarra pieneen k\u00e4tk\u00f6purkkiin. Tarran koko 4,5 x 10 cm.<\/p>","protected":false},"featured_media":5275,"comment_status":"open","ping_status":"closed","template":"","meta":{"_kadence_starter_templates_imported_post":false,"_kad_post_transparent":"","_kad_post_title":"","_kad_post_layout":"","_kad_post_sidebar_id":"","_kad_post_content_style":"","_kad_post_vertical_padding":"","_kad_post_feature":"","_kad_post_feature_position":"","_kad_post_header":false,"_kad_post_footer":false,"_kad_post_classname":""},"product_brand":[],"product_cat":[1654,1546,16],"product_tag":[1027,22,1028],"class_list":{"0":"post-5276","1":"product","2":"type-product","3":"status-publish","4":"has-post-thumbnail","6":"product_cat-ale20","7":"product_cat-tarrat","8":"product_cat-yleinen","9":"product_tag-camotarra","10":"product_tag-katkotarra","11":"product_tag-pieni-katkotarra","13":"first","14":"instock","15":"taxable","16":"shipping-taxable","17":"purchasable","18":"product-type-simple","19":"entry","20":"content-bg","21":"loop-entry"},"_links":{"self":[{"href":"https:\/\/kivenalla.fi\/en\/wp-json\/wp\/v2\/product\/5276","targetHints":{"allow":["GET"]}}],"collection":[{"href":"https:\/\/kivenalla.fi\/en\/wp-json\/wp\/v2\/product"}],"about":[{"href":"https:\/\/kivenalla.fi\/en\/wp-json\/wp\/v2\/types\/product"}],"replies":[{"embeddable":true,"href":"https:\/\/kivenalla.fi\/en\/wp-json\/wp\/v2\/comments?post=5276"}],"wp:featuredmedia":[{"embeddable":true,"href":"https:\/\/kivenalla.fi\/en\/wp-json\/wp\/v2\/media\/5275"}],"wp:attachment":[{"href":"https:\/\/kivenalla.fi\/en\/wp-json\/wp\/v2\/media?parent=5276"}],"wp:term":[{"taxonomy":"product_brand","embeddable":true,"href":"https:\/\/kivenalla.fi\/en\/wp-json\/wp\/v2\/product_brand?post=5276"},{"taxonomy":"product_cat","embeddable":true,"href":"https:\/\/kivenalla.fi\/en\/wp-json\/wp\/v2\/product_cat?post=5276"},{"taxonomy":"product_tag","embeddable":true,"href":"https:\/\/kivenalla.fi\/en\/wp-json\/wp\/v2\/product_tag?post=5276"}],"curies":[{"name":"wp","href":"https:\/\/api.w.org\/{rel}","templated":true}]}}