{"id":5285,"date":"2023-12-01T14:45:53","date_gmt":"2023-12-01T12:45:53","guid":{"rendered":"https:\/\/kivenalla.fi\/tuote\/armytek-zippy-2\/"},"modified":"2025-12-13T21:36:41","modified_gmt":"2025-12-13T19:36:41","slug":"armytek-zippy-2","status":"publish","type":"product","link":"https:\/\/kivenalla.fi\/en\/product\/armytek-zippy-2\/","title":{"rendered":"Armytek Zippy"},"content":{"rendered":"<h1>Armytek Zippy -avaimenper\u00e4valaisin<\/h1>\n<p>Minikokoinen (n. 6 x 2,5 cm) avaimenper\u00e4valaisin, jossa valotehoa jopa 160 lm (OTF). Valokeilan kantama n. 15 m suurimmalla valoteholla. Valons\u00e4teen kulma on 110 astetta.<\/p>\n<ul>\n<li>160 lm (OTF)<\/li>\n<li>Kolme valonvoimakkuutta<\/li>\n<li>Valons\u00e4teen kulma 110 astetta<\/li>\n<li>Valokeilan kantama 15 m<\/li>\n<li>Voidaan ladata micro-USB-kaapelilla (ei sis\u00e4lly tuotteeseen).<\/li>\n<li>Sis\u00e4isen 100 mAh Li-Pol-akku<\/li>\n<li>Paino: 12 g<\/li>\n<li>Vedenkest\u00e4vyys: IP67 (1 m syvyys)<\/li>\n<li>Paloaika 17 min &#8211; 10 h (riippuen valotehosta)<\/li>\n<li>Nelj\u00e4 eri v\u00e4rivaihtoehtoa: sininen, vihre\u00e4, keltainen ja harmaa<\/li>\n<li>5 vuoden takuu<\/li>\n<\/ul>\n<p>&nbsp;<\/p>","protected":false},"excerpt":{"rendered":"<h1>Armytek Zippy -avaimenper\u00e4valaisin<\/h1>","protected":false},"featured_media":5284,"comment_status":"open","ping_status":"closed","template":"","meta":{"_kadence_starter_templates_imported_post":false,"_kad_post_transparent":"","_kad_post_title":"","_kad_post_layout":"","_kad_post_sidebar_id":"","_kad_post_content_style":"","_kad_post_vertical_padding":"","_kad_post_feature":"","_kad_post_feature_position":"","_kad_post_header":false,"_kad_post_footer":false,"_kad_post_classname":""},"product_brand":[],"product_cat":[1653,1563,1662,16],"product_tag":[598,1033,266,1032],"class_list":{"0":"post-5285","1":"product","2":"type-product","3":"status-publish","4":"has-post-thumbnail","6":"product_cat-ale10","7":"product_cat-armytek","8":"product_cat-joulu","9":"product_cat-yleinen","10":"product_tag-armytek","11":"product_tag-avaimenperavalaisin","12":"product_tag-taskulamppu","13":"product_tag-zippy","15":"first","16":"instock","17":"taxable","18":"shipping-taxable","19":"purchasable","20":"product-type-variable","21":"has-default-attributes","22":"entry","23":"content-bg","24":"loop-entry"},"_links":{"self":[{"href":"https:\/\/kivenalla.fi\/en\/wp-json\/wp\/v2\/product\/5285","targetHints":{"allow":["GET"]}}],"collection":[{"href":"https:\/\/kivenalla.fi\/en\/wp-json\/wp\/v2\/product"}],"about":[{"href":"https:\/\/kivenalla.fi\/en\/wp-json\/wp\/v2\/types\/product"}],"replies":[{"embeddable":true,"href":"https:\/\/kivenalla.fi\/en\/wp-json\/wp\/v2\/comments?post=5285"}],"wp:featuredmedia":[{"embeddable":true,"href":"https:\/\/kivenalla.fi\/en\/wp-json\/wp\/v2\/media\/5284"}],"wp:attachment":[{"href":"https:\/\/kivenalla.fi\/en\/wp-json\/wp\/v2\/media?parent=5285"}],"wp:term":[{"taxonomy":"product_brand","embeddable":true,"href":"https:\/\/kivenalla.fi\/en\/wp-json\/wp\/v2\/product_brand?post=5285"},{"taxonomy":"product_cat","embeddable":true,"href":"https:\/\/kivenalla.fi\/en\/wp-json\/wp\/v2\/product_cat?post=5285"},{"taxonomy":"product_tag","embeddable":true,"href":"https:\/\/kivenalla.fi\/en\/wp-json\/wp\/v2\/product_tag?post=5285"}],"curies":[{"name":"wp","href":"https:\/\/api.w.org\/{rel}","templated":true}]}}