{"id":5323,"date":"2023-12-01T14:46:09","date_gmt":"2023-12-01T12:46:09","guid":{"rendered":"https:\/\/kivenalla.fi\/tuote\/garrett-pro-pointer-2-2\/"},"modified":"2025-08-20T12:39:48","modified_gmt":"2025-08-20T09:39:48","slug":"garrett-pro-pointer-2-2","status":"publish","type":"product","link":"https:\/\/kivenalla.fi\/en\/product\/garrett-pro-pointer-2-2\/","title":{"rendered":"Garrett Pro Pointer 2"},"content":{"rendered":"<h1>UUDISTUNUT Garrett Pro-Pointer 2<\/h1>\n<p>Uudistunut Pro Pointer 2 &#8211; parempaa kest\u00e4vyytt\u00e4 ja enemm\u00e4n herkkyytt\u00e4. Pinpointtaa kohde nopeammin ja k\u00e4tev\u00e4mmin. Kuule \u00e4\u00e4nisignaali ja tunne v\u00e4rin\u00e4 &#8211; \u00e4\u00e4nen ja v\u00e4rin\u00e4n intensiteetti kasvaa mit\u00e4 l\u00e4hemp\u00e4n\u00e4 kohde on.<\/p>\n<p>Etsin s\u00e4\u00e4tyy automaattisesti eik\u00e4 h\u00e4iriinny l\u00e4hell\u00e4 olevasta metallinpaljastimista. LED-valo helpottaa laitteen h\u00e4m\u00e4r\u00e4k\u00e4ytt\u00f6\u00e4.<\/p>\n<p>Uutta! Lost Pinpointer Alarm -toiminto aktivoituu jos et ole painanut Power-painiketta 5 minuuttiin laitteen k\u00e4ynniss\u00e4 ollessa! Auto Off -toiminto sammuttaa laitteen 1 tunnin kuluttua k\u00e4ynnistyksest\u00e4, mik\u00e4li laite on unohtunut p\u00e4\u00e4lle.<\/p>\n<p>Erinomainen seiniss\u00e4 ja ahtaissa paikoissa olevien k\u00e4tk\u00f6jen etsint\u00e4\u00e4n. Auttaa paikantamaan kohteen kuin kohteen.<\/p>\n<p><strong>TUOTETIEDOT<\/strong><\/p>\n<ul>\n<li class=\"smallvalue\">Virtal\u00e4hde:Paristo 1 x 9V (sis)<\/li>\n<li class=\"smallvalue\">Paino:0.2 kg<\/li>\n<li class=\"smallvalue\">Taajuus:12 kHz<\/li>\n<li>K\u00e4ytt\u00f6ohjekirja:suomi, englanti<\/li>\n<li class=\"smallvalue\">Takuu:2 vuotta<\/li>\n<\/ul>","protected":false},"excerpt":{"rendered":"<h1>UUDISTUNUT Garrett Pro-Pointer 2<\/h1>","protected":false},"featured_media":5322,"comment_status":"open","ping_status":"closed","template":"","meta":{"_kadence_starter_templates_imported_post":false,"_kad_post_transparent":"","_kad_post_title":"","_kad_post_layout":"","_kad_post_sidebar_id":"","_kad_post_content_style":"","_kad_post_vertical_padding":"","_kad_post_feature":"","_kad_post_feature_position":"","_kad_post_header":false,"_kad_post_footer":false,"_kad_post_classname":""},"product_brand":[],"product_cat":[1653,1555,16],"product_tag":[83,85,1039,1037,315],"class_list":{"0":"post-5323","1":"product","2":"type-product","3":"status-publish","4":"has-post-thumbnail","6":"product_cat-ale10","7":"product_cat-garrett","8":"product_cat-yleinen","9":"product_tag-garrett","10":"product_tag-metallinetsinta","11":"product_tag-pinpointer","12":"product_tag-pro-pointer-2","13":"product_tag-pro-pointer","15":"first","16":"instock","17":"taxable","18":"shipping-taxable","19":"purchasable","20":"product-type-simple","21":"entry","22":"content-bg","23":"loop-entry"},"_links":{"self":[{"href":"https:\/\/kivenalla.fi\/en\/wp-json\/wp\/v2\/product\/5323","targetHints":{"allow":["GET"]}}],"collection":[{"href":"https:\/\/kivenalla.fi\/en\/wp-json\/wp\/v2\/product"}],"about":[{"href":"https:\/\/kivenalla.fi\/en\/wp-json\/wp\/v2\/types\/product"}],"replies":[{"embeddable":true,"href":"https:\/\/kivenalla.fi\/en\/wp-json\/wp\/v2\/comments?post=5323"}],"wp:featuredmedia":[{"embeddable":true,"href":"https:\/\/kivenalla.fi\/en\/wp-json\/wp\/v2\/media\/5322"}],"wp:attachment":[{"href":"https:\/\/kivenalla.fi\/en\/wp-json\/wp\/v2\/media?parent=5323"}],"wp:term":[{"taxonomy":"product_brand","embeddable":true,"href":"https:\/\/kivenalla.fi\/en\/wp-json\/wp\/v2\/product_brand?post=5323"},{"taxonomy":"product_cat","embeddable":true,"href":"https:\/\/kivenalla.fi\/en\/wp-json\/wp\/v2\/product_cat?post=5323"},{"taxonomy":"product_tag","embeddable":true,"href":"https:\/\/kivenalla.fi\/en\/wp-json\/wp\/v2\/product_tag?post=5323"}],"curies":[{"name":"wp","href":"https:\/\/api.w.org\/{rel}","templated":true}]}}