{"id":5382,"date":"2023-12-01T14:46:40","date_gmt":"2023-12-01T12:46:40","guid":{"rendered":"https:\/\/kivenalla.fi\/tuote\/satawattia-t-paita\/"},"modified":"2024-11-22T15:03:29","modified_gmt":"2024-11-22T13:03:29","slug":"satawattia-t-paita","status":"publish","type":"product","link":"https:\/\/kivenalla.fi\/en\/product\/satawattia-t-paita\/","title":{"rendered":"SataWattia T-shirt"},"content":{"rendered":"<h1 class=\"wp-block-heading\">Virallinen SataWattia Vuojoella 2020 MEGA T-paita<\/h1>\n\n\n\n<p><span class=\"menutext\">Paita on Fruit of the Loomin valmistamaa laadukasta Ringspun-mallistoa. Tarkista alla olevista linkeist\u00e4 kokotaulut, jotta tilaat itsellesi sopivan kokoisen paidan. Paidan v\u00e4ri on musta ja rinnassa on SataWattia MEGAn logo.<\/span><span class=\"menutext\"> Paitaa on saatavilla my\u00f6s seurantakoodillisena versiona, jolloin seurantakoodi painetaan hihaan. N\u00e4in paita on my\u00f6s matkalainen, jonka toiset geok\u00e4tk\u00f6ilij\u00e4t voivat merkata n\u00e4hneeksi, kun n\u00e4kev\u00e4t paidan koodin.<\/span><\/p>\n\n\n\n<p><a data-link-type=\"external\" data-type=\"linkpicker\" href=\"https:\/\/www.skypro.fi\/tuotteet\/haku\/id\/14220-ringspun-premium-t-paita\/\">Ringspun Premium-paita, katso tuotemitat.<\/a><\/p>\n\n\n\n<p><strong>NOTE: The logo size shown in the image may not exactly match the actual proportions of the logo on the shirt.<\/strong><\/p>","protected":false},"excerpt":{"rendered":"<h1>Virallinen SataWattia Vuojoella 2020 MEGA T-paita<\/h1>","protected":false},"featured_media":5381,"comment_status":"open","ping_status":"closed","template":"","meta":{"_kadence_starter_templates_imported_post":false,"_kad_post_transparent":"","_kad_post_title":"","_kad_post_layout":"","_kad_post_sidebar_id":"","_kad_post_content_style":"","_kad_post_vertical_padding":"","_kad_post_feature":"","_kad_post_feature_position":"","_kad_post_header":false,"_kad_post_footer":false,"_kad_post_classname":""},"product_brand":[],"product_cat":[1653,1614,1571,16],"product_tag":[127,831,91,1083,92,1090],"class_list":{"0":"post-5382","1":"product","2":"type-product","3":"status-publish","4":"has-post-thumbnail","6":"product_cat-ale10","7":"product_cat-mega-tuotteet","8":"product_cat-paidat","9":"product_cat-yleinen","10":"product_tag-mega","11":"product_tag-megapaita","12":"product_tag-paita","13":"product_tag-satawattia","14":"product_tag-t-paita","15":"product_tag-virallinen","17":"first","18":"instock","19":"sale","20":"taxable","21":"shipping-taxable","22":"purchasable","23":"product-type-variable","24":"has-default-attributes","25":"entry","26":"content-bg","27":"loop-entry"},"_links":{"self":[{"href":"https:\/\/kivenalla.fi\/en\/wp-json\/wp\/v2\/product\/5382","targetHints":{"allow":["GET"]}}],"collection":[{"href":"https:\/\/kivenalla.fi\/en\/wp-json\/wp\/v2\/product"}],"about":[{"href":"https:\/\/kivenalla.fi\/en\/wp-json\/wp\/v2\/types\/product"}],"replies":[{"embeddable":true,"href":"https:\/\/kivenalla.fi\/en\/wp-json\/wp\/v2\/comments?post=5382"}],"wp:featuredmedia":[{"embeddable":true,"href":"https:\/\/kivenalla.fi\/en\/wp-json\/wp\/v2\/media\/5381"}],"wp:attachment":[{"href":"https:\/\/kivenalla.fi\/en\/wp-json\/wp\/v2\/media?parent=5382"}],"wp:term":[{"taxonomy":"product_brand","embeddable":true,"href":"https:\/\/kivenalla.fi\/en\/wp-json\/wp\/v2\/product_brand?post=5382"},{"taxonomy":"product_cat","embeddable":true,"href":"https:\/\/kivenalla.fi\/en\/wp-json\/wp\/v2\/product_cat?post=5382"},{"taxonomy":"product_tag","embeddable":true,"href":"https:\/\/kivenalla.fi\/en\/wp-json\/wp\/v2\/product_tag?post=5382"}],"curies":[{"name":"wp","href":"https:\/\/api.w.org\/{rel}","templated":true}]}}