{"id":5414,"date":"2023-12-01T14:46:53","date_gmt":"2023-12-01T12:46:53","guid":{"rendered":"https:\/\/kivenalla.fi\/tuote\/topo-sweden-v6-pro\/"},"modified":"2024-07-31T10:06:38","modified_gmt":"2024-07-31T07:06:38","slug":"topo-sweden-v6-pro","status":"publish","type":"product","link":"https:\/\/kivenalla.fi\/en\/product\/topo-sweden-v6-pro\/","title":{"rendered":"Topo Sweden v6 PRO"},"content":{"rendered":"<p>Valmistaudu seuraavaan hienoon ulkoilmaseikkailuusi Ruotsissa. Lantm\u00e4terietin maantieteellisiin tietoihin perustuva tuote sis\u00e4lt\u00e4\u00e4 kaikki ominaisuudet, joiden avulla p\u00e4\u00e4set perille niin patikoidessasi, mets\u00e4st\u00e4ess\u00e4si kuin kiipeilless\u00e4sikin.<\/p>\n<ul>\n<li>Sis\u00e4lt\u00e4\u00e4 koko Ruotsin karttatiedot samalla helposti asetettavalla microSD\u2122-kortilla, ja lis\u00e4ksi Lantm\u00e4terietin topografiset tiedot, joiden mittakaava on 1:50&nbsp;000 ja 1:100&nbsp;000<\/li>\n<li>Sis\u00e4lt\u00e4\u00e4 500 neli\u00f6kilometrin alueen maarekisterin <a href=\"https:\/\/buy.garmin.com\/fi-FI\/FI\/p\/692983\" target=\"_blank\" rel=\"noopener\">BirdsEye Select Sweden Prime&#8221;<\/a> -rasterikarttoja, joiden mittakaava on 1:10&nbsp;000 ja joita on helppo mukauttaa ja ladata&nbsp;<a href=\"http:\/\/www.garmin.com\/fi-FI\/shop\/downloads\/basecamp\">BaseCamp<\/a>\u2122-ohjelmistollamme<\/li>\n<li>Sis\u00e4lt\u00e4\u00e4 ActiveRouting\u00b9-ominaisuuksia, joilla voit suunnitella ja mukauttaa reittej\u00e4 koko tie- ja polkuverkostossa. Suorituskohtainen kartta taas n\u00e4ytt\u00e4\u00e4 sis\u00e4ll\u00f6n eri v\u00e4reill\u00e4 suoritusten mukaan<\/li>\n<li>N\u00e4ytt\u00e4\u00e4 k\u00e4\u00e4nn\u00f6skohtaiset katunavigointitiedot yli 760&nbsp;000 kilometrin (472&nbsp;000 mailin) tieverkostosta ja 129&nbsp;000 kilometrin (80&nbsp;000 mailin) polkuverkostosta<\/li>\n<li>Sis\u00e4lt\u00e4\u00e4 700&nbsp;000 hakukelpoista vapaa-ajan ja matkailun kohdepistett\u00e4, mukaan lukien ravintolat, maantieteelliset paikat ja vuoristoalueet, sek\u00e4 STF-retkeilymajat ja vuoristom\u00f6kit<\/li>\n<li>Yhteensopiva BaseCamp-ohjelmiston kanssa. Sill\u00e4 voit suunnitella matkasi tietokoneella ja siirt\u00e4\u00e4 reitit ja reittipisteet tietokoneesta yhteensopivaan laitteeseen.<\/li>\n<\/ul>","protected":false},"excerpt":{"rendered":"<p>Valmistaudu seuraavaan hienoon ulkoilmaseikkailuusi Ruotsissa. Lantm\u00e4terietin maantieteellisiin tietoihin perustuva tuote sis\u00e4lt\u00e4\u00e4 kaikki ominaisuudet, joiden avulla p\u00e4\u00e4set perille niin patikoidessasi, mets\u00e4st\u00e4ess\u00e4si kuin kiipeilless\u00e4sikin.<\/p>","protected":false},"featured_media":5413,"comment_status":"open","ping_status":"closed","template":"","meta":{"_kadence_starter_templates_imported_post":false,"_kad_post_transparent":"","_kad_post_title":"","_kad_post_layout":"","_kad_post_sidebar_id":"","_kad_post_content_style":"","_kad_post_vertical_padding":"","_kad_post_feature":"","_kad_post_feature_position":"","_kad_post_header":false,"_kad_post_footer":false,"_kad_post_classname":""},"product_brand":[],"product_cat":[1561,16],"product_tag":[135,262,1092,1091,134],"class_list":{"0":"post-5414","1":"product","2":"type-product","3":"status-publish","4":"has-post-thumbnail","6":"product_cat-kartat","7":"product_cat-yleinen","8":"product_tag-maastokartta","9":"product_tag-ruotsi","10":"product_tag-ruotsin-maastokartta","11":"product_tag-topo-sweden","12":"product_tag-topokartta","14":"first","15":"onbackorder","16":"taxable","17":"shipping-taxable","18":"purchasable","19":"product-type-simple","20":"entry","21":"content-bg","22":"loop-entry"},"_links":{"self":[{"href":"https:\/\/kivenalla.fi\/en\/wp-json\/wp\/v2\/product\/5414","targetHints":{"allow":["GET"]}}],"collection":[{"href":"https:\/\/kivenalla.fi\/en\/wp-json\/wp\/v2\/product"}],"about":[{"href":"https:\/\/kivenalla.fi\/en\/wp-json\/wp\/v2\/types\/product"}],"replies":[{"embeddable":true,"href":"https:\/\/kivenalla.fi\/en\/wp-json\/wp\/v2\/comments?post=5414"}],"wp:featuredmedia":[{"embeddable":true,"href":"https:\/\/kivenalla.fi\/en\/wp-json\/wp\/v2\/media\/5413"}],"wp:attachment":[{"href":"https:\/\/kivenalla.fi\/en\/wp-json\/wp\/v2\/media?parent=5414"}],"wp:term":[{"taxonomy":"product_brand","embeddable":true,"href":"https:\/\/kivenalla.fi\/en\/wp-json\/wp\/v2\/product_brand?post=5414"},{"taxonomy":"product_cat","embeddable":true,"href":"https:\/\/kivenalla.fi\/en\/wp-json\/wp\/v2\/product_cat?post=5414"},{"taxonomy":"product_tag","embeddable":true,"href":"https:\/\/kivenalla.fi\/en\/wp-json\/wp\/v2\/product_tag?post=5414"}],"curies":[{"name":"wp","href":"https:\/\/api.w.org\/{rel}","templated":true}]}}