{"id":5435,"date":"2023-12-01T14:47:02","date_gmt":"2023-12-01T12:47:02","guid":{"rendered":"https:\/\/kivenalla.fi\/tuote\/fenix-are-d2\/"},"modified":"2026-02-02T08:34:43","modified_gmt":"2026-02-02T06:34:43","slug":"fenix-are-d2","status":"publish","type":"product","link":"https:\/\/kivenalla.fi\/en\/product\/fenix-are-d2\/","title":{"rendered":"Fenix ARE-D2"},"content":{"rendered":"<div class=\"grid-col grid-col-content-bottom-1-1\">\n<div class=\"grid-items\">\n<div class=\"grid-item grid-item-content-bottom-1-1-1\">\n<div class=\"module module-blocks module-blocks-334 blocks-grid\">\n<div class=\"module-body\">\n<div class=\"module-item module-item-1\">\n<div class=\"block-body expand-block\">\n<div class=\"block-wrapper\">\n<div class=\"block-content  block-description\">\n<h1>FENIX ARE-D2 -\u00c4LYLATURI<\/h1>\n<p>Mikroprosessoriohjattu Fenix ARE-D2 latauslaite tarjoaa turvallisen ja nopean latauksen per\u00e4ti yhdeks\u00e4lle erityyppiselle ladattavalle Li-ion ja Ni-MH akkuparistoille. Fenix ARE-D2 laturissa akkujen lataus k\u00e4y nopeasti sill\u00e4 se pystyy lataamaan akut 2A latausviralla. Laturin tarkka LCD-n\u00e4ytt\u00f6 n\u00e4ytt\u00e4\u00e4 selke\u00e4sti latauksen etenemisen, purkuvirran ja akun varaustilan.ARE-D2 laturissa on my\u00f6s virran ulossy\u00f6tt\u00f6toiminto joka mahdollistaa tilap\u00e4isen virransy\u00f6t\u00f6n ulkopuoliselle laitteelle.jolla voit antaa h\u00e4t\u00e4virtaa ulkopuoliselle laitteelle kuten puhelimelle jne.&nbsp; Laturi tunnistaa automaattisesti ladattavan akkutyypin.<\/p>\n<p>&nbsp;<\/p>\n<ul>\n<li>Tarkoitettu 1-2 kpl Li-ion: 10440, 14500, 16340, 18650, 21700, 26650 ja AA, AAA ja C Ni-MH \/ Ni-Cd akkukennojen lataamiseen<\/li>\n<li>Nopea jopa 2A latausvirta: 2600 Li-ion akku latautuu tyhj\u00e4st\u00e4 t\u00e4yteen 1,3 tunnissa<\/li>\n<li>Mikro USB-lataus (kaapeli sis\u00e4ltyy)<\/li>\n<li>Virran ulossy\u00f6tt\u00f6 USB-kaapelilla<\/li>\n<li>Erilliset mikroprosessoriohjatut latauskanavat jokaisella akulle<\/li>\n<li>Tarkka LCD-n\u00e4ytt\u00f6 akun varauksen, latauksen, latausvirran ja latausajan seurantaan<\/li>\n<li>Digitaalisesti reguloitu ja mikroprosessoriohjattu lataus pident\u00e4\u00e4 akun elinik\u00e4\u00e4<\/li>\n<li>Nelinkertainen suojaus akun oikosulkua, ylilataantumista, ylipurkautumista ja k\u00e4\u00e4nteist\u00e4 paristopolarisaatiota vastaan<\/li>\n<\/ul>\n<h3 class=\"title module-title block-title\">Technical details<\/h3>\n<table class=\"table table-bordered\">\n<tbody>\n<tr>\n<td>Tuoteluokka<\/td>\n<td>Laturi<\/td>\n<\/tr>\n<tr>\n<td>Latausvirta<\/td>\n<td>NiMH\/NiCd: 1,5V, 0,5Ax2\/1.0A*2: AA, AAA. Li-ion: 4,2V\/3,65V, 0,5Ax2\/1.0Ax2 \/2.0A*1: 10440, 14500, 16340, 18650, 21700, 26650.<\/td>\n<\/tr>\n<tr>\n<td>Purkunopeus<\/td>\n<td>3W (NiMH\/Ni-Cd), 8,4W (Li-ion)<\/td>\n<\/tr>\n<tr>\n<td>K\u00e4ytt\u00f6j\u00e4nnite<\/td>\n<td>Mikro USB 5V\/2A (ulkoinen virtal\u00e4hde)<\/td>\n<\/tr>\n<tr>\n<td>K\u00e4ytt\u00f6l\u00e4mp\u00f6tila<\/td>\n<td>-20 -astetta &#8211; +50 -astetta<\/td>\n<\/tr>\n<tr>\n<td>Size<\/td>\n<td>123 x 62 x 30 mm<\/td>\n<\/tr>\n<tr>\n<td>Weight<\/td>\n<td>92,3 g<\/td>\n<\/tr>\n<tr>\n<td>Warranty<\/td>\n<td>12 kk<\/td>\n<\/tr>\n<tr>\n<td>Certifications<\/td>\n<td>CE, FCC, WEEE<\/td>\n<\/tr>\n<tr>\n<td>Package contents<\/td>\n<td>Fenix ARE-D2 latauslaite, mikro USB-latauskaapeli, k\u00e4ytt\u00f6ohje<\/td>\n<\/tr>\n<\/tbody>\n<\/table>\n<\/div>\n<\/div>\n<\/div>\n<\/div>\n<\/div>\n<\/div>\n<\/div>\n<\/div>\n<\/div>","protected":false},"excerpt":{"rendered":"<h1>FENIX ARE-D2 -\u00c4LYLATURI<\/h1>\n<p>Mikroprosessoriohjattu Fenix ARE-D2 latauslaite tarjoaa turvallisen ja nopean latauksen per\u00e4ti yhdeks\u00e4lle erityyppiselle ladattavalle Li-ion ja Ni-MH akkuparistoille.<\/p>","protected":false},"featured_media":5434,"comment_status":"open","ping_status":"closed","template":"","meta":{"_kadence_starter_templates_imported_post":false,"_kad_post_transparent":"","_kad_post_title":"","_kad_post_layout":"","_kad_post_sidebar_id":"","_kad_post_content_style":"","_kad_post_vertical_padding":"","_kad_post_feature":"","_kad_post_feature_position":"","_kad_post_header":false,"_kad_post_footer":false,"_kad_post_classname":""},"product_brand":[],"product_cat":[1653,1569],"product_tag":[285,36,863,1099,32,288,289],"class_list":{"0":"post-5435","1":"product","2":"type-product","3":"status-publish","4":"has-post-thumbnail","6":"product_cat-ale10","7":"product_cat-laturit","8":"product_tag-285","9":"product_tag-aa","10":"product_tag-are","11":"product_tag-are-d2","12":"product_tag-fenix","13":"product_tag-laturi","14":"product_tag-paristo","16":"first","17":"onbackorder","18":"taxable","19":"shipping-taxable","20":"purchasable","21":"product-type-simple","22":"entry","23":"content-bg","24":"loop-entry"},"_links":{"self":[{"href":"https:\/\/kivenalla.fi\/en\/wp-json\/wp\/v2\/product\/5435","targetHints":{"allow":["GET"]}}],"collection":[{"href":"https:\/\/kivenalla.fi\/en\/wp-json\/wp\/v2\/product"}],"about":[{"href":"https:\/\/kivenalla.fi\/en\/wp-json\/wp\/v2\/types\/product"}],"replies":[{"embeddable":true,"href":"https:\/\/kivenalla.fi\/en\/wp-json\/wp\/v2\/comments?post=5435"}],"wp:featuredmedia":[{"embeddable":true,"href":"https:\/\/kivenalla.fi\/en\/wp-json\/wp\/v2\/media\/5434"}],"wp:attachment":[{"href":"https:\/\/kivenalla.fi\/en\/wp-json\/wp\/v2\/media?parent=5435"}],"wp:term":[{"taxonomy":"product_brand","embeddable":true,"href":"https:\/\/kivenalla.fi\/en\/wp-json\/wp\/v2\/product_brand?post=5435"},{"taxonomy":"product_cat","embeddable":true,"href":"https:\/\/kivenalla.fi\/en\/wp-json\/wp\/v2\/product_cat?post=5435"},{"taxonomy":"product_tag","embeddable":true,"href":"https:\/\/kivenalla.fi\/en\/wp-json\/wp\/v2\/product_tag?post=5435"}],"curies":[{"name":"wp","href":"https:\/\/api.w.org\/{rel}","templated":true}]}}