{"id":5469,"date":"2023-12-01T14:47:19","date_gmt":"2023-12-01T12:47:19","guid":{"rendered":"https:\/\/kivenalla.fi\/tuote\/imukuppiteline-ja-kaiutin-montana-7xx\/"},"modified":"2024-07-30T16:13:16","modified_gmt":"2024-07-30T13:13:16","slug":"imukuppiteline-ja-kaiutin-montana-7xx","status":"publish","type":"product","link":"https:\/\/kivenalla.fi\/en\/product\/imukuppiteline-ja-kaiutin-montana-7xx\/","title":{"rendered":"Imukuppiteline ja kaiutin (Montana 7xx)"},"content":{"rendered":"<p><span style=\"color: rgb(0, 0, 0); font-family: Roboto, &quot;Noto Sans TC&quot;, &quot;Noto Sans SC&quot;, &quot;Noto Sans JP&quot;, &quot;Noto Sans KR&quot;, Prompt, sans-serif, &quot;Microsoft JhengHei&quot;; font-size: 16px; font-style: normal; font-variant-ligatures: normal; font-variant-caps: normal; font-weight: 400; letter-spacing: normal; orphans: 2; text-align: center; text-indent: 0px; text-transform: none; white-space: normal; widows: 2; word-spacing: 0px; -webkit-text-stroke-width: 0px; background-color: rgb(255, 255, 255); text-decoration-style: initial; text-decoration-color: initial; display: inline !important; float: none;\">Kiinnit\u00e4 teline imukupilla tuulilasiin tai muuhun sile\u00e4\u00e4n, tasaiseen pintaan<\/span><span style=\"color: rgb(0, 0, 0); font-family: Roboto, &quot;Noto Sans TC&quot;, &quot;Noto Sans SC&quot;, &quot;Noto Sans JP&quot;, &quot;Noto Sans KR&quot;, Prompt, sans-serif, &quot;Microsoft JhengHei&quot;; font-size: 16px; font-style: normal; font-variant-ligatures: normal; font-variant-caps: normal; font-weight: 400; letter-spacing: normal; orphans: 2; text-align: center; text-indent: 0px; text-transform: none; white-space: normal; widows: 2; word-spacing: 0px; -webkit-text-stroke-width: 0px; background-color: rgb(255, 255, 255); text-decoration-style: initial; text-decoration-color: initial; display: inline !important; float: none;\"><span> <\/span>ja k\u00e4yt\u00e4 yhteensopivaa laitetta navigoidessasi. Sarja sis\u00e4lt\u00e4\u00e4 telineen, jossa on integroitu kaiutin ja imukuppi asennuksen helpottamiseksi. Laite latautuu telineess\u00e4.<\/span><\/p>","protected":false},"excerpt":{"rendered":"<p>Garmin Montana 7xx -sarjan autoteline.<\/p>","protected":false},"featured_media":5468,"comment_status":"open","ping_status":"closed","template":"","meta":{"_kadence_starter_templates_imported_post":false,"_kad_post_transparent":"","_kad_post_title":"","_kad_post_layout":"","_kad_post_sidebar_id":"","_kad_post_content_style":"","_kad_post_vertical_padding":"","_kad_post_feature":"","_kad_post_feature_position":"","_kad_post_header":false,"_kad_post_footer":false,"_kad_post_classname":""},"product_brand":[],"product_cat":[1560,16],"product_tag":[1120,41,46,1121,43,1115,1116,1117],"class_list":{"0":"post-5469","1":"product","2":"type-product","3":"status-publish","4":"has-post-thumbnail","6":"product_cat-garmin-lisavarusteet","7":"product_cat-yleinen","8":"product_tag-autoteline","9":"product_tag-garmin","10":"product_tag-gps","11":"product_tag-kaiutin","12":"product_tag-montana","13":"product_tag-montana-700","14":"product_tag-montana-700i","15":"product_tag-montana-750i","17":"first","18":"onbackorder","19":"taxable","20":"shipping-taxable","21":"purchasable","22":"product-type-simple","23":"entry","24":"content-bg","25":"loop-entry"},"_links":{"self":[{"href":"https:\/\/kivenalla.fi\/en\/wp-json\/wp\/v2\/product\/5469","targetHints":{"allow":["GET"]}}],"collection":[{"href":"https:\/\/kivenalla.fi\/en\/wp-json\/wp\/v2\/product"}],"about":[{"href":"https:\/\/kivenalla.fi\/en\/wp-json\/wp\/v2\/types\/product"}],"replies":[{"embeddable":true,"href":"https:\/\/kivenalla.fi\/en\/wp-json\/wp\/v2\/comments?post=5469"}],"wp:featuredmedia":[{"embeddable":true,"href":"https:\/\/kivenalla.fi\/en\/wp-json\/wp\/v2\/media\/5468"}],"wp:attachment":[{"href":"https:\/\/kivenalla.fi\/en\/wp-json\/wp\/v2\/media?parent=5469"}],"wp:term":[{"taxonomy":"product_brand","embeddable":true,"href":"https:\/\/kivenalla.fi\/en\/wp-json\/wp\/v2\/product_brand?post=5469"},{"taxonomy":"product_cat","embeddable":true,"href":"https:\/\/kivenalla.fi\/en\/wp-json\/wp\/v2\/product_cat?post=5469"},{"taxonomy":"product_tag","embeddable":true,"href":"https:\/\/kivenalla.fi\/en\/wp-json\/wp\/v2\/product_tag?post=5469"}],"curies":[{"name":"wp","href":"https:\/\/api.w.org\/{rel}","templated":true}]}}