{"id":5473,"date":"2023-12-01T14:47:21","date_gmt":"2023-12-01T12:47:21","guid":{"rendered":"https:\/\/kivenalla.fi\/tuote\/moottoripyoran-monkijan-telinesarja-montana-7xx\/"},"modified":"2024-07-31T10:05:02","modified_gmt":"2024-07-31T07:05:02","slug":"moottoripyoran-monkijan-telinesarja-montana-7xx","status":"publish","type":"product","link":"https:\/\/kivenalla.fi\/en\/product\/moottoripyoran-monkijan-telinesarja-montana-7xx\/","title":{"rendered":"Moottoripy\u00f6r\u00e4n\/m\u00f6nkij\u00e4n telinesarja (Montana 7xx)"},"content":{"rendered":"<p><span style=\"color: rgb(0, 0, 0); font-family: Roboto, &quot;Noto Sans TC&quot;, &quot;Noto Sans SC&quot;, &quot;Noto Sans JP&quot;, &quot;Noto Sans KR&quot;, Prompt, sans-serif, &quot;Microsoft JhengHei&quot;; font-size: 16px; font-style: normal; font-variant-ligatures: normal; font-variant-caps: normal; font-weight: 400; letter-spacing: normal; orphans: 2; text-align: center; text-indent: 0px; text-transform: none; white-space: normal; widows: 2; word-spacing: 0px; -webkit-text-stroke-width: 0px; background-color: rgb(255, 255, 255); text-decoration-style: initial; text-decoration-color: initial; display: inline !important; float: none;\">Napsauta yhteensopiva laite pysty- tai vaakatilassa tukevaan telineeseen<\/span><span style=\"color: rgb(0, 0, 0); font-family: Roboto, &quot;Noto Sans TC&quot;, &quot;Noto Sans SC&quot;, &quot;Noto Sans JP&quot;, &quot;Noto Sans KR&quot;, Prompt, sans-serif, &quot;Microsoft JhengHei&quot;; font-size: 16px; font-style: normal; font-variant-ligatures: normal; font-variant-caps: normal; font-weight: 400; letter-spacing: normal; orphans: 2; text-align: center; text-indent: 0px; text-transform: none; white-space: normal; widows: 2; word-spacing: 0px; -webkit-text-stroke-width: 0px; background-color: rgb(255, 255, 255); text-decoration-style: initial; text-decoration-color: initial; display: inline !important; float: none;\"><span> <\/span>moottoripy\u00f6r\u00e4ll\u00e4 tai m\u00f6nkij\u00e4ll\u00e4 navigointia varten. Sarja sis\u00e4lt\u00e4\u00e4 telineen, tarvikkeet, AMPS-varren\/-pallokannan ja johdon, jossa on paljaat virta-, \u00e4\u00e4ni- ja datajohtimet.<\/span><\/p>","protected":false},"excerpt":{"rendered":"<h1 class=\"app__product__info__title\" id=\"js__product__info__name\" style=\"box-sizing: border-box; margin: 0px; padding: 0px; border: 0px; vertical-align: baseline; font-style: normal; font-variant-ligatures: normal; font-variant-caps: normal; font-variant-numeric: inherit; font-variant-east-asian: inherit; font-weight: 600; font-stretch: inherit; line-height: 1.4; font-family: &quot;Open Sans&quot;, HelveticaNeue, HelveticaNeueu, Arial, sans-serif; font-size: 32px; letter-spacing: normal; color: rgb(0, 0, 0); -webkit-font-smoothing: antialiased; orphans: 2; text-align: left; text-indent: 0px; text-transform: none; white-space: normal; widows: 2; word-spacing: 0px; -webkit-text-stroke-width: 0px; text-decoration-style: initial; text-decoration-color: initial;\">Moottoripy\u00f6r\u00e4n\/m\u00f6nkij\u00e4n telinesarja ja tukeva AMPS-teline ja \u00e4\u00e4ni-\/virtajohto<\/h1>","protected":false},"featured_media":5472,"comment_status":"open","ping_status":"closed","template":"","meta":{"_kadence_starter_templates_imported_post":false,"_kad_post_transparent":"","_kad_post_title":"","_kad_post_layout":"","_kad_post_sidebar_id":"","_kad_post_content_style":"","_kad_post_vertical_padding":"","_kad_post_feature":"","_kad_post_feature_position":"","_kad_post_header":false,"_kad_post_footer":false,"_kad_post_classname":""},"product_brand":[],"product_cat":[1560,16],"product_tag":[41,46,49,43,1115,1116,1117,60],"class_list":{"0":"post-5473","1":"product","2":"type-product","3":"status-publish","4":"has-post-thumbnail","6":"product_cat-garmin-lisavarusteet","7":"product_cat-yleinen","8":"product_tag-garmin","9":"product_tag-gps","10":"product_tag-monkija","11":"product_tag-montana","12":"product_tag-montana-700","13":"product_tag-montana-700i","14":"product_tag-montana-750i","15":"product_tag-moottoripyora","17":"first","18":"onbackorder","19":"taxable","20":"shipping-taxable","21":"purchasable","22":"product-type-simple","23":"entry","24":"content-bg","25":"loop-entry"},"_links":{"self":[{"href":"https:\/\/kivenalla.fi\/en\/wp-json\/wp\/v2\/product\/5473","targetHints":{"allow":["GET"]}}],"collection":[{"href":"https:\/\/kivenalla.fi\/en\/wp-json\/wp\/v2\/product"}],"about":[{"href":"https:\/\/kivenalla.fi\/en\/wp-json\/wp\/v2\/types\/product"}],"replies":[{"embeddable":true,"href":"https:\/\/kivenalla.fi\/en\/wp-json\/wp\/v2\/comments?post=5473"}],"wp:featuredmedia":[{"embeddable":true,"href":"https:\/\/kivenalla.fi\/en\/wp-json\/wp\/v2\/media\/5472"}],"wp:attachment":[{"href":"https:\/\/kivenalla.fi\/en\/wp-json\/wp\/v2\/media?parent=5473"}],"wp:term":[{"taxonomy":"product_brand","embeddable":true,"href":"https:\/\/kivenalla.fi\/en\/wp-json\/wp\/v2\/product_brand?post=5473"},{"taxonomy":"product_cat","embeddable":true,"href":"https:\/\/kivenalla.fi\/en\/wp-json\/wp\/v2\/product_cat?post=5473"},{"taxonomy":"product_tag","embeddable":true,"href":"https:\/\/kivenalla.fi\/en\/wp-json\/wp\/v2\/product_tag?post=5473"}],"curies":[{"name":"wp","href":"https:\/\/api.w.org\/{rel}","templated":true}]}}