{"id":5479,"date":"2023-12-01T14:47:23","date_gmt":"2023-12-01T12:47:23","guid":{"rendered":"https:\/\/kivenalla.fi\/tuote\/fenix-lr35r-hakulamppu\/"},"modified":"2024-08-01T12:46:37","modified_gmt":"2024-08-01T09:46:37","slug":"fenix-lr35r-hakulamppu","status":"publish","type":"product","link":"https:\/\/kivenalla.fi\/en\/product\/fenix-lr35r-hakulamppu\/","title":{"rendered":"Fenix LR35R hakulamppu"},"content":{"rendered":"<div class=\"grid-col grid-col-content-bottom-1-1\">\n<div class=\"grid-items\">\n<div class=\"grid-item grid-item-content-bottom-1-1-1\">\n<div class=\"module module-blocks module-blocks-334 blocks-grid\">\n<div class=\"module-body\">\n<div class=\"module-item module-item-1\">\n<div class=\"block-body expand-block\">\n<div class=\"block-wrapper\">\n<div class=\"block-content  block-description\">\n<h3>Uskomaton tehopakkaus pieness\u00e4 koossa!<\/h3>\n<p>Fenix LR35R:n koko-\/tehosuhde on suoraan sanottuna uskomaton.&nbsp; Lampun maksimivalovoima 10 000 lumenia ja jopa 500 metrin kantavuus riitt\u00e4\u00e4 h\u00e4mm\u00e4stytt\u00e4m\u00e4\u00e4n kokeneenkin k\u00e4ytt\u00e4j\u00e4n. T\u00e4m\u00e4 eritt\u00e4in pienikokoinen mahtavalla valovoimalla varustettu lamppu valaisee laajalla 90 asteen valaisukulmallaan eritt\u00e4in tasaisesti suuria alueita. Valaisin sopii hyvin vaativaan harrastek\u00e4ytt\u00f6\u00f6n kuin my\u00f6s etsint\u00e4- ja pelastusk\u00e4yt\u00f6n luotettavaksi tehovalaisimeksi. T\u00e4m\u00e4 pieni taskukokoinen tehopakkaus latautuu nopeasti USB-C liittimest\u00e4 t\u00e4yteen jopa vaivaisessa 3,5 tunnissa! (5V\/3A laturilla).&nbsp;<\/p>\n<p><img decoding=\"async\" alt=\"Sovellus\" class=\"ep-gadget epgadget-externalvideo\" data-ep-gadget=\"{&quot;options&quot;:{&quot;width&quot;:&quot;640&quot;,&quot;height&quot;:&quot;400&quot;,&quot;provider&quot;:&quot;youtube&quot;,&quot;id&quot;:&quot;rcRIHwFpy6U&quot;},&quot;alias&quot;:&quot;externalvideo&quot;,&quot;cartridge&quot;:&quot;externalcontent&quot;}\" src=\"data:image\/png;base64,iVBORw0KGgoAAAANSUhEUgAAAAEAAAABCAQAAAC1HAwCAAAAC0lEQVR4nGP6zwAAAgcBApocMXEAAAAASUVORK5CYII=\" style=\"max-width: 100%; display: block; margin-bottom: 10px; width: 201px; height: 111px;\" title=\"Sovellus\" \/><\/p>\n<h3>Raaka valaisukyky joka ylt\u00e4\u00e4 pitk\u00e4lle ja laajalle&nbsp;<\/h3>\n<p>Lampussa on suorastaan raaka valaisukyky ja hyv\u00e4t toiminta-ajat. Viisi tehotilaa ja strobo-vilkkutoiminto varmistavat, ett\u00e4 oikeat tehoasetukset l\u00f6ytyv\u00e4t helposti. Valaisimen jopa 500 metriin ulottuvasta valon kantomatkasta vastaa lampun kuusi tehokasta SST-40 ledi\u00e4. Ultrapienest\u00e4 koostaan huolimatta valaisimessa on t\u00e4ysmittainen optiikka jonka ansiosta valo voidaan heijastaa jopa 90 asteen valaisukulmalla jopa 500 metriin saakka.<\/p>\n<h3>Suorituskykyinen ja nopeasti ladattava<\/h3>\n<p>Riitt\u00e4v\u00e4st\u00e4 virtam\u00e4\u00e4r\u00e4st\u00e4 vastaa kaksi Fenix ARB-L21-4000P tehoakkuja joiden yhteiskapasiteetti on per\u00e4ti 8000 mAh. Tehoakkujen ansiosta k\u00e4ytt\u00f6aikaa on v\u00e4hint\u00e4\u00e4nkin riiitt\u00e4v\u00e4sti, jopa 80 tuntia. Akkujen per\u00e4ti 30A:n virta takaa vakaan tehon my\u00f6s 10 000 lm:n teholla. Valaisin voidaan ladata nopeasti t\u00e4yteen tehokkaan USB-C latausportin ansiosta joka kykenee jopa 5V 3A latausvirtaan. Lamppu latautuu tyhj\u00e4st\u00e4 t\u00e4yteen noin 3,5 tunnissa! Latausportti on vesitiivis ja siin\u00e4 on p\u00f6lylt\u00e4 suojaava tukeva liitinsuojus.<\/p>\n<h3>N\u00e4pp\u00e4r\u00e4 k\u00e4ytt\u00e4\u00e4 ja kuljettaa jopa taskussa<\/h3>\n<p>Lampun k\u00e4ytt\u00f6 on eritt\u00e4in helppoa sill\u00e4 siin\u00e4 on vain yksi k\u00e4ytt\u00f6kytkin josta lamppu menee p\u00e4\u00e4lle ja tehotilat vaihtuvat. Jotta valaisin ei kuljetettaessa mene vahingossa p\u00e4\u00e4lle voidaan kytkimen ohjelmallinen n\u00e4pp\u00e4inlukkoa aktivoida painamalla sit\u00e4 kaksi kertaa nopeasti per\u00e4kk\u00e4in lampun ollessa suljettuna. Lampun j\u00e4ljell\u00e4oleva virta voidaan nopeasti tarkastaa painamalla lyhyesti k\u00e4ytt\u00f6kytkint\u00e4. Kytkimen LED-merkkivalo n\u00e4ytt\u00e4\u00e4 j\u00e4ljell\u00e4olevan virtam\u00e4\u00e4r\u00e4n: vihre\u00e4 jatkuva valo: 100%-85%, vihre\u00e4 vilkkuva valo 85%-50%, punainen jatkuva valo: 50%-25%, punainen vilkkuva valo 25%-1% kriittinen lataus. LR35R:n runko on litte\u00e4 ja se parantaa otepitoa my\u00f6s m\u00e4riss\u00e4 olosuhteissa ja hansikkaat k\u00e4dess\u00e4. Kooltaan lamppu mahtuu k\u00e4mmenelle ja se sujahtaakin helposti my\u00f6s taskuun sill\u00e4 se on kooltaan vain 14 x 5,15 x 4,65 cm. Lampun sivussa on tukeva ja leve\u00e4 titanisoitu ter\u00e4sklipsi jonka avulla se&nbsp;pysyy tukevasti paikoillaan vaikka taskun suussa. Lampun mukana toimitetaan my\u00f6s nailon-kotelo ja rannehihna.<\/p>\n<h3>Product Information<\/h3>\n<ul>\n<li>A constant current circuit maintains brightness for a longer time.<\/li>\n<li>Max valovoima 10 000 lumenia, kantamatka 500&nbsp; m.<\/li>\n<li>Supernopea USB C -lataus (tuki QC2, QC3 -pikalatausprokollille).<\/li>\n<li>N\u00e4pp\u00e4inlukko, kahdesti painamalla k\u00e4ytt\u00f6kytkin\u00e4.<\/li>\n<li>Viimeisen k\u00e4ytt\u00f6tilan muistitoiminto (ei strobo).<\/li>\n<li>K\u00e4ytt\u00f6 2 x 21700 Li-ion akulla (sis\u00e4ltyy).<\/li>\n<li>J\u00e4ljell\u00e4 olevan virran ilmaisin LED-valolla.<\/li>\n<li>Leve\u00e4 ter\u00e4ksinen titaanip\u00e4\u00e4llysteinen vy\u00f6klipsi.<\/li>\n<li>Pakkaus sis\u00e4lt\u00e4\u00e4: Fenix LR35R hakulamppu x 1, ARB-L21-4000P Li-ion akku x 2, USB C -latauskaapeli x 1, valaisinkotelo x 1, rannehihna x 1, vaihdettava O-rengastiiviste x 1, k\u00e4ytt\u00f6ohje.<\/li>\n<\/ul>\n<p>Fenix-tuotemerkki takaa aina huippulaadun. Fenix L35R -k\u00e4sivalaisin on t\u00e4ysin IP68 p\u00f6ly- ja vesitiivis. Kaikki Fenix valaisimet on testattu omassa laboratoriossa amerikkalaisen ANSI\/FL1 standardin mukaisesti. LR35R-valaisimella on viiden (5) vuoden (paristo 1 vuosi) Fenix laatutakuu.<\/p>\n<div class=\"grid-item grid-item-content-bottom-1-2-1\">\n<div class=\"module module-blocks module-blocks-335 blocks-grid\">\n<div class=\"module-body\">\n<div class=\"module-item module-item-1\">\n<div class=\"block-body expand-block\">\n<h3 class=\"title module-title block-title\">Technical details<\/h3>\n<div class=\"block-wrapper\">\n<div class=\"block-content  block-attributes\">\n<div id=\"tab-specification\">\n<div class=\"table-responsive\">\n<table class=\"table table-bordered\">\n<tbody>\n<tr>\n<td>Maximum brightness (max)<\/td>\n<td>10000 lumenia<\/td>\n<\/tr>\n<tr>\n<td>Runtime (max)<\/td>\n<td>80 h (pienin teho)<\/td>\n<\/tr>\n<tr>\n<td>Beam distance (max)<\/td>\n<td>500 metri\u00e4<\/td>\n<\/tr>\n<tr>\n<td>Peak intensity (max)<\/td>\n<td>63200 kandela<\/td>\n<\/tr>\n<tr>\n<td>Impact resistance<\/td>\n<td>1 m<\/td>\n<\/tr>\n<tr>\n<td>Water resistance<\/td>\n<td>IP68 (2 metri\u00e4 vesitiivis)<\/td>\n<\/tr>\n<tr>\n<td>Operating modes<\/td>\n<td>6 kpl<\/td>\n<\/tr>\n<tr>\n<td>K\u00e4ytt\u00f6tila turbo<\/td>\n<td>10000 lm \/ 1 h 25 min<br \/>\n\t\t\t500 metri\u00e4<\/td>\n<\/tr>\n<tr>\n<td>High mode<\/td>\n<td>3000 lm \/ 1 h 35 min<br \/>\n\t\t\t270 metri\u00e4<\/td>\n<\/tr>\n<tr>\n<td>Middle mode<\/td>\n<td>1200 lm \/ 3 h 15 min<br \/>\n\t\t\t170 metri\u00e4<\/td>\n<\/tr>\n<tr>\n<td>Low mode<\/td>\n<td>450 lm \/ 8 h 20 min<br \/>\n\t\t\t105 metri\u00e4<\/td>\n<\/tr>\n<tr>\n<td>Eco mode<\/td>\n<td>50 lm \/ 80 h<br \/>\n\t\t\t30 metri\u00e4<\/td>\n<\/tr>\n<tr>\n<td>Strobo<\/td>\n<td>10000 lm<\/td>\n<\/tr>\n<tr>\n<td>LED type<\/td>\n<td>Luminus SST40 x 6 kpl<\/td>\n<\/tr>\n<tr>\n<td>Size<\/td>\n<td>140 x 51,5 x 46,5 mm<\/td>\n<\/tr>\n<tr>\n<td>Weight<\/td>\n<td>239 g (ilman paristoa)<\/td>\n<\/tr>\n<tr>\n<td>Power source<\/td>\n<td>2xARB-L21-4000P Li-ion akkuparisto (sis\u00e4ltyy)<\/td>\n<\/tr>\n<tr>\n<td>Certifications<\/td>\n<td>ANSI\/NEMA FL-1, ROHS, CE<\/td>\n<\/tr>\n<tr>\n<td>Warranty<\/td>\n<td>5-vuotta<\/td>\n<\/tr>\n<tr>\n<td>Package contents<\/td>\n<td>Fenix LR35R hakulamppu, ARB-L21-4000P Li-ion ladattava akkuparisto x 2 kpl, USB C -latauskaapeli, valaisinkotelo, rannehihna, vaihdettava O-rengastiiviste, k\u00e4ytt\u00f6ohje<\/td>\n<\/tr>\n<\/tbody>\n<\/table>\n<\/div>\n<\/div>\n<\/div>\n<div class=\"block-footer\">&nbsp;<\/div>\n<div class=\"block-footer\">Valaisimen suojapiirit saattavat rajoittaa k\u00e4ytt\u00f6aikaa suurilla tehotiloilla jolloin valaisin siirtyy automaattisesti alempaan tehotilaan.<br \/>\nTekniset suoritusarvot m\u00e4\u00e4ritetty ANSI\/PLATO FL1 -standardin mukaisesti.<\/div>\n<\/div>\n<\/div>\n<\/div>\n<\/div>\n<\/div>\n<\/div>\n<\/div>\n<\/div>\n<\/div>\n<\/div>\n<\/div>\n<\/div>\n<\/div>\n<\/div>\n<\/div>","protected":false},"excerpt":{"rendered":"<h3>Uskomaton tehopakkaus pieness\u00e4 koossa!<\/h3>","protected":false},"featured_media":5478,"comment_status":"open","ping_status":"closed","template":"","meta":{"_kadence_starter_templates_imported_post":false,"_kad_post_transparent":"","_kad_post_title":"","_kad_post_layout":"","_kad_post_sidebar_id":"","_kad_post_content_style":"","_kad_post_vertical_padding":"","_kad_post_feature":"","_kad_post_feature_position":"","_kad_post_header":false,"_kad_post_footer":false,"_kad_post_classname":""},"product_brand":[],"product_cat":[1564],"product_tag":[1124,32,1123,1125],"class_list":{"0":"post-5479","1":"product","2":"type-product","3":"status-publish","4":"has-post-thumbnail","6":"product_cat-fenix","7":"product_tag-10000-lm","8":"product_tag-fenix","9":"product_tag-hakulamppu","10":"product_tag-lr35r","12":"first","13":"onbackorder","14":"taxable","15":"shipping-taxable","16":"purchasable","17":"product-type-simple","18":"entry","19":"content-bg","20":"loop-entry"},"_links":{"self":[{"href":"https:\/\/kivenalla.fi\/en\/wp-json\/wp\/v2\/product\/5479","targetHints":{"allow":["GET"]}}],"collection":[{"href":"https:\/\/kivenalla.fi\/en\/wp-json\/wp\/v2\/product"}],"about":[{"href":"https:\/\/kivenalla.fi\/en\/wp-json\/wp\/v2\/types\/product"}],"replies":[{"embeddable":true,"href":"https:\/\/kivenalla.fi\/en\/wp-json\/wp\/v2\/comments?post=5479"}],"wp:featuredmedia":[{"embeddable":true,"href":"https:\/\/kivenalla.fi\/en\/wp-json\/wp\/v2\/media\/5478"}],"wp:attachment":[{"href":"https:\/\/kivenalla.fi\/en\/wp-json\/wp\/v2\/media?parent=5479"}],"wp:term":[{"taxonomy":"product_brand","embeddable":true,"href":"https:\/\/kivenalla.fi\/en\/wp-json\/wp\/v2\/product_brand?post=5479"},{"taxonomy":"product_cat","embeddable":true,"href":"https:\/\/kivenalla.fi\/en\/wp-json\/wp\/v2\/product_cat?post=5479"},{"taxonomy":"product_tag","embeddable":true,"href":"https:\/\/kivenalla.fi\/en\/wp-json\/wp\/v2\/product_tag?post=5479"}],"curies":[{"name":"wp","href":"https:\/\/api.w.org\/{rel}","templated":true}]}}