{"id":5506,"date":"2023-12-01T14:47:33","date_gmt":"2023-12-01T12:47:33","guid":{"rendered":"https:\/\/kivenalla.fi\/tuote\/garmin-gpsmap-65s\/"},"modified":"2024-07-31T10:11:24","modified_gmt":"2024-07-31T07:11:24","slug":"garmin-gpsmap-65s","status":"publish","type":"product","link":"https:\/\/kivenalla.fi\/en\/product\/garmin-gpsmap-65s\/","title":{"rendered":"Garmin GPSMAP 65s"},"content":{"rendered":"<h2 class=\"app__overview__intro__title light center\" data-test=\"gc__heading\" data-v-5b9e0d04=\"\">L\u00d6YD\u00c4T PERILLE SUURESSA MAAILMASSA<\/h2>\n<div class=\"app__overview__intro__description gc__copy gc__copy--light gc__copy--center gc__copy--large\" data-test=\"gc__copy\" data-v-f2ba670e=\"\">\n<p>Tutki maailmaa lis\u00e4\u00e4 t\u00e4ll\u00e4 vankalla k\u00e4silaitteella, joka takaa optimaalisen paikannustarkkuuden ja esiladatut kartat ja jossa on 2,6-tuumainen v\u00e4rin\u00e4ytt\u00f6.<\/p>\n<\/div>\n<table cellpadding=\"1\" class=\"cke-table editor_table_with_border\" style=\"background-color:transparent;border-color:transparent;border-style:solid;border-width:1px;width:1000px;\">\n<tbody>\n<tr>\n<td class=\"editor_td_with_border\" style=\"border-width: 1px; border-style: solid; border-color: transparent;\">\n<p><img decoding=\"async\" alt=\"\" class=\"app__feature__card__image\" src=\"https:\/\/static.garmincdn.com\/gdc\/Product_Pages\/ICONS\/Sunlight-Readable.svg\" \/><\/p>\n<h3 class=\"app__feature__card__title light left\" data-test=\"gc__heading\" data-v-5b9e0d04=\"\">&nbsp;<\/h3>\n<p class=\"app__feature__card__description\">Suuressa, auringonvalossa luettavassa v\u00e4rin\u00e4yt\u00f6ss\u00e4 n\u00e4et kaikki yksityiskohdat selv\u00e4sti.<\/p>\n<\/td>\n<td class=\"editor_td_with_border\" style=\"border-width: 1px; border-style: solid; border-color: transparent;\">\n<div data-translate=\"\"><img decoding=\"async\" alt=\"\" class=\"app__feature__card__image\" src=\"https:\/\/static.garmincdn.com\/gdc\/Product_Pages\/ICONS\/MultiBand.svg\" \/><\/p>\n<h3 class=\"app__feature__card__title light left\" data-test=\"gc__heading\" data-v-5b9e0d04=\"\">&nbsp;<\/h3>\n<p class=\"app__feature__card__description\">N\u00e4yt\u00e4 tiet\u00e4 haastavissa sijainneissa laitteella, joka sis\u00e4lt\u00e4\u00e4 usean kaistan tekniikkaa ja tukee GNSS-satelliitteja.<\/p>\n<\/p><\/div>\n<\/td>\n<\/tr>\n<tr>\n<td class=\"editor_td_with_border\" style=\"border-width: 1px; border-style: solid; border-color: transparent;\">\n<div class=\"app__feature__card\" data-translate=\"\"><img decoding=\"async\" alt=\"\" class=\"app__feature__card__image\" src=\"https:\/\/static.garmincdn.com\/gdc\/Product_Pages\/ICONS\/Military_Standard_Toughness.svg\" \/><\/p>\n<h3 class=\"app__feature__card__title light left\" data-test=\"gc__heading\" data-v-5b9e0d04=\"\">&nbsp;<\/h3>\n<p class=\"app__feature__card__description\">Tutustu uusiin paikkoihin varmasti. T\u00e4m\u00e4 vankka k\u00e4silaite on tarkoitettu ankariin ymp\u00e4rist\u00f6ihin.<\/p>\n<\/p><\/div>\n<\/td>\n<td class=\"editor_td_with_border\" style=\"border-width: 1px; border-style: solid; border-color: transparent;\"><img decoding=\"async\" alt=\"\" class=\"app__feature__card__image\" src=\"https:\/\/static.garmincdn.com\/gdc\/Product_Pages\/ICONS\/TOPO.svg\" \/><\/p>\n<h3 class=\"app__feature__card__title light left\" data-test=\"gc__heading\" data-v-5b9e0d04=\"\">&nbsp;<\/h3>\n<p class=\"app__feature__card__description\">Seikkaile maaseudulla k\u00e4ytt\u00e4en reitityst\u00e4 tukevia TopoActive Europe -karttoja.<\/p>\n<\/td>\n<\/tr>\n<tr>\n<td class=\"editor_td_with_border\" style=\"border-width: 1px; border-style: solid; border-color: transparent;\">\n<div class=\"app__feature__card\" data-translate=\"\"><img decoding=\"async\" alt=\"\" class=\"app__feature__card__image\" src=\"https:\/\/static.garmincdn.com\/gdc\/Product_Pages\/ICONS\/Gamin_Explore_App.svg\" \/><\/p>\n<h3 class=\"app__feature__card__title light left\" data-test=\"gc__heading\" data-v-5b9e0d04=\"\">&nbsp;<\/h3>\n<p class=\"app__feature__card__description\">J\u00e4rjest\u00e4 seikkailusi paikasta riippumatta Garmin Explore\u2122 -sivustossa ja -sovelluksessa<sup>1<\/sup>.<\/p>\n<\/p><\/div>\n<\/td>\n<td class=\"editor_td_with_border\" style=\"border-width: 1px; border-style: solid; border-color: transparent;\"><img decoding=\"async\" alt=\"\" class=\"app__feature__card__image\" src=\"https:\/\/static.garmincdn.com\/gdc\/Product_Pages\/ICONS\/Battery_Life.svg\" \/><\/p>\n<h3 class=\"app__feature__card__title light left\" data-test=\"gc__heading\" data-v-5b9e0d04=\"\">&nbsp;<\/h3>\n<h3 class=\"app__feature__card__title light left\" data-test=\"gc__heading\" data-v-5b9e0d04=\"\">&nbsp;<\/h3>\n<p class=\"app__feature__card__description\">GPS-tilassa akun virta riitt\u00e4\u00e4 jopa 16 tunnin ajan.<\/p>\n<\/td>\n<\/tr>\n<\/tbody>\n<\/table>\n<p><img decoding=\"async\" alt=\"Sovellus\" class=\"ep-gadget epgadget-externalvideo\" data-ep-gadget=\"{&quot;options&quot;:{&quot;width&quot;:560,&quot;height&quot;:315,&quot;provider&quot;:&quot;youtube&quot;,&quot;id&quot;:&quot;XNUTNO53aOE&quot;},&quot;alias&quot;:&quot;externalvideo&quot;,&quot;cartridge&quot;:&quot;externalcontent&quot;}\" src=\"data:image\/png;base64,iVBORw0KGgoAAAANSUhEUgAAAAEAAAABCAQAAAC1HAwCAAAAC0lEQVR4nGP6zwAAAgcBApocMXEAAAAASUVORK5CYII=\" style=\"max-width: 100%; display: block; margin-bottom: 10px; width: 201px; height: 111px;\" title=\"Sovellus\" \/><\/p>\n<table cellpadding=\"1\" class=\"cke-table editor_table_with_border\" style=\"background-color:transparent;border-color:transparent;border-style:solid;border-width:1px;width:1000px;\">\n<tbody>\n<tr>\n<td class=\"editor_td_with_border\" style=\"border-width: 1px; border-style: solid; border-color: transparent;\">\n<div class=\"app__feature__card\" data-translate=\"\"><img decoding=\"async\" alt=\"\" class=\"app__feature__card__image\" src=\"https:\/\/static.garmincdn.com\/en\/products\/010-02451-10\/g\/31204-1-3f5c2a6f-4790-4e20-b43b-1bd6c0901095.jpg\" style=\"width: 350px;\" \/><\/p>\n<h3 class=\"app__feature__card__title light left\" data-test=\"gc__heading\" data-v-5b9e0d04=\"\">LAAJENNETTU GNSS-TUKI<\/h3>\n<p class=\"app__feature__card__description\">Usean kaistan tekniikka ja laajennettu GNSS-tuki (GPS, GLONASS, Galileo, QZSS ja IRNSS) takaavat optimaalisen tarkkuuden jyrk\u00e4ss\u00e4 maastossa, kaupunkikanjoneissa ja sankassa mets\u00e4ss\u00e4.<\/p>\n<\/p><\/div>\n<\/td>\n<td class=\"editor_td_with_border\" style=\"border-width: 1px; border-style: solid; border-color: transparent;\">\n<div class=\"app__feature__card\" data-translate=\"\">\n<div class=\"app__feature__card\" data-translate=\"\">\n<div class=\"app__feature__card\" data-translate=\"\"><img decoding=\"async\" alt=\"\" class=\"app__feature__card__image\" src=\"https:\/\/static.garmincdn.com\/en\/products\/010-02451-10\/g\/31204-2-05fd231c-f1c4-449e-ae86-b183ffd80fcb.jpg\" style=\"width: 350px;\" \/><\/p>\n<h3 class=\"app__feature__card__title light left\" data-test=\"gc__heading\" data-v-5b9e0d04=\"\">ABC-ANTURIT<\/h3>\n<p class=\"app__feature__card__description\">Navigoi seuraava reittisi ABC-antureilla eli korkeusmittarilla, ilmanpainemittarilla s\u00e4\u00e4n seurantaan ja kolmiakselisella s\u00e4hk\u00f6isell\u00e4 kompassilla.<\/p>\n<\/p><\/div>\n<\/p><\/div>\n<p class=\"app__feature__card__description\">&nbsp;<\/p>\n<\/p><\/div>\n<\/td>\n<td class=\"editor_td_with_border\" style=\"border-width: 1px; border-style: solid; border-color: transparent;\">\n<div class=\"app__feature__card\" data-translate=\"\">\n<div class=\"app__feature__card\" data-translate=\"\"><img decoding=\"async\" alt=\"\" class=\"app__feature__card__image\" src=\"https:\/\/static.garmincdn.com\/en\/products\/010-02451-10\/g\/31204-3-e63ba6d3-b532-4930-a2e6-0fb490dbbba2.jpg\" style=\"width: 350px;\" \/><\/p>\n<h3 class=\"app__feature__card__title light left\" data-test=\"gc__heading\" data-v-5b9e0d04=\"\">ESILADATUT EUROOPAN TOPOACTIVE-KARTAT<\/h3>\n<p class=\"app__feature__card__description\">Esiladatut <a href=\"https:\/\/buy.garmin.com\/fi-FI\/FI\/p\/586905\">TopoActive<\/a> Europe -kartat tarjoavat tarkat tiedot esimerkiksi katu- ja maastoverkostoista, vesireiteist\u00e4, luonnonominaisuuksista, maank\u00e4ytt\u00f6alueista ja rakennuksista.<\/p>\n<\/p><\/div>\n<p class=\"app__feature__card__description\">&nbsp;<\/p>\n<\/p><\/div>\n<\/td>\n<\/tr>\n<tr>\n<td class=\"editor_td_with_border\" style=\"border-width: 1px; border-style: solid; border-color: transparent;\">\n<div class=\"app__feature__card\" data-translate=\"\">\n<div class=\"app__feature__card\" data-translate=\"\"><img decoding=\"async\" alt=\"\" class=\"app__feature__card__image\" src=\"https:\/\/static.garmincdn.com\/en\/products\/010-02451-10\/g\/31204-5-4fc48cd1-b780-47be-99f1-4c15330f666e.jpg\" style=\"width: 350px;\" \/><\/p>\n<h3 class=\"app__feature__card__title light left\" data-test=\"gc__heading\" data-v-5b9e0d04=\"\">\u00c4LYKK\u00c4\u00c4T ILMOITUKSET<\/h3>\n<p class=\"app__feature__card__description\">Saat s\u00e4hk\u00f6postit, tekstiviestit ja h\u00e4lytykset suoraan k\u00e4silaitteeseen, kun se on pariliitetty <a href=\"http:\/\/support.garmin.com\/faqSearch\/fi-FI\/faq\/content\/pvL8aWsaLU2iKyvF8VrpP9\">yhteensopivaan laitteeseen.<\/a><\/p>\n<\/p><\/div>\n<\/p><\/div>\n<\/td>\n<td class=\"editor_td_with_border\" style=\"border-width: 1px; border-style: solid; border-color: transparent;\">\n<div class=\"app__feature__card\" data-translate=\"\">\n<div class=\"app__feature__card\" data-translate=\"\"><img decoding=\"async\" alt=\"\" class=\"app__feature__card__image\" src=\"https:\/\/static.garmincdn.com\/en\/products\/010-02451-00\/g\/31203-5-4a787e96-289d-488c-8b92-a4a45cc9b180.jpg\" style=\"width: 350px;\" \/><\/p>\n<h3 class=\"app__feature__card__title light left\" data-test=\"gc__heading\" data-v-5b9e0d04=\"\">GARMIN EXPLORE -SOVELLUS<\/h3>\n<p class=\"app__feature__card__description\">Suunnittele, arvioi ja synkronoi reittipisteit\u00e4, reittej\u00e4 ja j\u00e4lki\u00e4 <a href=\"https:\/\/buy.garmin.com\/fi-FI\/FI\/p\/614327\">Garmin Explore<\/a> -sovelluksella<sup>1<\/sup> ja -sivustossa. Voit arvioida suorituksia my\u00f6s maastossa.<\/p>\n<\/p><\/div>\n<\/p><\/div>\n<\/td>\n<td class=\"editor_td_with_border\" style=\"border-width: 1px; border-style: solid; border-color: transparent;\">\n<h3 class=\"app__feature__card__title light left\" data-test=\"gc__heading\" data-v-5b9e0d04=\"\">&nbsp;<\/h3>\n<h3 class=\"app__feature__card__title light left\" data-test=\"gc__heading\" data-v-5b9e0d04=\"\">GEOK\u00c4TK\u00d6ILY<\/h3>\n<p class=\"app__feature__card__description\">Hy\u00f6dynn\u00e4 Geocaching Liven automaattisia k\u00e4tk\u00f6p\u00e4ivityksi\u00e4, kuten kuvauksia, lokitietoja ja vinkkej\u00e4.<\/p>\n<\/td>\n<\/tr>\n<tr>\n<td class=\"editor_td_with_border\" style=\"border-width: 1px; border-style: solid; border-color: transparent;\">\n<div class=\"app__feature__card\" data-translate=\"\">\n<div class=\"app__feature__card\" data-translate=\"\">\n<div class=\"app__feature__card\" data-translate=\"\">\n<h3 class=\"app__feature__card__title light left\" data-test=\"gc__heading\" data-v-5b9e0d04=\"\">MICROSD\u2122-KORTTIPAIKKA<\/h3>\n<p class=\"app__feature__card__description\">Yhteensopivan laitteen ja microSD-muistikortin avulla voit ladata k\u00e4tev\u00e4sti <a href=\"https:\/\/buy.garmin.com\/fi-FI\/FI\/c602.html\">TOPO 24K<\/a> -karttoja ja l\u00e4hte\u00e4 matkaan. <a href=\"https:\/\/buy.garmin.com\/fi-FI\/FI\/c10080.html\">HuntView Plus<\/a> -kartoista taas n\u00e4et valtion maa-alueiden tyypit ja rajat sek\u00e4 yksityisten maanomistajien nimet ja rajat.<\/p>\n<\/p><\/div>\n<p class=\"app__feature__card__description\">&nbsp;<\/p>\n<\/p><\/div>\n<\/p><\/div>\n<\/td>\n<td class=\"editor_td_with_border\" style=\"border-width: 1px; border-style: solid; border-color: transparent;\">&nbsp;<\/td>\n<td class=\"editor_td_with_border\" style=\"border-width: 1px; border-style: solid; border-color: transparent;\">&nbsp;<\/td>\n<\/tr>\n<\/tbody>\n<\/table>\n<div class=\"app__layout-container app__layout-container--small app__layout-container--light\">\n<div class=\"app__column-layout app__column-layout__column--3\">\n<div class=\"app__feature__card\" data-translate=\"\">&nbsp;<\/div>\n<div class=\"app__feature__card\" data-translate=\"\">\n<div class=\"app__layout-container app__layout-container--small app__layout-container--neutral\">\n<div class=\"app__disclaimer__block\">\n<div class=\"app__disclaimer__item\" data-translate=\"\"><span style=\"font-size:10px;\"><sup>1 <\/sup>Pariliitettyn\u00e4 <a href=\"https:\/\/support.garmin.com\/fi-FI\/?faq=pvL8aWsaLU2iKyvF8VrpP9\">yhteensopivaan puhelimeen.<\/a><\/span><\/div>\n<\/div>\n<div class=\"app__disclaimer__block\">\n<div class=\"app__disclaimer__item\" data-translate=\"\"><span style=\"font-size:10px;\">Wi-Fi\u00ae on Wi-Fi Alliancen rekister\u00f6ity tavaramerkki.<\/span><\/div>\n<p>&nbsp;<\/p>\n<table border=\"1\" style=\"width: 1000px;\">\n<tbody>\n<tr class=\"title\">\n<td colspan=\"2\" style=\"background: rgb(255, 255, 255) none repeat scroll 0% 0%; color: rgb(0, 0, 0); border-image: none 100% \/ 1 \/ 0 stretch; padding: 0px;\">\n<h3>TEKNISET TIEDOT<\/h3>\n<\/td>\n<\/tr>\n<tr>\n<th align=\"left\" style=\"background-color: rgb(255, 255, 255); font-weight: 300;\" width=\"50%\">Size<\/th>\n<td width=\"50%\">6,1 x 16,0 x 3,6 cm<\/td>\n<\/tr>\n<tr>\n<th align=\"left\" style=\"background-color: rgb(255, 255, 255); font-weight: 300;\" width=\"50%\">Kosketusn\u00e4ytt\u00f6<\/th>\n<td width=\"50%\">No<\/td>\n<\/tr>\n<tr>\n<th align=\"left\" style=\"background-color: rgb(255, 255, 255); font-weight: 300;\" width=\"50%\">N\u00e4yt\u00f6n koko, LxK<\/th>\n<td width=\"50%\">3,6 x 5,5 cm, l\u00e4vist\u00e4j\u00e4 2,6 tuumaa (6,6 cm)<\/td>\n<\/tr>\n<tr>\n<th align=\"left\" style=\"background-color: rgb(255, 255, 255); font-weight: 300;\" width=\"50%\">N\u00e4yt\u00f6n tarkkuus, LxK<\/th>\n<td width=\"50%\">160 x 240 pixels<\/td>\n<\/tr>\n<tr>\n<th align=\"left\" style=\"background-color: rgb(255, 255, 255); font-weight: 300;\" width=\"50%\">N\u00e4yt\u00f6n tyyppi<\/th>\n<td width=\"50%\">Transflektiivinen 65&nbsp;000 v\u00e4rin TFT-kosketusn\u00e4ytt\u00f6<\/td>\n<\/tr>\n<tr>\n<th align=\"left\" style=\"background-color: rgb(255, 255, 255); font-weight: 300;\" width=\"50%\">Weight<\/th>\n<td width=\"50%\">217 g akkujen kanssa<\/td>\n<\/tr>\n<tr>\n<th align=\"left\" style=\"background-color: rgb(255, 255, 255); font-weight: 300;\" width=\"50%\">Akku<\/th>\n<td width=\"50%\">2 AA-akkua (eiv\u00e4t sis\u00e4lly pakkaukseen). Suositus: NiMH- tai litiumakku<\/td>\n<\/tr>\n<tr>\n<th align=\"left\" style=\"background-color: rgb(255, 255, 255); font-weight: 300;\" width=\"50%\">Akunkesto<\/th>\n<td width=\"50%\">16 tuntia<\/td>\n<\/tr>\n<tr>\n<th align=\"left\" style=\"background-color: rgb(255, 255, 255); font-weight: 300;\" width=\"50%\"><a href=\"http:\/\/www.garmin.com\/fi-FI\/legal\/waterrating\" target=\"_blank\" rel=\"noopener\">Vesiluokitus<\/a><\/th>\n<td width=\"50%\">IPX7<\/td>\n<\/tr>\n<tr>\n<th align=\"left\" style=\"background-color: rgb(255, 255, 255); font-weight: 300;\" width=\"50%\">Herkk\u00e4 vastaanotin<\/th>\n<td width=\"50%\">Yes<\/td>\n<\/tr>\n<tr>\n<th align=\"left\" style=\"background-color: rgb(255, 255, 255); font-weight: 300;\" width=\"50%\">Liit\u00e4nn\u00e4t<\/th>\n<td width=\"50%\">Nopea micro-USB- ja NMEA 0183 -liit\u00e4nt\u00e4<\/td>\n<\/tr>\n<tr>\n<th align=\"left\" style=\"background-color: rgb(255, 255, 255); font-weight: 300;\" width=\"50%\">Muisti\/historia<\/th>\n<td width=\"50%\">16 Gt (k\u00e4ytt\u00e4j\u00e4n tila riippuu sis\u00e4ltyvist\u00e4 kartoista)<\/td>\n<\/tr>\n<\/tbody>\n<\/table>\n<table border=\"1\" style=\"width: 1000px;\">\n<tbody>\n<tr class=\"title\">\n<td colspan=\"2\" style=\"background: rgb(255, 255, 255) none repeat scroll 0% 0%; color: rgb(0, 0, 0); border-image: none 100% \/ 1 \/ 0 stretch; padding: 0px;\">\n<h3>Kartat ja muisti<\/h3>\n<\/td>\n<\/tr>\n<tr>\n<th align=\"left\" style=\"background-color: rgb(255, 255, 255); font-weight: 300;\" width=\"50%\">Esiladatut kartat<\/th>\n<td width=\"50%\">Kyll\u00e4 (TopoActive Europe, tukee reitityst\u00e4)<\/td>\n<\/tr>\n<tr>\n<th align=\"left\" style=\"background-color: rgb(255, 255, 255); font-weight: 300;\" width=\"50%\">Mahdollisuus lis\u00e4t\u00e4 karttoja<\/th>\n<td width=\"50%\">Yes<\/td>\n<\/tr>\n<tr>\n<th align=\"left\" style=\"background-color: rgb(255, 255, 255); font-weight: 300;\" width=\"50%\">Peruskartta<\/th>\n<td width=\"50%\">Yes<\/td>\n<\/tr>\n<tr>\n<th align=\"left\" style=\"background-color: rgb(255, 255, 255); font-weight: 300;\" width=\"50%\">Automaattinen reititys (tiereitti k\u00e4\u00e4nn\u00f6s k\u00e4\u00e4nn\u00f6kselt\u00e4)<\/th>\n<td width=\"50%\">Yes<\/td>\n<\/tr>\n<tr>\n<th align=\"left\" style=\"background-color: rgb(255, 255, 255); font-weight: 300;\" width=\"50%\">Karttaosiot<\/th>\n<td width=\"50%\">3000<\/td>\n<\/tr>\n<tr>\n<th align=\"left\" style=\"background-color: rgb(255, 255, 255); font-weight: 300;\" width=\"50%\">BirdsEye<\/th>\n<td width=\"50%\">250 BirdsEye-kuvatiedostoa<\/td>\n<\/tr>\n<tr>\n<th align=\"left\" style=\"background-color: rgb(255, 255, 255); font-weight: 300;\" width=\"50%\">Sis\u00e4lt\u00e4\u00e4 yksityiskohtaiset tiedot vesist\u00f6ist\u00e4 (rannikot, j\u00e4rvien ja jokien rantaviivat, kosteikot sek\u00e4 pysyv\u00e4t ja vuodenaikoihin liittyv\u00e4t purot)<\/th>\n<td width=\"50%\">Yes<\/td>\n<\/tr>\n<tr>\n<th align=\"left\" style=\"background-color: rgb(255, 255, 255); font-weight: 300;\" width=\"50%\">Sis\u00e4lt\u00e4\u00e4 hakukelpoisia kohdepisteit\u00e4 (puistot, leirint\u00e4alueet sek\u00e4 maisema- ja ev\u00e4sretkipaikat)<\/th>\n<td width=\"50%\">Yes<\/td>\n<\/tr>\n<tr>\n<th align=\"left\" style=\"background-color: rgb(255, 255, 255); font-weight: 300;\" width=\"50%\">N\u00e4ytt\u00e4\u00e4 kansallispuistot sek\u00e4 valtion puistot ja paikalliset puistot, mets\u00e4t ja er\u00e4maa-alueet<\/th>\n<td width=\"50%\">Yes<\/td>\n<\/tr>\n<tr>\n<th align=\"left\" style=\"background-color: rgb(255, 255, 255); font-weight: 300;\" width=\"50%\">Tallennuskapasiteetti ja teho<\/th>\n<td width=\"50%\">Kyll\u00e4 (enint\u00e4\u00e4n 32 Gt:n microSD\u2122-kortti)<\/td>\n<\/tr>\n<tr>\n<th align=\"left\" style=\"background-color: rgb(255, 255, 255); font-weight: 300;\" width=\"50%\">Reittipisteet\/suosikit\/sijainnit<\/th>\n<td width=\"50%\">5&nbsp;000<\/td>\n<\/tr>\n<tr>\n<th align=\"left\" style=\"background-color: rgb(255, 255, 255); font-weight: 300;\" width=\"50%\">J\u00e4ljet<\/th>\n<td width=\"50%\">200<\/td>\n<\/tr>\n<tr>\n<th align=\"left\" style=\"background-color: rgb(255, 255, 255); font-weight: 300;\" width=\"50%\">J\u00e4lkiloki<\/th>\n<td width=\"50%\">10 000 reittipistett\u00e4, 200 tallennettua j\u00e4lke\u00e4<\/td>\n<\/tr>\n<tr>\n<th align=\"left\" style=\"background-color: rgb(255, 255, 255); font-weight: 300;\" width=\"50%\">Reitit<\/th>\n<td width=\"50%\">200, 250 pistett\u00e4 reitill\u00e4, 50 pisteen automaattinen reititys<\/td>\n<\/tr>\n<\/tbody>\n<\/table>\n<table border=\"1\" style=\"width: 1000px;\">\n<tbody>\n<tr class=\"title\">\n<td colspan=\"2\" style=\"background: rgb(255, 255, 255) none repeat scroll 0% 0%; color: rgb(0, 0, 0); border-image: none 100% \/ 1 \/ 0 stretch; padding: 0px;\">\n<h3>Anturit<\/h3>\n<\/td>\n<\/tr>\n<tr>\n<th align=\"left\" style=\"background-color: rgb(255, 255, 255); font-weight: 300;\" width=\"50%\">GPS<\/th>\n<td width=\"50%\">Yes<\/td>\n<\/tr>\n<tr>\n<th align=\"left\" style=\"background-color: rgb(255, 255, 255); font-weight: 300;\" width=\"50%\">GLONASS<\/th>\n<td width=\"50%\">Yes<\/td>\n<\/tr>\n<tr>\n<th align=\"left\" style=\"background-color: rgb(255, 255, 255); font-weight: 300;\" width=\"50%\">Galileo<\/th>\n<td width=\"50%\">Yes<\/td>\n<\/tr>\n<tr>\n<th align=\"left\" style=\"background-color: rgb(255, 255, 255); font-weight: 300;\" width=\"50%\">Barometrinen korkeusmittari<\/th>\n<td width=\"50%\">Yes<\/td>\n<\/tr>\n<tr>\n<th align=\"left\" style=\"background-color: rgb(255, 255, 255); font-weight: 300;\" width=\"50%\">Kompassi<\/th>\n<td width=\"50%\">Kyll\u00e4 (kallistuksen kompensointi, kolmiakselinen)<\/td>\n<\/tr>\n<tr>\n<th align=\"left\" style=\"background-color: rgb(255, 255, 255); font-weight: 300;\" width=\"50%\">GPS-kompassi (liikuttaessa)<\/th>\n<td width=\"50%\">Yes<\/td>\n<\/tr>\n<\/tbody>\n<\/table>\n<table border=\"1\" style=\"width: 1000px;\">\n<tbody>\n<tr class=\"title\">\n<td colspan=\"2\" style=\"background: rgb(255, 255, 255) none repeat scroll 0% 0%; color: rgb(0, 0, 0); border-image: none 100% \/ 1 \/ 0 stretch; padding: 0px;\">\n<h3>P\u00e4ivitt\u00e4iset \u00e4lyominaisuudet<\/h3>\n<\/td>\n<\/tr>\n<tr>\n<th align=\"left\" style=\"background-color: rgb(255, 255, 255); font-weight: 300;\" width=\"50%\">VIRB\u00ae-et\u00e4k\u00e4ytt\u00f6<\/th>\n<td width=\"50%\">Yes<\/td>\n<\/tr>\n<tr>\n<th align=\"left\" style=\"background-color: rgb(255, 255, 255); font-weight: 300;\" width=\"50%\">Yhteensopiva Garmin Connect<sup>\u2122<\/sup> Mobilen kanssa<\/th>\n<td width=\"50%\">Yes<\/td>\n<\/tr>\n<tr>\n<th align=\"left\" style=\"background-color: rgb(255, 255, 255); font-weight: 300;\" width=\"50%\">\u00c4lykk\u00e4\u00e4t ilmoitukset k\u00e4silaitteessa<\/th>\n<td width=\"50%\">Yes<\/td>\n<\/tr>\n<\/tbody>\n<\/table>\n<table border=\"1\" style=\"width: 1000px;\">\n<tbody>\n<tr class=\"title\">\n<td colspan=\"2\" style=\"background: rgb(255, 255, 255) none repeat scroll 0% 0%; color: rgb(0, 0, 0); border-image: none 100% \/ 1 \/ 0 stretch; padding: 0px;\">\n<h3>Ulkoilu- ja virkistysominaisuudet<\/h3>\n<\/td>\n<\/tr>\n<tr>\n<th align=\"left\" style=\"background-color: rgb(255, 255, 255); font-weight: 300;\" width=\"50%\">Navigointipisteest\u00e4 pisteeseen<\/th>\n<td width=\"50%\">Yes<\/td>\n<\/tr>\n<tr>\n<th align=\"left\" style=\"background-color: rgb(255, 255, 255); font-weight: 300;\" width=\"50%\">BaseCamp\u2122-yhteensopiva<\/th>\n<td width=\"50%\">Yes<\/td>\n<\/tr>\n<tr>\n<th align=\"left\" style=\"background-color: rgb(255, 255, 255); font-weight: 300;\" width=\"50%\">Pinta-alamittaus<\/th>\n<td width=\"50%\">Yes<\/td>\n<\/tr>\n<tr>\n<th align=\"left\" style=\"background-color: rgb(255, 255, 255); font-weight: 300;\" width=\"50%\">Mets\u00e4stys-\/kalastuskalenteri<\/th>\n<td width=\"50%\">Yes<\/td>\n<\/tr>\n<tr>\n<th align=\"left\" style=\"background-color: rgb(255, 255, 255); font-weight: 300;\" width=\"50%\">Auringon ja kuun vaiheiden tiedot<\/th>\n<td width=\"50%\">Yes<\/td>\n<\/tr>\n<tr>\n<th align=\"left\" style=\"background-color: rgb(255, 255, 255); font-weight: 300;\" width=\"50%\"><a href=\"https:\/\/www.geocaching.com\/\" target=\"_blank\" rel=\"noopener\">Sopii geok\u00e4tkenn\u00e4ss\u00e4 k\u00e4ytett\u00e4v\u00e4ksi<\/a><\/th>\n<td width=\"50%\">Kyll\u00e4 (Geocaching Live)<\/td>\n<\/tr>\n<tr>\n<th align=\"left\" style=\"background-color: rgb(255, 255, 255); font-weight: 300;\" width=\"50%\"><a href=\"http:\/\/www.garmin.com\/CustomMaps\" target=\"_blank\" rel=\"noopener\">Yhteensopiva mukautettujen karttojen kanssa<\/a><\/th>\n<td width=\"50%\">Kyll\u00e4 (500 mukautettua karttaruutua)<\/td>\n<\/tr>\n<tr>\n<th align=\"left\" style=\"background-color: rgb(255, 255, 255); font-weight: 300;\" width=\"50%\">Kuvien katseluohjelma<\/th>\n<td width=\"50%\">Yes<\/td>\n<\/tr>\n<\/tbody>\n<\/table>\n<table border=\"1\" style=\"width: 1000px;\">\n<tbody>\n<tr class=\"title\">\n<td colspan=\"2\" style=\"background: rgb(255, 255, 255) none repeat scroll 0% 0%; color: rgb(0, 0, 0); border-image: none 100% \/ 1 \/ 0 stretch; padding: 0px;\">\n<h3>Ulkosovellukset<\/h3>\n<\/td>\n<\/tr>\n<tr>\n<th align=\"left\" style=\"background-color: rgb(255, 255, 255); font-weight: 300;\" width=\"50%\">Yhteensopiva Garmin Explore \u2122 -sovelluksen kanssa<\/th>\n<td width=\"50%\">Yes<\/td>\n<\/tr>\n<tr>\n<th align=\"left\" style=\"background-color: rgb(255, 255, 255); font-weight: 300;\" width=\"50%\">Tukee Garmin Explore -sivustoa<\/th>\n<td width=\"50%\">Yes<\/td>\n<\/tr>\n<\/tbody>\n<\/table>\n<p>&nbsp;<\/p>\n<table border=\"1\" style=\"width: 1000px;\">\n<tbody>\n<tr class=\"title\">\n<td colspan=\"2\" style=\"background: rgb(255, 255, 255) none repeat scroll 0% 0%; color: rgb(0, 0, 0); border-image: none 100% \/ 1 \/ 0 stretch; padding: 0px;\">\n<h3>Yhteydet<\/h3>\n<\/td>\n<\/tr>\n<tr>\n<th align=\"left\" style=\"background-color: rgb(255, 255, 255); font-weight: 300;\" width=\"50%\">Langattomat yhteydet<\/th>\n<td width=\"50%\">Kyll\u00e4 &#8211; Bluetooth<sup>\u00ae<\/sup>, ANT+<sup>\u00ae<\/sup><\/td>\n<\/tr>\n<\/tbody>\n<\/table>\n<h3>&nbsp;<\/h3>\n<h3>PAKKAUKSESSA<\/h3>\n<div class=\"app__tabs__content__wrap js__app__tabs__content\" style=\"\">\n<div class=\"app__render-content\">\n<ul>\n<li>GPSMAP 65s<\/li>\n<li>USB-kaapeli<\/li>\n<li>Karbiinihaka<\/li>\n<li>Oppaat<\/li>\n<\/ul>\n<p>Valmistajan tuotekoodi: <span class=\"app__product__info__part-number--light\" id=\"js__product__info__part-number__text\">010-02451-11 <\/span><\/p>\n<\/div>\n<\/div>\n<\/div>\n<\/div>\n<\/div>\n<\/div>\n<\/div>","protected":false},"excerpt":{"rendered":"<p class=\"app__product__info__subtitle\" id=\"js__product__info__variation\">Monikaistainen \/ usean GNSS-j\u00e4rjestelm\u00e4n k\u00e4silaite<\/p>","protected":false},"featured_media":5505,"comment_status":"open","ping_status":"closed","template":"","meta":{"_kadence_starter_templates_imported_post":false,"_kad_post_transparent":"","_kad_post_title":"","_kad_post_layout":"","_kad_post_sidebar_id":"","_kad_post_content_style":"","_kad_post_vertical_padding":"","_kad_post_feature":"","_kad_post_feature_position":"","_kad_post_header":false,"_kad_post_footer":false,"_kad_post_classname":""},"product_brand":[],"product_cat":[1559,16],"product_tag":[41,748,1145],"class_list":{"0":"post-5506","1":"product","2":"type-product","3":"status-publish","4":"has-post-thumbnail","6":"product_cat-kasilaitteet","7":"product_cat-yleinen","8":"product_tag-garmin","9":"product_tag-gpsmap","10":"product_tag-gpsmap-65s","12":"first","13":"onbackorder","14":"taxable","15":"shipping-taxable","16":"purchasable","17":"product-type-simple","18":"entry","19":"content-bg","20":"loop-entry"},"_links":{"self":[{"href":"https:\/\/kivenalla.fi\/en\/wp-json\/wp\/v2\/product\/5506","targetHints":{"allow":["GET"]}}],"collection":[{"href":"https:\/\/kivenalla.fi\/en\/wp-json\/wp\/v2\/product"}],"about":[{"href":"https:\/\/kivenalla.fi\/en\/wp-json\/wp\/v2\/types\/product"}],"replies":[{"embeddable":true,"href":"https:\/\/kivenalla.fi\/en\/wp-json\/wp\/v2\/comments?post=5506"}],"wp:featuredmedia":[{"embeddable":true,"href":"https:\/\/kivenalla.fi\/en\/wp-json\/wp\/v2\/media\/5505"}],"wp:attachment":[{"href":"https:\/\/kivenalla.fi\/en\/wp-json\/wp\/v2\/media?parent=5506"}],"wp:term":[{"taxonomy":"product_brand","embeddable":true,"href":"https:\/\/kivenalla.fi\/en\/wp-json\/wp\/v2\/product_brand?post=5506"},{"taxonomy":"product_cat","embeddable":true,"href":"https:\/\/kivenalla.fi\/en\/wp-json\/wp\/v2\/product_cat?post=5506"},{"taxonomy":"product_tag","embeddable":true,"href":"https:\/\/kivenalla.fi\/en\/wp-json\/wp\/v2\/product_tag?post=5506"}],"curies":[{"name":"wp","href":"https:\/\/api.w.org\/{rel}","templated":true}]}}